{"id":987,"date":"2019-07-19T15:40:36","date_gmt":"2019-07-19T15:40:36","guid":{"rendered":"http:\/\/ursa.marketing\/?page_id=987"},"modified":"2026-04-02T17:56:46","modified_gmt":"2026-04-02T17:56:46","slug":"a-propos","status":"publish","type":"page","link":"https:\/\/ursa.marketing\/fr\/a-propos\/","title":{"rendered":"\u00c0 propos d&rsquo;Ursa Marketing"},"content":{"rendered":"<hr \/>\n<h2>\u00catre le point de rep\u00e8re pour votre marketing num\u00e9rique<\/h2>\n<p>Ursa Marketing vous permet d&rsquo;acc\u00e9l\u00e9rer votre croissance d\u2019entreprise en augmentant vos ventes en ligne et en exploitant au maximum les technologies de l\u2019information. Nous travaillons avec vous \u00e0 \u00e9laborer la meilleure strat\u00e9gie de marketing num\u00e9rique. Nous sommes l\u2019extension de votre \u00e9quipe marketing et nous vous donnons acc\u00e8s aux meilleures pratiques et \u00e0 des experts de l\u2019industrie.<\/p>\n<p>Nos strat\u00e9gies de marketing num\u00e9rique \u00e9prouv\u00e9es vous permettront d\u2019atteindre rapidement vos objectifs de croissance.<\/p>\n<p>Notre objectif : \u00eatre le point de rep\u00e8re pour votre marketing num\u00e9rique.<\/p>\n<p>&nbsp;<\/p>\n","protected":false},"excerpt":{"rendered":"<p>\u00catre le point de rep\u00e8re pour votre marketing num\u00e9rique Ursa Marketing vous permet d&rsquo;acc\u00e9l\u00e9rer votre croissance d\u2019entreprise en augmentant vos &hellip;<\/p>\n","protected":false},"author":6,"featured_media":0,"parent":0,"menu_order":0,"comment_status":"closed","ping_status":"closed","template":"template-about.php","meta":{"_acf_changed":false,"footnotes":""},"class_list":["post-987","page","type-page","status-publish","hentry"],"acf":[],"yoast_head":"<!-- This site is optimized with the Yoast SEO plugin v25.9 - https:\/\/yoast.com\/wordpress\/plugins\/seo\/ -->\n<title>Agence de marketing num\u00e9rique | Qui sommes nous | \u00c0 propos<\/title>\n<meta name=\"description\" content=\"Ursa Marketing vous accompagne dans cet univers incontournable du marketing num\u00e9rique. Notre objectif : \u00eatre le point de rep\u00e8re pour votre marketing num\u00e9rique.\" \/>\n<meta name=\"robots\" content=\"index, follow, max-snippet:-1, max-image-preview:large, max-video-preview:-1\" \/>\n<link rel=\"canonical\" href=\"https:\/\/ursa.marketing\/fr\/a-propos\/\" \/>\n<meta property=\"og:locale\" content=\"fr_FR\" \/>\n<meta property=\"og:type\" content=\"article\" \/>\n<meta property=\"og:title\" content=\"Agence de marketing num\u00e9rique | Qui sommes nous | \u00c0 propos\" \/>\n<meta property=\"og:description\" content=\"Ursa Marketing vous accompagne dans cet univers incontournable du marketing num\u00e9rique. Notre objectif : \u00eatre le point de rep\u00e8re pour votre marketing num\u00e9rique.\" \/>\n<meta property=\"og:url\" content=\"https:\/\/ursa.marketing\/fr\/a-propos\/\" \/>\n<meta property=\"og:site_name\" content=\"Ursa Marketing\" \/>\n<meta property=\"article:publisher\" content=\"https:\/\/www.facebook.com\/UrsaNumerique\/\" \/>\n<meta property=\"article:modified_time\" content=\"2026-04-02T17:56:46+00:00\" \/>\n<meta property=\"og:image\" content=\"https:\/\/ursa.marketing\/app\/uploads\/2018\/08\/URSA_fb_img.jpg\" \/>\n\t<meta property=\"og:image:width\" content=\"1200\" \/>\n\t<meta property=\"og:image:height\" content=\"627\" \/>\n\t<meta property=\"og:image:type\" content=\"image\/jpeg\" \/>\n<meta name=\"twitter:card\" content=\"summary_large_image\" \/>\n<meta name=\"twitter:label1\" content=\"Dur\u00e9e de lecture estim\u00e9e\" \/>\n\t<meta name=\"twitter:data1\" content=\"1 minute\" \/>\n<script type=\"application\/ld+json\" class=\"yoast-schema-graph\">{\"@context\":\"https:\/\/schema.org\",\"@graph\":[{\"@type\":\"WebPage\",\"@id\":\"https:\/\/ursa.marketing\/fr\/a-propos\/\",\"url\":\"https:\/\/ursa.marketing\/fr\/a-propos\/\",\"name\":\"Agence de marketing num\u00e9rique | Qui sommes nous | \u00c0 propos\",\"isPartOf\":{\"@id\":\"https:\/\/ursa.marketing\/fr\/#website\"},\"datePublished\":\"2019-07-19T15:40:36+00:00\",\"dateModified\":\"2026-04-02T17:56:46+00:00\",\"description\":\"Ursa Marketing vous accompagne dans cet univers incontournable du marketing num\u00e9rique. Notre objectif : \u00eatre le point de rep\u00e8re pour votre marketing num\u00e9rique.\",\"breadcrumb\":{\"@id\":\"https:\/\/ursa.marketing\/fr\/a-propos\/#breadcrumb\"},\"inLanguage\":\"fr-FR\",\"potentialAction\":[{\"@type\":\"ReadAction\",\"target\":[\"https:\/\/ursa.marketing\/fr\/a-propos\/\"]}]},{\"@type\":\"BreadcrumbList\",\"@id\":\"https:\/\/ursa.marketing\/fr\/a-propos\/#breadcrumb\",\"itemListElement\":[{\"@type\":\"ListItem\",\"position\":1,\"name\":\"Home\",\"item\":\"https:\/\/ursa.marketing\/fr\/\"},{\"@type\":\"ListItem\",\"position\":2,\"name\":\"\u00c0 propos d&rsquo;Ursa Marketing\"}]},{\"@type\":\"WebSite\",\"@id\":\"https:\/\/ursa.marketing\/fr\/#website\",\"url\":\"https:\/\/ursa.marketing\/fr\/\",\"name\":\"Ursa Marketing\",\"description\":\"Votre Guide vers la r\u00e9ussite num\u00e9rique\",\"publisher\":{\"@id\":\"https:\/\/ursa.marketing\/fr\/#organization\"},\"potentialAction\":[{\"@type\":\"SearchAction\",\"target\":{\"@type\":\"EntryPoint\",\"urlTemplate\":\"https:\/\/ursa.marketing\/fr\/?s={search_term_string}\"},\"query-input\":{\"@type\":\"PropertyValueSpecification\",\"valueRequired\":true,\"valueName\":\"search_term_string\"}}],\"inLanguage\":\"fr-FR\"},{\"@type\":\"Organization\",\"@id\":\"https:\/\/ursa.marketing\/fr\/#organization\",\"name\":\"Ursa Marketing\",\"url\":\"https:\/\/ursa.marketing\/fr\/\",\"logo\":{\"@type\":\"ImageObject\",\"inLanguage\":\"fr-FR\",\"@id\":\"https:\/\/ursa.marketing\/fr\/#\/schema\/logo\/image\/\",\"url\":\"https:\/\/ursa.marketing\/app\/uploads\/2018\/08\/URSA_fb_img.jpg\",\"contentUrl\":\"https:\/\/ursa.marketing\/app\/uploads\/2018\/08\/URSA_fb_img.jpg\",\"width\":1200,\"height\":627,\"caption\":\"Ursa Marketing\"},\"image\":{\"@id\":\"https:\/\/ursa.marketing\/fr\/#\/schema\/logo\/image\/\"},\"sameAs\":[\"https:\/\/www.facebook.com\/UrsaNumerique\/\",\"https:\/\/www.linkedin.com\/company\/ursa-marketing\/\"]}]}<\/script>\n<!-- \/ Yoast SEO plugin. -->","yoast_head_json":{"title":"Agence de marketing num\u00e9rique | Qui sommes nous | \u00c0 propos","description":"Ursa Marketing vous accompagne dans cet univers incontournable du marketing num\u00e9rique. Notre objectif : \u00eatre le point de rep\u00e8re pour votre marketing num\u00e9rique.","robots":{"index":"index","follow":"follow","max-snippet":"max-snippet:-1","max-image-preview":"max-image-preview:large","max-video-preview":"max-video-preview:-1"},"canonical":"https:\/\/ursa.marketing\/fr\/a-propos\/","og_locale":"fr_FR","og_type":"article","og_title":"Agence de marketing num\u00e9rique | Qui sommes nous | \u00c0 propos","og_description":"Ursa Marketing vous accompagne dans cet univers incontournable du marketing num\u00e9rique. Notre objectif : \u00eatre le point de rep\u00e8re pour votre marketing num\u00e9rique.","og_url":"https:\/\/ursa.marketing\/fr\/a-propos\/","og_site_name":"Ursa Marketing","article_publisher":"https:\/\/www.facebook.com\/UrsaNumerique\/","article_modified_time":"2026-04-02T17:56:46+00:00","og_image":[{"width":1200,"height":627,"url":"https:\/\/ursa.marketing\/app\/uploads\/2018\/08\/URSA_fb_img.jpg","type":"image\/jpeg"}],"twitter_card":"summary_large_image","twitter_misc":{"Dur\u00e9e de lecture estim\u00e9e":"1 minute"},"schema":{"@context":"https:\/\/schema.org","@graph":[{"@type":"WebPage","@id":"https:\/\/ursa.marketing\/fr\/a-propos\/","url":"https:\/\/ursa.marketing\/fr\/a-propos\/","name":"Agence de marketing num\u00e9rique | Qui sommes nous | \u00c0 propos","isPartOf":{"@id":"https:\/\/ursa.marketing\/fr\/#website"},"datePublished":"2019-07-19T15:40:36+00:00","dateModified":"2026-04-02T17:56:46+00:00","description":"Ursa Marketing vous accompagne dans cet univers incontournable du marketing num\u00e9rique. Notre objectif : \u00eatre le point de rep\u00e8re pour votre marketing num\u00e9rique.","breadcrumb":{"@id":"https:\/\/ursa.marketing\/fr\/a-propos\/#breadcrumb"},"inLanguage":"fr-FR","potentialAction":[{"@type":"ReadAction","target":["https:\/\/ursa.marketing\/fr\/a-propos\/"]}]},{"@type":"BreadcrumbList","@id":"https:\/\/ursa.marketing\/fr\/a-propos\/#breadcrumb","itemListElement":[{"@type":"ListItem","position":1,"name":"Home","item":"https:\/\/ursa.marketing\/fr\/"},{"@type":"ListItem","position":2,"name":"\u00c0 propos d&rsquo;Ursa Marketing"}]},{"@type":"WebSite","@id":"https:\/\/ursa.marketing\/fr\/#website","url":"https:\/\/ursa.marketing\/fr\/","name":"Ursa Marketing","description":"Votre Guide vers la r\u00e9ussite num\u00e9rique","publisher":{"@id":"https:\/\/ursa.marketing\/fr\/#organization"},"potentialAction":[{"@type":"SearchAction","target":{"@type":"EntryPoint","urlTemplate":"https:\/\/ursa.marketing\/fr\/?s={search_term_string}"},"query-input":{"@type":"PropertyValueSpecification","valueRequired":true,"valueName":"search_term_string"}}],"inLanguage":"fr-FR"},{"@type":"Organization","@id":"https:\/\/ursa.marketing\/fr\/#organization","name":"Ursa Marketing","url":"https:\/\/ursa.marketing\/fr\/","logo":{"@type":"ImageObject","inLanguage":"fr-FR","@id":"https:\/\/ursa.marketing\/fr\/#\/schema\/logo\/image\/","url":"https:\/\/ursa.marketing\/app\/uploads\/2018\/08\/URSA_fb_img.jpg","contentUrl":"https:\/\/ursa.marketing\/app\/uploads\/2018\/08\/URSA_fb_img.jpg","width":1200,"height":627,"caption":"Ursa Marketing"},"image":{"@id":"https:\/\/ursa.marketing\/fr\/#\/schema\/logo\/image\/"},"sameAs":["https:\/\/www.facebook.com\/UrsaNumerique\/","https:\/\/www.linkedin.com\/company\/ursa-marketing\/"]}]}},"_links":{"self":[{"href":"https:\/\/ursa.marketing\/fr\/wp-json\/wp\/v2\/pages\/987","targetHints":{"allow":["GET"]}}],"collection":[{"href":"https:\/\/ursa.marketing\/fr\/wp-json\/wp\/v2\/pages"}],"about":[{"href":"https:\/\/ursa.marketing\/fr\/wp-json\/wp\/v2\/types\/page"}],"author":[{"embeddable":true,"href":"https:\/\/ursa.marketing\/fr\/wp-json\/wp\/v2\/users\/6"}],"replies":[{"embeddable":true,"href":"https:\/\/ursa.marketing\/fr\/wp-json\/wp\/v2\/comments?post=987"}],"version-history":[{"count":106,"href":"https:\/\/ursa.marketing\/fr\/wp-json\/wp\/v2\/pages\/987\/revisions"}],"predecessor-version":[{"id":3678,"href":"https:\/\/ursa.marketing\/fr\/wp-json\/wp\/v2\/pages\/987\/revisions\/3678"}],"wp:attachment":[{"href":"https:\/\/ursa.marketing\/fr\/wp-json\/wp\/v2\/media?parent=987"}],"curies":[{"name":"wp","href":"https:\/\/api.w.org\/{rel}","templated":true}]}}