{"id":98,"date":"2017-10-27T19:52:11","date_gmt":"2017-10-27T19:52:11","guid":{"rendered":"http:\/\/epic.domingue.ca\/?page_id=98"},"modified":"2022-02-11T20:54:34","modified_gmt":"2022-02-11T20:54:34","slug":"generer-des-ventes-et-des-prospects","status":"publish","type":"page","link":"https:\/\/ursa.marketing\/fr\/strategie-numerique\/generer-des-ventes-et-des-prospects\/","title":{"rendered":"G\u00e9n\u00e9rer des prospects et des ventes"},"content":{"rendered":"<h2>Identification du prospect<\/h2>\n<p>L&rsquo;identification du prospect ouvre la porte \u00e0 plusieurs strat\u00e9gies de marketing num\u00e9rique. Mais d&rsquo;abord faut il pouvoir y parvenir car identifier le prospect n&rsquo;est pas toujours chose facile.\u00a0 Toutefois, il existe de nombreuses fa\u00e7ons d&rsquo;y arriver. La plus simple est de saisir ses informations \u00e0 travers un formulaire de contact ou d&rsquo;abonnement \u00e0 une infolettre. Une session de clavardage peut aussi \u00eatre un excellent moment pour identifier votre prospect.<\/p>\n<p>Peu importe la fa\u00e7on que vous choisirez, elle doit demeurer simple et rapide.\u00a0 De plus, elle doit s&rsquo;inscrire dans une approche globale o\u00f9 il semble tout \u00e0 fait naturel de fournir cette information.<br \/>\n<br \/><\/p>\n<hr \/>\n<br \/>\n<h2>Gestionnaire de relation client<\/h2>\n<p>Pour assurer le suivi de la relation \u00e9tablie avec le prospect, son identit\u00e9 devrait \u00eatre consign\u00e9e par un gestionnaire de relation client (CRM).\u00a0 Ainsi, lorsque ce prospect visite de nouveau votre site web, vous \u00eates en position de lui fournir une exp\u00e9rience personnalis\u00e9e, misant sur ses visites ant\u00e9rieures. C&rsquo;est ce qu&rsquo;on appelle du marketing relationnel.\u00a0 Celui-ci peut \u00eatre automatis\u00e9 et cibl\u00e9 afin d&rsquo;offrir une exp\u00e9rience client contribuant ainsi \u00e0 augmenter votre taux de conversion.<\/p>\n<p>Dans un contexte de vente aux entreprises (B2B), la mise en place d\u2019un gestionnaire de relation client (CRM) vous permet de mieux suivre les actions et les habitudes de consommation de vos prospects et de vos clients. Vous pouvez ainsi mieux comprendre leurs processus d\u00e9cisionnel.\u00a0 Par exemple, vous pouvez r\u00e9agir lorsque votre prospect revient sur votre site web apr\u00e8s une longue absence.<\/p>\n<p>Si votre entreprise s\u2019adresse directement aux consommateurs (B2C), des messages et des recommandations personnalis\u00e9s adress\u00e9s \u00e0 vos prospects et \u00e0 vos clients feront toute la diff\u00e9rence. Il existe plusieurs plateformes de marketing num\u00e9rique automatis\u00e9es pouvant \u00eatre configur\u00e9es selon vos besoins. La confiance est \u00e0 la base de toutes vos ventes et elle se construit en \u00e9tablissant une bonne relation avec votre client\u00e8le.<\/p>\n<p>Notre \u00e9quipe peut vous aider \u00e0 mettre en place une solution de <a href=\"https:\/\/ursa.marketing\/fr\/tactique\/\">marketing num\u00e9rique<\/a> personnalis\u00e9e pour votre entreprise.<\/p>\n","protected":false},"excerpt":{"rendered":"<p>Identification du prospect L&rsquo;identification du prospect ouvre la porte \u00e0 plusieurs strat\u00e9gies de marketing num\u00e9rique. Mais d&rsquo;abord faut il pouvoir &hellip;<\/p>\n","protected":false},"author":1,"featured_media":0,"parent":36,"menu_order":0,"comment_status":"closed","ping_status":"closed","template":"template-service-first.php","meta":{"_acf_changed":false,"footnotes":""},"class_list":["post-98","page","type-page","status-publish","hentry"],"acf":[],"yoast_head":"<!-- This site is optimized with the Yoast SEO plugin v25.9 - https:\/\/yoast.com\/wordpress\/plugins\/seo\/ -->\n<title>G\u00e9n\u00e9rer des prospects et des ventes | Ursa Marketing<\/title>\n<meta name=\"description\" content=\"Comment cr\u00e9er ce climat de confiance, cette relation et ce lien qui conduisent \u00e0 la vente? Notre approche \u00e9prouv\u00e9e s&#039;applique autant au contexte B2B qu&#039;au B2C.\" \/>\n<meta name=\"robots\" content=\"index, follow, max-snippet:-1, max-image-preview:large, max-video-preview:-1\" \/>\n<link rel=\"canonical\" href=\"https:\/\/ursa.marketing\/fr\/strategie-numerique\/generer-des-ventes-et-des-prospects\/\" \/>\n<meta property=\"og:locale\" content=\"fr_FR\" \/>\n<meta property=\"og:type\" content=\"article\" \/>\n<meta property=\"og:title\" content=\"G\u00e9n\u00e9rer des prospects et des ventes | Ursa Marketing\" \/>\n<meta property=\"og:description\" content=\"Comment cr\u00e9er ce climat de confiance, cette relation et ce lien qui conduisent \u00e0 la vente? Notre approche \u00e9prouv\u00e9e s&#039;applique autant au contexte B2B qu&#039;au B2C.\" \/>\n<meta property=\"og:url\" content=\"https:\/\/ursa.marketing\/fr\/strategie-numerique\/generer-des-ventes-et-des-prospects\/\" \/>\n<meta property=\"og:site_name\" content=\"Ursa Marketing\" \/>\n<meta property=\"article:publisher\" content=\"https:\/\/www.facebook.com\/UrsaNumerique\/\" \/>\n<meta property=\"article:modified_time\" content=\"2022-02-11T20:54:34+00:00\" \/>\n<meta property=\"og:image\" content=\"https:\/\/ursa.marketing\/app\/uploads\/2018\/08\/URSA_fb_img.jpg\" \/>\n\t<meta property=\"og:image:width\" content=\"1200\" \/>\n\t<meta property=\"og:image:height\" content=\"627\" \/>\n\t<meta property=\"og:image:type\" content=\"image\/jpeg\" \/>\n<meta name=\"twitter:card\" content=\"summary_large_image\" \/>\n<meta name=\"twitter:label1\" content=\"Dur\u00e9e de lecture estim\u00e9e\" \/>\n\t<meta name=\"twitter:data1\" content=\"2 minutes\" \/>\n<script type=\"application\/ld+json\" class=\"yoast-schema-graph\">{\"@context\":\"https:\/\/schema.org\",\"@graph\":[{\"@type\":\"WebPage\",\"@id\":\"https:\/\/ursa.marketing\/fr\/strategie-numerique\/generer-des-ventes-et-des-prospects\/\",\"url\":\"https:\/\/ursa.marketing\/fr\/strategie-numerique\/generer-des-ventes-et-des-prospects\/\",\"name\":\"G\u00e9n\u00e9rer des prospects et des ventes | Ursa Marketing\",\"isPartOf\":{\"@id\":\"https:\/\/ursa.marketing\/fr\/#website\"},\"datePublished\":\"2017-10-27T19:52:11+00:00\",\"dateModified\":\"2022-02-11T20:54:34+00:00\",\"description\":\"Comment cr\u00e9er ce climat de confiance, cette relation et ce lien qui conduisent \u00e0 la vente? Notre approche \u00e9prouv\u00e9e s'applique autant au contexte B2B qu'au B2C.\",\"breadcrumb\":{\"@id\":\"https:\/\/ursa.marketing\/fr\/strategie-numerique\/generer-des-ventes-et-des-prospects\/#breadcrumb\"},\"inLanguage\":\"fr-FR\",\"potentialAction\":[{\"@type\":\"ReadAction\",\"target\":[\"https:\/\/ursa.marketing\/fr\/strategie-numerique\/generer-des-ventes-et-des-prospects\/\"]}]},{\"@type\":\"BreadcrumbList\",\"@id\":\"https:\/\/ursa.marketing\/fr\/strategie-numerique\/generer-des-ventes-et-des-prospects\/#breadcrumb\",\"itemListElement\":[{\"@type\":\"ListItem\",\"position\":1,\"name\":\"Home\",\"item\":\"https:\/\/ursa.marketing\/fr\/\"},{\"@type\":\"ListItem\",\"position\":2,\"name\":\"Strat\u00e9gie marketing num\u00e9rique\",\"item\":\"https:\/\/ursa.marketing\/fr\/strategie-numerique\/\"},{\"@type\":\"ListItem\",\"position\":3,\"name\":\"G\u00e9n\u00e9rer des prospects et des ventes\"}]},{\"@type\":\"WebSite\",\"@id\":\"https:\/\/ursa.marketing\/fr\/#website\",\"url\":\"https:\/\/ursa.marketing\/fr\/\",\"name\":\"Ursa Marketing\",\"description\":\"Votre Guide vers la r\u00e9ussite num\u00e9rique\",\"publisher\":{\"@id\":\"https:\/\/ursa.marketing\/fr\/#organization\"},\"potentialAction\":[{\"@type\":\"SearchAction\",\"target\":{\"@type\":\"EntryPoint\",\"urlTemplate\":\"https:\/\/ursa.marketing\/fr\/?s={search_term_string}\"},\"query-input\":{\"@type\":\"PropertyValueSpecification\",\"valueRequired\":true,\"valueName\":\"search_term_string\"}}],\"inLanguage\":\"fr-FR\"},{\"@type\":\"Organization\",\"@id\":\"https:\/\/ursa.marketing\/fr\/#organization\",\"name\":\"Ursa Marketing\",\"url\":\"https:\/\/ursa.marketing\/fr\/\",\"logo\":{\"@type\":\"ImageObject\",\"inLanguage\":\"fr-FR\",\"@id\":\"https:\/\/ursa.marketing\/fr\/#\/schema\/logo\/image\/\",\"url\":\"https:\/\/ursa.marketing\/app\/uploads\/2018\/08\/URSA_fb_img.jpg\",\"contentUrl\":\"https:\/\/ursa.marketing\/app\/uploads\/2018\/08\/URSA_fb_img.jpg\",\"width\":1200,\"height\":627,\"caption\":\"Ursa Marketing\"},\"image\":{\"@id\":\"https:\/\/ursa.marketing\/fr\/#\/schema\/logo\/image\/\"},\"sameAs\":[\"https:\/\/www.facebook.com\/UrsaNumerique\/\",\"https:\/\/www.linkedin.com\/company\/ursa-marketing\/\"]}]}<\/script>\n<!-- \/ Yoast SEO plugin. -->","yoast_head_json":{"title":"G\u00e9n\u00e9rer des prospects et des ventes | Ursa Marketing","description":"Comment cr\u00e9er ce climat de confiance, cette relation et ce lien qui conduisent \u00e0 la vente? Notre approche \u00e9prouv\u00e9e s'applique autant au contexte B2B qu'au B2C.","robots":{"index":"index","follow":"follow","max-snippet":"max-snippet:-1","max-image-preview":"max-image-preview:large","max-video-preview":"max-video-preview:-1"},"canonical":"https:\/\/ursa.marketing\/fr\/strategie-numerique\/generer-des-ventes-et-des-prospects\/","og_locale":"fr_FR","og_type":"article","og_title":"G\u00e9n\u00e9rer des prospects et des ventes | Ursa Marketing","og_description":"Comment cr\u00e9er ce climat de confiance, cette relation et ce lien qui conduisent \u00e0 la vente? Notre approche \u00e9prouv\u00e9e s'applique autant au contexte B2B qu'au B2C.","og_url":"https:\/\/ursa.marketing\/fr\/strategie-numerique\/generer-des-ventes-et-des-prospects\/","og_site_name":"Ursa Marketing","article_publisher":"https:\/\/www.facebook.com\/UrsaNumerique\/","article_modified_time":"2022-02-11T20:54:34+00:00","og_image":[{"width":1200,"height":627,"url":"https:\/\/ursa.marketing\/app\/uploads\/2018\/08\/URSA_fb_img.jpg","type":"image\/jpeg"}],"twitter_card":"summary_large_image","twitter_misc":{"Dur\u00e9e de lecture estim\u00e9e":"2 minutes"},"schema":{"@context":"https:\/\/schema.org","@graph":[{"@type":"WebPage","@id":"https:\/\/ursa.marketing\/fr\/strategie-numerique\/generer-des-ventes-et-des-prospects\/","url":"https:\/\/ursa.marketing\/fr\/strategie-numerique\/generer-des-ventes-et-des-prospects\/","name":"G\u00e9n\u00e9rer des prospects et des ventes | Ursa Marketing","isPartOf":{"@id":"https:\/\/ursa.marketing\/fr\/#website"},"datePublished":"2017-10-27T19:52:11+00:00","dateModified":"2022-02-11T20:54:34+00:00","description":"Comment cr\u00e9er ce climat de confiance, cette relation et ce lien qui conduisent \u00e0 la vente? Notre approche \u00e9prouv\u00e9e s'applique autant au contexte B2B qu'au B2C.","breadcrumb":{"@id":"https:\/\/ursa.marketing\/fr\/strategie-numerique\/generer-des-ventes-et-des-prospects\/#breadcrumb"},"inLanguage":"fr-FR","potentialAction":[{"@type":"ReadAction","target":["https:\/\/ursa.marketing\/fr\/strategie-numerique\/generer-des-ventes-et-des-prospects\/"]}]},{"@type":"BreadcrumbList","@id":"https:\/\/ursa.marketing\/fr\/strategie-numerique\/generer-des-ventes-et-des-prospects\/#breadcrumb","itemListElement":[{"@type":"ListItem","position":1,"name":"Home","item":"https:\/\/ursa.marketing\/fr\/"},{"@type":"ListItem","position":2,"name":"Strat\u00e9gie marketing num\u00e9rique","item":"https:\/\/ursa.marketing\/fr\/strategie-numerique\/"},{"@type":"ListItem","position":3,"name":"G\u00e9n\u00e9rer des prospects et des ventes"}]},{"@type":"WebSite","@id":"https:\/\/ursa.marketing\/fr\/#website","url":"https:\/\/ursa.marketing\/fr\/","name":"Ursa Marketing","description":"Votre Guide vers la r\u00e9ussite num\u00e9rique","publisher":{"@id":"https:\/\/ursa.marketing\/fr\/#organization"},"potentialAction":[{"@type":"SearchAction","target":{"@type":"EntryPoint","urlTemplate":"https:\/\/ursa.marketing\/fr\/?s={search_term_string}"},"query-input":{"@type":"PropertyValueSpecification","valueRequired":true,"valueName":"search_term_string"}}],"inLanguage":"fr-FR"},{"@type":"Organization","@id":"https:\/\/ursa.marketing\/fr\/#organization","name":"Ursa Marketing","url":"https:\/\/ursa.marketing\/fr\/","logo":{"@type":"ImageObject","inLanguage":"fr-FR","@id":"https:\/\/ursa.marketing\/fr\/#\/schema\/logo\/image\/","url":"https:\/\/ursa.marketing\/app\/uploads\/2018\/08\/URSA_fb_img.jpg","contentUrl":"https:\/\/ursa.marketing\/app\/uploads\/2018\/08\/URSA_fb_img.jpg","width":1200,"height":627,"caption":"Ursa Marketing"},"image":{"@id":"https:\/\/ursa.marketing\/fr\/#\/schema\/logo\/image\/"},"sameAs":["https:\/\/www.facebook.com\/UrsaNumerique\/","https:\/\/www.linkedin.com\/company\/ursa-marketing\/"]}]}},"_links":{"self":[{"href":"https:\/\/ursa.marketing\/fr\/wp-json\/wp\/v2\/pages\/98","targetHints":{"allow":["GET"]}}],"collection":[{"href":"https:\/\/ursa.marketing\/fr\/wp-json\/wp\/v2\/pages"}],"about":[{"href":"https:\/\/ursa.marketing\/fr\/wp-json\/wp\/v2\/types\/page"}],"author":[{"embeddable":true,"href":"https:\/\/ursa.marketing\/fr\/wp-json\/wp\/v2\/users\/1"}],"replies":[{"embeddable":true,"href":"https:\/\/ursa.marketing\/fr\/wp-json\/wp\/v2\/comments?post=98"}],"version-history":[{"count":27,"href":"https:\/\/ursa.marketing\/fr\/wp-json\/wp\/v2\/pages\/98\/revisions"}],"predecessor-version":[{"id":599,"href":"https:\/\/ursa.marketing\/fr\/wp-json\/wp\/v2\/pages\/98\/revisions\/599"}],"up":[{"embeddable":true,"href":"https:\/\/ursa.marketing\/fr\/wp-json\/wp\/v2\/pages\/36"}],"wp:attachment":[{"href":"https:\/\/ursa.marketing\/fr\/wp-json\/wp\/v2\/media?parent=98"}],"curies":[{"name":"wp","href":"https:\/\/api.w.org\/{rel}","templated":true}]}}