{"id":941,"date":"2019-03-19T17:21:09","date_gmt":"2019-03-19T17:21:09","guid":{"rendered":"https:\/\/ursa.marketing\/?page_id=941"},"modified":"2024-07-30T18:01:18","modified_gmt":"2024-07-30T18:01:18","slug":"politique-confidentialite","status":"publish","type":"page","link":"https:\/\/ursa.marketing\/fr\/politique-confidentialite\/","title":{"rendered":"Politique de confidentialit\u00e9 et cookies"},"content":{"rendered":"<p>Merci de parcourir le site web d&rsquo;Ursa Marketing et de vous familiariser avec notre politique de confidentialit\u00e9 (ci-apr\u00e8s d\u00e9nomm\u00e9e la \u00ab\u00a0Politique\u00a0\u00bb).<\/p>\n<p>En explorant notre site web ou en utilisant nos plateformes ou services, vous attestez avoir pris connaissance et compris cette Politique, et vous acceptez que vos informations et donn\u00e9es personnelles soient g\u00e9r\u00e9es conform\u00e9ment \u00e0 celle-ci, si applicable.<\/p>\n<p>Notre Politique de confidentialit\u00e9 comprend les points suivants :<\/p>\n<ul>\n<li>Objectif de la Politique de confidentialit\u00e9<\/li>\n<li>M\u00e9thodes d&rsquo;obtention du consentement<\/li>\n<li>Informations personnelles collect\u00e9es<\/li>\n<li>Finalit\u00e9s du traitement des donn\u00e9es<br \/>\nObjectifs de la collecte des donn\u00e9es<\/li>\n<li>Proc\u00e9d\u00e9s de traitement utilis\u00e9s<\/li>\n<li>Modalit\u00e9s pour l&rsquo;acc\u00e8s et la gestion de vos informations personnelles<\/li>\n<li>Partage et motifs du partage des informations personnelles avec des tiers<\/li>\n<li>Conservation et des informations personnelles<\/li>\n<li>Fichiers t\u00e9moins et technologies de profilage<\/li>\n<li>Entr\u00e9e en vigueur<\/li>\n<li>Autres informations<\/li>\n<\/ul>\n<h2>Objectif de la Politique de confidentialit\u00e9<\/h2>\n<p>Cette Politique de confidentialit\u00e9 vise \u00e0 informer nos utilisateurs sur la mani\u00e8re dont nous collectons, utilisons et prot\u00e9geons leurs informations personnelles.<\/p>\n<p>Pour garantir cette protection, Ursa Marketing s&rsquo;assure de demander l\u2019accord d\u2019une personne avant de recueillir, traiter et divulguer des informations permettant de l\u2019identifier.<\/p>\n<p>Les motifs et les m\u00e9thodes par lesquelles Ursa Marketing, ou quiconque agissant en son nom, va g\u00e9rer leurs donn\u00e9es personnelles sont expliqu\u00e9s dans cette Politique. Elle est r\u00e9dig\u00e9e en termes simples pour garantir une compr\u00e9hension compl\u00e8te et un consentement inform\u00e9 de la part des utilisateurs.<\/p>\n<h2>M\u00e9thodes d&rsquo;obtention du consentement<\/h2>\n<p>Nous nous assurons d&rsquo;obtenir le consentement avant de collecter les informations personnelles de quiconque. Ce consentement peut \u00eatre explicite ou implicite et peut \u00eatre donn\u00e9 soit par l&rsquo;individu lui-m\u00eame, soit par un repr\u00e9sentant autoris\u00e9.<\/p>\n<p>Nous demandons un consentement explicite, que ce soit oralement, \u00e9lectroniquement ou par \u00e9crit. Cependant, le consentement implicite peut \u00eatre d\u00e9duit des actions ou non-actions d&rsquo;un individu. Par exemple, fournir un nom et un num\u00e9ro de t\u00e9l\u00e9phone pour obtenir une r\u00e9ponse est per\u00e7u comme un consentement implicite \u00e0 la collecte de ces informations. Lors de la d\u00e9termination du type de consentement n\u00e9cessaire, nous \u00e9valuons la nature des informations personnelles, l&rsquo;objectif de leur collecte et les attentes d&rsquo;une personne dans une situation similaire.<\/p>\n<p>Si nous envisageons d&rsquo;utiliser les informations personnelles pour une autre raison, nous pr\u00e9ciserons cette nouvelle finalit\u00e9 et le consentement sera sollicit\u00e9 \u00e0 nouveau.<\/p>\n<p>Dans certaines situations, notamment lors d&rsquo;une demande gouvernementale, il peut ne pas \u00eatre possible d&rsquo;obtenir le consentement de l&rsquo;individu pour traiter ses informations personnelles. Nous nous engageons \u00e0 ne jamais partager ces informations en dehors des termes de cette Politique, sauf si la loi nous y contraint ou l&rsquo;autorise.<br \/>\nInformations personnelles collect\u00e9es<br \/>\nUrsa Marketing peut collecter des informations personnelles de diverses mani\u00e8res, mais toujours dans le respect de la l\u00e9galit\u00e9 et uniquement pour les finalit\u00e9s clairement \u00e9nonc\u00e9es, comme stipul\u00e9 dans cette Politique, ou lorsque la loi le permet ou l&rsquo;exige.<\/p>\n<p>Les informations personnelles que nous recueillons, ainsi que leur niveau de sensibilit\u00e9, peuvent diff\u00e9rer selon la nature de vos interactions avec Ursa Marketing. Il est donc essentiel pour nous de vous clarifier quelles informations nous utilisons.<\/p>\n<p>Nous veillons \u00e0 la protection de toutes les informations personnelles collect\u00e9es. Nous portons une attention sp\u00e9ciale \u00e0 des donn\u00e9es telles que :<\/p>\n<ul>\n<li><strong>Nom et coordonn\u00e9es<\/strong> : Nom, pr\u00e9nom, courriel, adresse postale, num\u00e9ro de t\u00e9l\u00e9phone et autres informations similaires pour communiquer avec vous.<\/li>\n<li><strong>Justificatifs d&rsquo;identit\u00e9<\/strong> : Mots de passe, questions\/r\u00e9ponses secr\u00e8tes et autres informations similaires pour s\u00e9curiser l&rsquo;acc\u00e8s \u00e0 votre compte.<\/li>\n<li><strong>Donn\u00e9es d\u00e9mographiques<\/strong> : Informations telles que votre \u00e2ge, sexe, pays et langue pr\u00e9f\u00e9r\u00e9e.<\/li>\n<li><strong>Abonnements<\/strong> : Informations concernant vos abonnements \u00e0 nos communications.<\/li>\n<li><strong>Navigation<\/strong>: Donn\u00e9es li\u00e9es \u00e0 votre usage de nos sites web et outils. Cela inclut les donn\u00e9es que vous fournissez ou qui sont g\u00e9n\u00e9r\u00e9es par vos interactions et l\u2019historique de vos communications avec notre \u00e9quipe.<\/li>\n<li><strong>Support<\/strong> : Informations fournies lors de demandes d&rsquo;assistance.<\/li>\n<li><strong>Pr\u00e9f\u00e9rences<\/strong> : Informations sur vos go\u00fbts et int\u00e9r\u00eats, d\u00e9duites ou directement fournies.<\/li>\n<li><strong>Saisies<\/strong> : Donn\u00e9es textuelles ou manuscrites et informations associ\u00e9es.<\/li>\n<li><strong>Autres donn\u00e9es<\/strong> : Informations suppl\u00e9mentaires recueillies lors de votre navigation.<\/li>\n<\/ul>\n<h2>Finalit\u00e9s du traitement des donn\u00e9es<\/h2>\n<p>Nous et nos partenaires utilisons des technologies qui recueillent des informations non critiques de votre dispositif pour perfectionner nos offres et pr\u00e9senter des publicit\u00e9s et contenus adapt\u00e9s \u00e0 vos pr\u00e9f\u00e9rences. Vous avez le choix d&rsquo;accepter ou de refuser certaines de ces finalit\u00e9s.<\/p>\n<ul>\n<li><strong>Essentiel et s\u00e9curit\u00e9<\/strong> : Nous avons recours \u00e0 des technologies et fichiers t\u00e9moins (\u201ccookies\u201d) qui sont essentiels pour assurer le fonctionnement optimal et la s\u00e9curit\u00e9 de nos services en ligne. Leur d\u00e9sactivation n&rsquo;est pas possible. Elles nous aident, ainsi qu&rsquo;\u00e0 nos partenaires, \u00e0 s\u00e9curiser votre connexion en enregistrant vos informations d&rsquo;identification, \u00e0 adapter votre interface (par exemple, le choix de la langue), \u00e0 r\u00e9duire l\u2019envoi de formulaires frauduleux et \u00e0 m\u00e9moriser vos pr\u00e9f\u00e9rences relatives \u00e0 l&rsquo;utilisation des technologies qui recueillent vos informations.<\/li>\n<li><strong>Analyse et optimisation de l&rsquo;exp\u00e9rience<\/strong> : Les donn\u00e9es collect\u00e9es par ces technologies jouent un r\u00f4le crucial dans l&rsquo;enrichissement constant de votre exp\u00e9rience de navigation. Elles nous aident, ainsi qu&rsquo;\u00e0 nos partenaires, \u00e0 saisir comment vous interagissez avec nos services en ligne (par exemple, votre provenance et votre parcours de navigation) et \u00e0 \u00e9valuer et analyser la fr\u00e9quentation de nos plateformes en g\u00e9n\u00e9rant des statistiques et des donn\u00e9es sur l&rsquo;affluence (comme les pages consult\u00e9es). Vous avez la possibilit\u00e9, \u00e0 tout moment, de r\u00e9voquer votre consentement \u00e0 l&rsquo;utilisation de ces technologies.<\/li>\n<li><strong>Marketing et publicit\u00e9<\/strong> : Ces donn\u00e9es collect\u00e9es nous aident, ainsi qu&rsquo;\u00e0 nos partenaires, \u00e0 m\u00e9moriser les liens sur lesquels vous cliquez et les pages que vous visitez sur nos plateformes en ligne. Cela nous permet de mieux cerner vos pr\u00e9f\u00e9rences et de vous sugg\u00e9rer des offres et services adapt\u00e9s \u00e0 vos attentes. Ils facilitent \u00e9galement la cr\u00e9ation de groupes cibles, c&rsquo;est-\u00e0-dire des ensembles d&rsquo;utilisateurs partageant des int\u00e9r\u00eats similaires, pour personnaliser nos campagnes publicitaires et en \u00e9valuer plus efficacement l&rsquo;impact. Vous avez la possibilit\u00e9, \u00e0 tout moment, de r\u00e9voquer votre consentement \u00e0 l&rsquo;utilisation de ces technologies.<\/li>\n<\/ul>\n<h2>Objectifs de la collecte des donn\u00e9es<\/h2>\n<p>Les donn\u00e9es que nous recueillons sont en accord avec les finalit\u00e9s et les objectifs \u00e9nonc\u00e9s dans notre Politique de confidentialit\u00e9.<\/p>\n<p>Voici les raisons pour lesquelles vos informations personnelles sont collect\u00e9es:<\/p>\n<ul>\n<li><strong>Pour fournir un service<\/strong> : Nous rassemblons et traitons les informations indispensables pour honorer nos engagements et respecter nos accords contractuels.<\/li>\n<li><strong>Pour optimiser et renforcer nos produits et services<\/strong> : Les informations obtenues lors de votre utilisation de nos services peuvent \u00eatre exploit\u00e9es pour \u00e9valuer et perfectionner nos offres.<\/li>\n<li><strong>Pour proposer des produits et services personnalis\u00e9s<\/strong> : La collecte et l&rsquo;\u00e9tude des informations issues de vos interactions avec nos services nous guident dans l&rsquo;\u00e9laboration de produits et services adapt\u00e9s, visant \u00e0 satisfaire pleinement vos besoins culturels et divertissants, y compris en envisageant des ajustements sp\u00e9cifiques pour les clients en ayant le besoin.<\/li>\n<li><strong>Pour garantir la confidentialit\u00e9 de nos clients<\/strong> : Les informations collect\u00e9es nous aident \u00e0 confirmer l&rsquo;identit\u00e9 et \u00e0 pr\u00e9server la confidentialit\u00e9 de ceux qui interagissent avec nous, que ce soit par t\u00e9l\u00e9phone, \u00e9lectroniquement ou autrement.<\/li>\n<li><strong>Pour r\u00e9pondre \u00e0 des exigences juridiques<\/strong> : Nous collectons des donn\u00e9es afin de nous conformer aux obligations d\u00e9coulant de l\u00e9gislations, r\u00e8glementation ou accords internationaux.<\/li>\n<\/ul>\n<h2>Proc\u00e9d\u00e9s de traitement utilis\u00e9s<\/h2>\n<p>Ursa Marketing attache une importance primordiale \u00e0 la protection de vos informations personnelles et s&rsquo;engage \u00e0 traiter ceux-ci suivant les normes et standards de l\u2019industrie, uniquement pour les objectifs pour lesquels ils ont \u00e9t\u00e9 collect\u00e9s, comme stipul\u00e9 dans cette Politique ou tout autre avis sp\u00e9cifique. Cependant, \u00e9tant donn\u00e9 les risques de s\u00e9curit\u00e9 associ\u00e9s \u00e0 la transmission sur Internet, une protection totale de ces donn\u00e9es n&rsquo;est pas garantie. Ainsi, toute information que vous nous transmettez est envoy\u00e9e \u00e0 vos propres risques.<\/p>\n<h2>Modalit\u00e9s pour l&rsquo;acc\u00e8s et la gestion de vos informations personnelles<\/h2>\n<p>Ursa Marketing veille \u00e0 ce que les informations personnelles qu&rsquo;il d\u00e9tient soient aussi pr\u00e9cises, \u00e0 jour et compl\u00e8tes que n\u00e9cessaire pour les objectifs auxquels elles sont destin\u00e9es.<\/p>\n<p>Vous avez le droit de solliciter l&rsquo;acc\u00e8s \u00e0 vos informations personnelles pour les v\u00e9rifier et de demander une rectification si elles s&rsquo;av\u00e8rent erron\u00e9es. Si vous estimez que vos donn\u00e9es sont inexactes ou si vous souhaitez consulter vos informations, vous pouvez adresser une demande en utilisant les coordonn\u00e9es mentionn\u00e9es \u00e0 la fin de cette Politique.<\/p>\n<p>Nous nous efforcerons, dans la mesure du possible, de vous donner acc\u00e8s rapidement \u00e0 vos donn\u00e9es. Cependant, pour des raisons de s\u00e9curit\u00e9, nous pourrions avoir besoin de confirmer votre identit\u00e9.<\/p>\n<p>Il se peut \u00e9galement que, dans certaines situations, nous ne puissions pas vous donner acc\u00e8s \u00e0 vos informations, par exemple si cela impliquerait de divulguer les donn\u00e9es personnelles d&rsquo;une autre personne qui n&rsquo;a pas donn\u00e9 son consentement, ou si des contraintes l\u00e9gales s&rsquo;opposent \u00e0 cette divulgation. Si tel est le cas, nous vous informerons des raisons pour lesquelles l&rsquo;acc\u00e8s vous est refus\u00e9.<\/p>\n<p>Si votre demande concerne des donn\u00e9es pr\u00e9sentes sur des sites web ou des plateformes de tiers, nous vous invitons \u00e0 contacter directement ces entit\u00e9s.<\/p>\n<h2>Partage et motifs du partage des informations personnelles avec des tiers<\/h2>\n<p>Ursa Marketing ne divulgue pas vos informations personnelles \u00e0 des entreprises, des organisations ou des individus en dehors d&rsquo;Ursa Marketing, sauf \u00e0 nos fournisseurs et partenaires agr\u00e9\u00e9s qui n\u00e9cessitent un acc\u00e8s \u00e0 ces informations pour les objectifs mentionn\u00e9s dans cette Politique, et ce, dans le respect de ses dispositions, ainsi que dans les situations suivantes :<\/p>\n<ul>\n<li><strong>Avec votre accord<\/strong>.<\/li>\n<li><strong>Pour la conservation<\/strong> sur des serveurs, auquel cas vos informations pourraient \u00eatre achemin\u00e9es \u00e0 travers d&rsquo;autres juridictions. Nous ne faisons appel qu&rsquo;\u00e0 des entreprises reconnues poss\u00e9dant des politiques de confidentialit\u00e9 robustes.<\/li>\n<li><strong>Pour des besoins de traitement externe<\/strong> : Nous confions vos informations \u00e0 des entreprises ou individus de confiance pour qu&rsquo;ils les traitent en notre nom, selon nos directives, en accord avec cette Politique de confidentialit\u00e9, en garantissant une protection des donn\u00e9es au moins aussi rigoureuse que la n\u00f4tre et en respectant toutes autres mesures de s\u00e9curit\u00e9 et de confidentialit\u00e9 ad\u00e9quates.<\/li>\n<li><strong>Pour des motifs l\u00e9gaux<\/strong> : Nous partageons vos informations en dehors de notre entreprise si cela est n\u00e9cessaire pour se conformer aux lois et r\u00e9gulations en place ou si ordonn\u00e9 par un tribunal.<\/li>\n<\/ul>\n<p>Ursa Marketing s&rsquo;engage formellement \u00e0 ne ni vendre ni louer vos informations personnelles \u00e0 des tiers.<\/p>\n<h2>Conservation des informations personnelles<\/h2>\n<p>Ursa Marketing conserve les informations recueillies pour des dur\u00e9es variables, en fonction de leur type et de leur pertinence pour nos offres de produits et services. Tout au long de cette p\u00e9riode de conservation, Ursa Marketing met en place des mesures physiques et techniques pour garantir la s\u00e9curit\u00e9 et l\u2019exactitude des informations personnelles.<\/p>\n<p>Il est possible que les informations personnelles soient stock\u00e9es hors du pays de r\u00e9sidence de l&rsquo;utilisateur, notamment si un fournisseur tiers ou une autre entit\u00e9 \u00e0 qui nous transmettons des informations conform\u00e9ment \u00e0 cette Politique, est bas\u00e9 \u00e0 l&rsquo;\u00e9tranger. Dans ces situations, les informations personnelles peuvent \u00eatre soumises aux lois du pays ou territoire o\u00f9 elles sont stock\u00e9es, et les autorit\u00e9s locales peuvent y avoir acc\u00e8s.<\/p>\n<p>Apr\u00e8s la fin de la p\u00e9riode de conservation, les informations personnelles sont supprim\u00e9es.<\/p>\n<h2>Fichiers t\u00e9moins et technologies de profilage<\/h2>\n<p>Avec votre consentement, Ursa Marketing peut recourir \u00e0 des fichiers t\u00e9moins (\u201ccookies\u201d), des balises web, des pixels, des fichiers journaux ou d&rsquo;autres technologies pour rassembler certaines informations personnelles concernant les visiteurs de nos sites web, ainsi que les destinataires de nos infolettres, invitations et autres communications. Les fichiers t\u00e9moins sont des donn\u00e9es envoy\u00e9es par le serveur au navigateur lors de la visite d&rsquo;un site, permettant d&rsquo;identifier de mani\u00e8re unique la session en cours. Ces informations peuvent comprendre des d\u00e9tails tels que votre adresse IP, le type et la version de votre navigateur, les pages de notre site que vous visitez, la date et l&rsquo;heure de votre visite, la dur\u00e9e de votre session et d&rsquo;autres statistiques.<\/p>\n<p>Il est \u00e0 noter que notre site web peut contenir des liens vers des sites tiers. Notre Politique de confidentialit\u00e9 ne s&rsquo;applique plus d\u00e8s que vous quittez notre site. Ursa Marketing n&rsquo;est pas responsable de la collecte ou du traitement des informations personnelles par ces tiers ou via ces sites externes.<\/p>\n<h2>Entr\u00e9e en vigueur<\/h2>\n<p>La pr\u00e9sente Politique s\u2019applique \u00e0 partir du 22 septembre 2023<br \/>\nMise \u00e0 jour : 1er septembre 2023<\/p>\n<h2>Autres informations<\/h2>\n<p>Responsable de la protection des renseignements personnels<br \/>\nSi vous avez des questions, des remarques ou des pr\u00e9occupations concernant cette Politique, n&rsquo;h\u00e9sitez pas \u00e0 contacter la personne responsable :<\/p>\n<p>Benoit Domingue<br \/>\nUrsa Marketing<br \/>\n1085 S\u00e9minaire nord &#8211; suite 300<br \/>\nSaint-Jean-sur-Richelieu, Qu\u00e9bec<br \/>\nJ3A 1R2<\/p>\n<p>T\u00e9l\u00e9phone : <a href=\"tel:+14388002122\">(438) 800-2122<\/a><br \/>\nCourriel : <a href=\"mailto:confidentialite@ursa.marketing\">confidentialite@ursa.marketing<\/a><\/p>\n","protected":false},"excerpt":{"rendered":"<p>Merci de parcourir le site web d&rsquo;Ursa Marketing et de vous familiariser avec notre politique de confidentialit\u00e9 (ci-apr\u00e8s d\u00e9nomm\u00e9e la &hellip;<\/p>\n","protected":false},"author":1,"featured_media":0,"parent":0,"menu_order":0,"comment_status":"closed","ping_status":"closed","template":"template-service-first.php","meta":{"_acf_changed":false,"footnotes":""},"class_list":["post-941","page","type-page","status-publish","hentry"],"acf":[],"yoast_head":"<!-- This site is optimized with the Yoast SEO plugin v25.9 - https:\/\/yoast.com\/wordpress\/plugins\/seo\/ -->\n<title>Politique de confidentialit\u00e9 et cookies | Ursa Marketing<\/title>\n<meta name=\"description\" content=\"Notre politique de confidentialit\u00e9 et l&#039;utilisation des donn\u00e9es se retrouve sur cette page. Si vous avez des questions, n&#039;h\u00e9sitez pas \u00e0 nous contacter.\" \/>\n<meta name=\"robots\" content=\"index, follow, max-snippet:-1, max-image-preview:large, max-video-preview:-1\" \/>\n<link rel=\"canonical\" href=\"https:\/\/ursa.marketing\/fr\/politique-confidentialite\/\" \/>\n<meta property=\"og:locale\" content=\"fr_FR\" \/>\n<meta property=\"og:type\" content=\"article\" \/>\n<meta property=\"og:title\" content=\"Politique de confidentialit\u00e9 et cookies | Ursa Marketing\" \/>\n<meta property=\"og:description\" content=\"Notre politique de confidentialit\u00e9 et l&#039;utilisation des donn\u00e9es se retrouve sur cette page. Si vous avez des questions, n&#039;h\u00e9sitez pas \u00e0 nous contacter.\" \/>\n<meta property=\"og:url\" content=\"https:\/\/ursa.marketing\/fr\/politique-confidentialite\/\" \/>\n<meta property=\"og:site_name\" content=\"Ursa Marketing\" \/>\n<meta property=\"article:publisher\" content=\"https:\/\/www.facebook.com\/UrsaNumerique\/\" \/>\n<meta property=\"article:modified_time\" content=\"2024-07-30T18:01:18+00:00\" \/>\n<meta property=\"og:image\" content=\"https:\/\/ursa.marketing\/app\/uploads\/2018\/08\/URSA_fb_img.jpg\" \/>\n\t<meta property=\"og:image:width\" content=\"1200\" \/>\n\t<meta property=\"og:image:height\" content=\"627\" \/>\n\t<meta property=\"og:image:type\" content=\"image\/jpeg\" \/>\n<meta name=\"twitter:card\" content=\"summary_large_image\" \/>\n<meta name=\"twitter:label1\" content=\"Dur\u00e9e de lecture estim\u00e9e\" \/>\n\t<meta name=\"twitter:data1\" content=\"11 minutes\" \/>\n<script type=\"application\/ld+json\" class=\"yoast-schema-graph\">{\"@context\":\"https:\/\/schema.org\",\"@graph\":[{\"@type\":\"WebPage\",\"@id\":\"https:\/\/ursa.marketing\/fr\/politique-confidentialite\/\",\"url\":\"https:\/\/ursa.marketing\/fr\/politique-confidentialite\/\",\"name\":\"Politique de confidentialit\u00e9 et cookies | Ursa Marketing\",\"isPartOf\":{\"@id\":\"https:\/\/ursa.marketing\/fr\/#website\"},\"datePublished\":\"2019-03-19T17:21:09+00:00\",\"dateModified\":\"2024-07-30T18:01:18+00:00\",\"description\":\"Notre politique de confidentialit\u00e9 et l'utilisation des donn\u00e9es se retrouve sur cette page. Si vous avez des questions, n'h\u00e9sitez pas \u00e0 nous contacter.\",\"breadcrumb\":{\"@id\":\"https:\/\/ursa.marketing\/fr\/politique-confidentialite\/#breadcrumb\"},\"inLanguage\":\"fr-FR\",\"potentialAction\":[{\"@type\":\"ReadAction\",\"target\":[\"https:\/\/ursa.marketing\/fr\/politique-confidentialite\/\"]}]},{\"@type\":\"BreadcrumbList\",\"@id\":\"https:\/\/ursa.marketing\/fr\/politique-confidentialite\/#breadcrumb\",\"itemListElement\":[{\"@type\":\"ListItem\",\"position\":1,\"name\":\"Home\",\"item\":\"https:\/\/ursa.marketing\/fr\/\"},{\"@type\":\"ListItem\",\"position\":2,\"name\":\"Politique de confidentialit\u00e9 et cookies\"}]},{\"@type\":\"WebSite\",\"@id\":\"https:\/\/ursa.marketing\/fr\/#website\",\"url\":\"https:\/\/ursa.marketing\/fr\/\",\"name\":\"Ursa Marketing\",\"description\":\"Votre Guide vers la r\u00e9ussite num\u00e9rique\",\"publisher\":{\"@id\":\"https:\/\/ursa.marketing\/fr\/#organization\"},\"potentialAction\":[{\"@type\":\"SearchAction\",\"target\":{\"@type\":\"EntryPoint\",\"urlTemplate\":\"https:\/\/ursa.marketing\/fr\/?s={search_term_string}\"},\"query-input\":{\"@type\":\"PropertyValueSpecification\",\"valueRequired\":true,\"valueName\":\"search_term_string\"}}],\"inLanguage\":\"fr-FR\"},{\"@type\":\"Organization\",\"@id\":\"https:\/\/ursa.marketing\/fr\/#organization\",\"name\":\"Ursa Marketing\",\"url\":\"https:\/\/ursa.marketing\/fr\/\",\"logo\":{\"@type\":\"ImageObject\",\"inLanguage\":\"fr-FR\",\"@id\":\"https:\/\/ursa.marketing\/fr\/#\/schema\/logo\/image\/\",\"url\":\"https:\/\/ursa.marketing\/app\/uploads\/2018\/08\/URSA_fb_img.jpg\",\"contentUrl\":\"https:\/\/ursa.marketing\/app\/uploads\/2018\/08\/URSA_fb_img.jpg\",\"width\":1200,\"height\":627,\"caption\":\"Ursa Marketing\"},\"image\":{\"@id\":\"https:\/\/ursa.marketing\/fr\/#\/schema\/logo\/image\/\"},\"sameAs\":[\"https:\/\/www.facebook.com\/UrsaNumerique\/\",\"https:\/\/www.linkedin.com\/company\/ursa-marketing\/\"]}]}<\/script>\n<!-- \/ Yoast SEO plugin. -->","yoast_head_json":{"title":"Politique de confidentialit\u00e9 et cookies | Ursa Marketing","description":"Notre politique de confidentialit\u00e9 et l'utilisation des donn\u00e9es se retrouve sur cette page. Si vous avez des questions, n'h\u00e9sitez pas \u00e0 nous contacter.","robots":{"index":"index","follow":"follow","max-snippet":"max-snippet:-1","max-image-preview":"max-image-preview:large","max-video-preview":"max-video-preview:-1"},"canonical":"https:\/\/ursa.marketing\/fr\/politique-confidentialite\/","og_locale":"fr_FR","og_type":"article","og_title":"Politique de confidentialit\u00e9 et cookies | Ursa Marketing","og_description":"Notre politique de confidentialit\u00e9 et l'utilisation des donn\u00e9es se retrouve sur cette page. Si vous avez des questions, n'h\u00e9sitez pas \u00e0 nous contacter.","og_url":"https:\/\/ursa.marketing\/fr\/politique-confidentialite\/","og_site_name":"Ursa Marketing","article_publisher":"https:\/\/www.facebook.com\/UrsaNumerique\/","article_modified_time":"2024-07-30T18:01:18+00:00","og_image":[{"width":1200,"height":627,"url":"https:\/\/ursa.marketing\/app\/uploads\/2018\/08\/URSA_fb_img.jpg","type":"image\/jpeg"}],"twitter_card":"summary_large_image","twitter_misc":{"Dur\u00e9e de lecture estim\u00e9e":"11 minutes"},"schema":{"@context":"https:\/\/schema.org","@graph":[{"@type":"WebPage","@id":"https:\/\/ursa.marketing\/fr\/politique-confidentialite\/","url":"https:\/\/ursa.marketing\/fr\/politique-confidentialite\/","name":"Politique de confidentialit\u00e9 et cookies | Ursa Marketing","isPartOf":{"@id":"https:\/\/ursa.marketing\/fr\/#website"},"datePublished":"2019-03-19T17:21:09+00:00","dateModified":"2024-07-30T18:01:18+00:00","description":"Notre politique de confidentialit\u00e9 et l'utilisation des donn\u00e9es se retrouve sur cette page. Si vous avez des questions, n'h\u00e9sitez pas \u00e0 nous contacter.","breadcrumb":{"@id":"https:\/\/ursa.marketing\/fr\/politique-confidentialite\/#breadcrumb"},"inLanguage":"fr-FR","potentialAction":[{"@type":"ReadAction","target":["https:\/\/ursa.marketing\/fr\/politique-confidentialite\/"]}]},{"@type":"BreadcrumbList","@id":"https:\/\/ursa.marketing\/fr\/politique-confidentialite\/#breadcrumb","itemListElement":[{"@type":"ListItem","position":1,"name":"Home","item":"https:\/\/ursa.marketing\/fr\/"},{"@type":"ListItem","position":2,"name":"Politique de confidentialit\u00e9 et cookies"}]},{"@type":"WebSite","@id":"https:\/\/ursa.marketing\/fr\/#website","url":"https:\/\/ursa.marketing\/fr\/","name":"Ursa Marketing","description":"Votre Guide vers la r\u00e9ussite num\u00e9rique","publisher":{"@id":"https:\/\/ursa.marketing\/fr\/#organization"},"potentialAction":[{"@type":"SearchAction","target":{"@type":"EntryPoint","urlTemplate":"https:\/\/ursa.marketing\/fr\/?s={search_term_string}"},"query-input":{"@type":"PropertyValueSpecification","valueRequired":true,"valueName":"search_term_string"}}],"inLanguage":"fr-FR"},{"@type":"Organization","@id":"https:\/\/ursa.marketing\/fr\/#organization","name":"Ursa Marketing","url":"https:\/\/ursa.marketing\/fr\/","logo":{"@type":"ImageObject","inLanguage":"fr-FR","@id":"https:\/\/ursa.marketing\/fr\/#\/schema\/logo\/image\/","url":"https:\/\/ursa.marketing\/app\/uploads\/2018\/08\/URSA_fb_img.jpg","contentUrl":"https:\/\/ursa.marketing\/app\/uploads\/2018\/08\/URSA_fb_img.jpg","width":1200,"height":627,"caption":"Ursa Marketing"},"image":{"@id":"https:\/\/ursa.marketing\/fr\/#\/schema\/logo\/image\/"},"sameAs":["https:\/\/www.facebook.com\/UrsaNumerique\/","https:\/\/www.linkedin.com\/company\/ursa-marketing\/"]}]}},"_links":{"self":[{"href":"https:\/\/ursa.marketing\/fr\/wp-json\/wp\/v2\/pages\/941","targetHints":{"allow":["GET"]}}],"collection":[{"href":"https:\/\/ursa.marketing\/fr\/wp-json\/wp\/v2\/pages"}],"about":[{"href":"https:\/\/ursa.marketing\/fr\/wp-json\/wp\/v2\/types\/page"}],"author":[{"embeddable":true,"href":"https:\/\/ursa.marketing\/fr\/wp-json\/wp\/v2\/users\/1"}],"replies":[{"embeddable":true,"href":"https:\/\/ursa.marketing\/fr\/wp-json\/wp\/v2\/comments?post=941"}],"version-history":[{"count":9,"href":"https:\/\/ursa.marketing\/fr\/wp-json\/wp\/v2\/pages\/941\/revisions"}],"predecessor-version":[{"id":2503,"href":"https:\/\/ursa.marketing\/fr\/wp-json\/wp\/v2\/pages\/941\/revisions\/2503"}],"wp:attachment":[{"href":"https:\/\/ursa.marketing\/fr\/wp-json\/wp\/v2\/media?parent=941"}],"curies":[{"name":"wp","href":"https:\/\/api.w.org\/{rel}","templated":true}]}}