{"id":9,"date":"2017-10-25T15:07:03","date_gmt":"2017-10-25T15:07:03","guid":{"rendered":"http:\/\/epic.domingue.ca\/?page_id=9"},"modified":"2024-12-19T18:35:54","modified_gmt":"2024-12-19T18:35:54","slug":"tactique","status":"publish","type":"page","link":"https:\/\/ursa.marketing\/fr\/tactique\/","title":{"rendered":"Marketing num\u00e9rique"},"content":{"rendered":"<h2>Qu\u2019est-ce qu\u2019une agence de marketing num\u00e9rique?<\/h2>\n<p>Une agence de marketing num\u00e9rique, c\u2019est avant tout un partenaire strat\u00e9gique qui vous aide \u00e0 exploiter le potentiel du marketing num\u00e9rique pour faire cro\u00eetre votre entreprise. Chez Ursa Marketing, nous sommes d\u00e9di\u00e9s \u00e0 accompagner les entreprises qu\u00e9b\u00e9coises dans la mise en place de strat\u00e9gies performantes et innovantes sur le web depuis 2017. Situ\u00e9s sur la Rive-Sud de Montr\u00e9al, nous mettons notre expertise \u00e0 votre service pour maximiser vos r\u00e9sultats en ligne.<\/p>\n<h3>Pourquoi faire du marketing num\u00e9rique?<\/h3>\n<p>Dans le monde actuel, il est obligatoire d\u2019avoir une pr\u00e9sence en ligne. Le marketing num\u00e9rique vous permet non seulement d\u2019augmenter votre visibilit\u00e9, mais aussi de toucher vos clients cibles de mani\u00e8re efficace et mesurable.<\/p>\n<p>Nous croyons fermement que chaque entreprise, peu importe sa taille ou son secteur d\u2019activit\u00e9, peut b\u00e9n\u00e9ficier d\u2019une strat\u00e9gie de marketing num\u00e9rique bien pens\u00e9e et orient\u00e9e autour de ses besoins. C\u2019est l\u00e0 que nous intervenons pour vous accompagner et vous propulser vers de nouveaux sommets.<\/p>\n<h2>D\u00e9couvrez les services en marketing num\u00e9rique chez Ursa Marketing<\/h2>\n<p>Nous pr\u00e9sentons une gamme compl\u00e8te de services en marketing num\u00e9rique pour r\u00e9pondre \u00e0 tous vos besoins.<\/p>\n<p>Que votre objectif soit d\u2019accro\u00eetre votre visibilit\u00e9, d\u2019augmenter vos ventes, d\u2019optimiser votre strat\u00e9gie num\u00e9rique, de mettre en place un suivi pr\u00e9cis pour mesurer vos performances ou un peu de tout \u00e7a, Ursa Marketing est l\u2019agence experte dans le milieu du marketing num\u00e9rique qui offre un \u00e9ventail de services en fonction de vos objectifs et de vos besoins li\u00e9s \u00e0 votre pr\u00e9sence sur le web.<\/p>\n<p>Chaque service ci-dessous poss\u00e8de des sous-services d\u00e9taill\u00e9s pour un accompagnement sur mesure le plus complet possible.<\/p>\n<p>Nous proposons \u00e9galement un <strong>encadrement num\u00e9rique<\/strong> qui comporte une banque d\u2019heures mensuelles couvrant l\u2019ensemble de nos services gr\u00e2ce \u00e0 un forfait \u00e0 tarif pr\u00e9f\u00e9rentiel.<\/p>\n<h3>R\u00e9f\u00e9rencement naturel (SEO)<\/h3>\n<p>Le r\u00e9f\u00e9rencement naturel est le moyen le plus fiable pour obtenir des visiteurs qualifi\u00e9s sur votre site web. Aussi appel\u00e9 SEO, il vous permet d\u2019\u00eatre visible sur des recherches pr\u00e9cises faites par vos clients potentiels. \u00catre bien r\u00e9f\u00e9renc\u00e9 sur Google permet d\u2019accro\u00eetre la cr\u00e9dibilit\u00e9 et la notori\u00e9t\u00e9 de votre entreprise.<\/p>\n<h3>Publicit\u00e9 en ligne (SEA-SEM)<\/h3>\n<p>Notre expertise en publicit\u00e9 en ligne vous aide \u00e0 faire d\u00e9coller votre entreprise avec des strat\u00e9gies digitales efficaces. Notre expertise couvre <a href=\"https:\/\/ursa.marketing\/fr\/tactique\/publicite-numerique\/google-adwords\/\">Google Ads<\/a>, <a href=\"https:\/\/ursa.marketing\/fr\/tactique\/publicite-numerique\/publicite-facebook\/\">Meta Ads<\/a>, LinkedIn Ads, TikTok Ads ou encore Microsoft Ads ainsi que le remarketing, garantissant des r\u00e9sultats mesurables et un retour sur investissement optimal.<\/p>\n<h3>Gestion des m\u00e9dias sociaux<\/h3>\n<p>Nous offrons des services pour transformer votre pr\u00e9sence en ligne. Nos strat\u00e8ges \u00e9laborent des strat\u00e9gies personnalis\u00e9es, g\u00e8rent vos comptes et cr\u00e9ent du contenu engageant pour maximiser votre visibilit\u00e9.<\/p>\n<h3>Marketing par courriel<\/h3>\n<p>Notre service de marketing par courriel inclut des strat\u00e9gies et des campagnes d\u2019email marketing cibl\u00e9es pour booster votre engagement client et augmenter vos ventes. Nous cr\u00e9ons des campagnes personnalis\u00e9es et segment\u00e9es pour maximiser votre retour sur investissement.<\/p>\n<h3>Mesure de performance<\/h3>\n<p>Notre service de mesure de performance suit vos r\u00e9sultats gr\u00e2ce \u00e0 des tableaux de bord personnalis\u00e9s et \u00e0 une mise en place d\u2019un tracking efficace sur votre site internet.<\/p>\n<h2>Comment se d\u00e9roule un projet avec notre agence de marketing num\u00e9rique?<\/h2>\n<ul>\n<li><strong>\u00c9coute de vos besoins<\/strong>\n<p>Nous commen\u00e7ons par une rencontre pour bien comprendre vos objectifs et vos d\u00e9fis.<\/p>\n<li><strong>Pr\u00e9sentation de nos services<\/h5>\n<p><\/strong><\/p>\n<p>Nous vous guidons pour r\u00e9cup\u00e9rer tous vos acc\u00e8s et configurer vos comptes.<\/p>\n<li><strong>Cr\u00e9ation d\u2019une strat\u00e9gie personnalis\u00e9e<\/strong>\n<p>Une strat\u00e9gie sur mesure adapt\u00e9e \u00e0 votre entreprise et \u00e0 vos ambitions.<\/p>\n<li><strong>Suivi et optimisation<\/strong>\n<p>Nous ajustons les actions en continu pour maximiser les r\u00e9sultats.<\/p>\n<h2>Pourquoi choisir notre agence de marketing num\u00e9rique?<\/h2>\n<ul>\n<li><strong>Une agence de marketing num\u00e9rique fiable et transparente<\/strong>\n<p>Nous vous offrons un acc\u00e8s aux r\u00e9sultats en temps r\u00e9el gr\u00e2ce \u00e0 des tableaux de bord disponibles 24\/7.<\/p>\n<\/li>\n<li><strong>Une agence de marketing num\u00e9rique orient\u00e9e r\u00e9sultats<\/strong>\n<p>Nous mesurons constamment la performance de nos actions et utilisons des outils de tracking avanc\u00e9s pour obtenir des donn\u00e9es pr\u00e9cises, afin de prendre des d\u00e9cisions et d\u2019apporter les meilleurs r\u00e9sultats pour nos clients.<\/p>\n<\/li>\n<li><strong>Une agence de marketing num\u00e9rique qui s\u2019adapte vraiment \u00e0 vous<\/strong>\n<p>Nous personnalisons nos offres en fonction de vos objectifs, de votre budget et des canaux de communication les plus adapt\u00e9s.<\/p>\n<\/li>\n<li><strong>Une agence de marketing num\u00e9rique proche de ses clients<\/strong>\n<p>Vous aurez un strat\u00e8ge d\u00e9di\u00e9, votre unique interlocuteur, qui conna\u00eetra bien votre entreprise et pourra vous conseiller au mieux.<\/p>\n<\/li>\n<\/ul>\n<h2>Parlez-nous de votre projet de marketing num\u00e9rique<\/h2>\n<p><a href=\"https:\/\/ursa.marketing\/fr\/contact\/\">Discutez avec un expert en marketing num\u00e9rique<\/a> et d\u00e9couvrez comment Ursa Marketing peut aider votre entreprise \u00e0 d\u00e9passer ses objectifs.<\/p>\n<h2>Foire aux questions<\/h2>\n<ul>\n<li><strong>Qu\u2019est-ce qu\u2019une agence de marketing num\u00e9rique?<\/strong>\n<p>Une agence de marketing num\u00e9rique est une entreprise sp\u00e9cialis\u00e9e dans la cr\u00e9ation ainsi que dans la mise en place de strat\u00e9gies et de tactiques de marketing en ligne pour aider les entreprises \u00e0 atteindre leurs objectifs commerciaux.<\/p>\n<\/li>\n<li><strong>Comment votre agence de marketing web peut-elle aider mon entreprise?<\/strong>\n<p>Ursa Marketing est l\u00e0 pour vous aider \u00e0 accro\u00eetre votre visibilit\u00e9 en ligne avec des strat\u00e9gies sur mesure.<\/p>\n<\/li>\n<li><strong>Quels services propose Ursa Marketing?<\/strong>\n<p>SEO, publicit\u00e9 en ligne, gestion des m\u00e9dias sociaux, marketing par courriel, et mesure de performance.<\/p>\n<\/li>\n<li><strong>Comment choisir la meilleure agence de marketing num\u00e9rique pour mon entreprise?<\/strong>\n<p>Choisissez une agence qui comprend vos besoins, poss\u00e8de une exp\u00e9rience pertinente et offre une transparence totale dans ses actions et ses r\u00e9sultats. Chez Ursa Marketing, nous nous engageons \u00e0 \u00eatre votre partenaire de confiance gr\u00e2ce \u00e0 notre <strong>encadrement num\u00e9rique<\/strong>, notre offre tout-inclus comprenant tous les services n\u00e9cessaires pour augmenter votre pr\u00e9sence et vos ventes sur le web.<\/p>\n<\/li>\n<li><strong>Comment une agence de marketing num\u00e9rique mesure-t-elle le succ\u00e8s de ses campagnes?<\/strong>\n<p>Nous utilisons des outils de <i>tracking<\/i> avanc\u00e9s et des tableaux de bord personnalis\u00e9s pour suivre et analyser les performances en temps r\u00e9el, ajustant les strat\u00e9gies si n\u00e9cessaire pour garantir les meilleurs r\u00e9sultats.<\/p>\n<\/li>\n<li><strong>Comment une agence de marketing num\u00e9rique cr\u00e9e-t-elle des strat\u00e9gies de marketing personnalis\u00e9es pour chaque client?<\/strong>\n<p>Nous commen\u00e7ons par comprendre vos objectifs et vos d\u00e9fis sp\u00e9cifiques, puis nous \u00e9laborons une strat\u00e9gie sur mesure qui utilise les meilleures tactiques et les outils adapt\u00e9s \u00e0 votre secteur.<\/p>\n<\/li>\n<li><strong>Comment votre agence de marketing num\u00e9rique reste-t-elle \u00e0 jour des r\u00e9centes tendances et technologies du marketing en ligne?<\/strong>\n<p>Notre \u00e9quipe d\u2019experts est constamment form\u00e9e et certifi\u00e9e selon les plus r\u00e9centes technologies et tendances du marketing num\u00e9rique, vous assurant ainsi que nous utilisons les m\u00e9thodes les plus efficaces et actuelles.<\/p>\n<\/li>\n<li><strong>Pourquoi payer une agence de marketing num\u00e9rique plut\u00f4t que de le faire moi-m\u00eame?<\/strong>\n<p>Une agence comme Ursa Marketing dispose de l\u2019expertise, des outils et des ressources n\u00e9cessaires pour maximiser votre retour sur investissement. Nous vous permettons de vous concentrer sur votre c\u0153ur de m\u00e9tier, pendant que nous g\u00e9rons votre marketing num\u00e9rique pour atteindre ensemble vos objectifs commerciaux.<\/p>\n<\/li>\n<li><strong>Est-ce que votre agence de marketing num\u00e9rique peut me garantir des r\u00e9sultats?<\/strong>\n<p>Nous nous engageons \u00e0 tout mettre en \u0153uvre pour atteindre vos objectifs, mais il est important de noter que le marketing num\u00e9rique d\u00e9pend de nombreux facteurs externes. Nous vous garantissons toutefois des efforts continus et une optimisation constante pour maximiser vos r\u00e9sultats.<\/p>\n<\/li>\n<li><strong>Pourquoi choisir une agence de marketing num\u00e9rique plut\u00f4t qu\u2019un <i>freelance<\/i>?<\/strong>\n<p>Une agence compte une \u00e9quipe compl\u00e8te d\u2019experts avec des comp\u00e9tences diversifi\u00e9es, une meilleure capacit\u00e9 \u00e0 g\u00e9rer des projets de grande envergure et une stabilit\u00e9 \u00e0 long terme. Chez Ursa Marketing, nous vous assurons un service complet et int\u00e9gr\u00e9.<\/p>\n<\/li>\n<li><strong>En combien de temps votre agence de marketing num\u00e9rique peut-elle m\u2019apporter des r\u00e9sultats?<\/strong>\n<p>Le d\u00e9lai pour voir des r\u00e9sultats peut varier en fonction des services utilis\u00e9s et des objectifs fix\u00e9s. En g\u00e9n\u00e9ral, les premi\u00e8res am\u00e9liorations sont visibles en quelques semaines.<\/p>\n<\/li>\n<li><strong>Quels sont les avantages de travailler avec Ursa Marketing?<\/strong>\n<p>Nous offrons des strat\u00e9gies sur mesure, une transparence totale avec des tableaux de bord accessibles 24\/7 et une orientation ax\u00e9e sur les r\u00e9sultats. Nous vous garantissons \u00e9galement de la r\u00e9activit\u00e9 pour vous expliquer vos donn\u00e9es, mettre en place des actions correctrices pour augmenter vos r\u00e9sultats et surtout l\u2019assurance de ne jamais \u00eatre laiss\u00e9 sans r\u00e9ponse si vous avez une question.<\/p>\n<\/li>\n<li><strong>Comment puis-je commencer avec Ursa Marketing?<\/strong>\n<p>Il suffit de nous contacter <a href=\"https:\/\/ursa.marketing\/fr\/contact\/\">en remplissant notre formulaire de contact<\/a> pour discuter avec un expert en marketing num\u00e9rique et commencer \u00e0 \u00e9laborer une strat\u00e9gie sur mesure pour votre entreprise.<\/p>\n<\/li>\n<li><strong>Est-ce que vous fournissez des rapports r\u00e9guliers?<\/strong>\n<p>Oui, chaque mois, nous fournissons des rapports d\u00e9taill\u00e9s et r\u00e9guliers pour vous tenir \u00e0 jour des performances et des r\u00e9sultats des campagnes en cours, ainsi qu\u2019un \u00e9ch\u00e9ancier avec les prochaines \u00e9tapes pr\u00e9vues.<\/p>\n<\/li>\n<li><strong>Quelle est votre approche en mati\u00e8re de relation client?<\/strong>\n<p>Nous mettons un point d\u2019honneur \u00e0 maintenir une relation humaine et personnalis\u00e9e avec chaque client. Un strat\u00e8ge d\u00e9di\u00e9 sera votre interlocuteur unique, assurant ainsi une compr\u00e9hension approfondie de vos besoins.<\/p>\n<\/li>\n<li><strong>Quelles sont vos qualifications et vos certifications?<\/strong>\n<p>Ursa Marketing est certifi\u00e9e dans divers domaines du marketing num\u00e9rique, incluant Google Ads, Meta Ads et d\u2019autres plateformes publicitaires. Nous avons \u00e9galement la mention de formateurs agr\u00e9\u00e9s en marketing num\u00e9rique, et nous sommes ravis d\u2019\u00eatre <a href=\"https:\/\/ursa.marketing\/fr\/ursa-marketing-se-hisse-dans-le-top-3-des-agences-en-devenant-google-partner-premier\/\"><strong>Google Partner Premier<\/strong><\/a>, un titre offert \u00e0 seulement 3% des meilleures agences Google Ads.<\/p>\n<\/li>\n<\/ul>\n<p>Si vous avez d\u2019autres questions ou souhaitez en savoir plus, n\u2019h\u00e9sitez pas \u00e0 nous contacter. Nous sommes l\u00e0 pour vous aider \u00e0 r\u00e9ussir votre transition vers le marketing num\u00e9rique!<\/p>\n","protected":false},"excerpt":{"rendered":"<p>Qu\u2019est-ce qu\u2019une agence de marketing num\u00e9rique? Une agence de marketing num\u00e9rique, c\u2019est avant tout un partenaire strat\u00e9gique qui vous aide &hellip;<\/p>\n","protected":false},"author":1,"featured_media":0,"parent":0,"menu_order":0,"comment_status":"closed","ping_status":"closed","template":"template-main-category.php","meta":{"_acf_changed":false,"footnotes":""},"class_list":["post-9","page","type-page","status-publish","hentry"],"acf":[],"yoast_head":"<!-- This site is optimized with the Yoast SEO plugin v25.9 - https:\/\/yoast.com\/wordpress\/plugins\/seo\/ -->\n<title>Agence marketing num\u00e9rique \u2013 Experts en strat\u00e9gie num\u00e9rique<\/title>\n<meta name=\"description\" content=\"D\u00e9couvrez comment notre agence de marketing num\u00e9rique aide les entreprises \u00e0 maximiser leur visibilit\u00e9 en ligne et \u00e0 atteindre leurs objectifs commerciaux.\" \/>\n<meta name=\"robots\" content=\"index, follow, max-snippet:-1, max-image-preview:large, max-video-preview:-1\" \/>\n<link rel=\"canonical\" href=\"https:\/\/ursa.marketing\/fr\/tactique\/\" \/>\n<meta property=\"og:locale\" content=\"fr_FR\" \/>\n<meta property=\"og:type\" content=\"article\" \/>\n<meta property=\"og:title\" content=\"Agence marketing num\u00e9rique \u2013 Experts en strat\u00e9gie num\u00e9rique\" \/>\n<meta property=\"og:description\" content=\"D\u00e9couvrez comment notre agence de marketing num\u00e9rique aide les entreprises \u00e0 maximiser leur visibilit\u00e9 en ligne et \u00e0 atteindre leurs objectifs commerciaux.\" \/>\n<meta property=\"og:url\" content=\"https:\/\/ursa.marketing\/fr\/tactique\/\" \/>\n<meta property=\"og:site_name\" content=\"Ursa Marketing\" \/>\n<meta property=\"article:publisher\" content=\"https:\/\/www.facebook.com\/UrsaNumerique\/\" \/>\n<meta property=\"article:modified_time\" content=\"2024-12-19T18:35:54+00:00\" \/>\n<meta property=\"og:image\" content=\"https:\/\/ursa.marketing\/app\/uploads\/2018\/08\/URSA_fb_img.jpg\" \/>\n\t<meta property=\"og:image:width\" content=\"1200\" \/>\n\t<meta property=\"og:image:height\" content=\"627\" \/>\n\t<meta property=\"og:image:type\" content=\"image\/jpeg\" \/>\n<meta name=\"twitter:card\" content=\"summary_large_image\" \/>\n<meta name=\"twitter:label1\" content=\"Dur\u00e9e de lecture estim\u00e9e\" \/>\n\t<meta name=\"twitter:data1\" content=\"9 minutes\" \/>\n<script type=\"application\/ld+json\" class=\"yoast-schema-graph\">{\"@context\":\"https:\/\/schema.org\",\"@graph\":[{\"@type\":\"WebPage\",\"@id\":\"https:\/\/ursa.marketing\/fr\/tactique\/\",\"url\":\"https:\/\/ursa.marketing\/fr\/tactique\/\",\"name\":\"Agence marketing num\u00e9rique \u2013 Experts en strat\u00e9gie num\u00e9rique\",\"isPartOf\":{\"@id\":\"https:\/\/ursa.marketing\/fr\/#website\"},\"datePublished\":\"2017-10-25T15:07:03+00:00\",\"dateModified\":\"2024-12-19T18:35:54+00:00\",\"description\":\"D\u00e9couvrez comment notre agence de marketing num\u00e9rique aide les entreprises \u00e0 maximiser leur visibilit\u00e9 en ligne et \u00e0 atteindre leurs objectifs commerciaux.\",\"breadcrumb\":{\"@id\":\"https:\/\/ursa.marketing\/fr\/tactique\/#breadcrumb\"},\"inLanguage\":\"fr-FR\",\"potentialAction\":[{\"@type\":\"ReadAction\",\"target\":[\"https:\/\/ursa.marketing\/fr\/tactique\/\"]}]},{\"@type\":\"BreadcrumbList\",\"@id\":\"https:\/\/ursa.marketing\/fr\/tactique\/#breadcrumb\",\"itemListElement\":[{\"@type\":\"ListItem\",\"position\":1,\"name\":\"Home\",\"item\":\"https:\/\/ursa.marketing\/fr\/\"},{\"@type\":\"ListItem\",\"position\":2,\"name\":\"Marketing num\u00e9rique\"}]},{\"@type\":\"WebSite\",\"@id\":\"https:\/\/ursa.marketing\/fr\/#website\",\"url\":\"https:\/\/ursa.marketing\/fr\/\",\"name\":\"Ursa Marketing\",\"description\":\"Votre Guide vers la r\u00e9ussite num\u00e9rique\",\"publisher\":{\"@id\":\"https:\/\/ursa.marketing\/fr\/#organization\"},\"potentialAction\":[{\"@type\":\"SearchAction\",\"target\":{\"@type\":\"EntryPoint\",\"urlTemplate\":\"https:\/\/ursa.marketing\/fr\/?s={search_term_string}\"},\"query-input\":{\"@type\":\"PropertyValueSpecification\",\"valueRequired\":true,\"valueName\":\"search_term_string\"}}],\"inLanguage\":\"fr-FR\"},{\"@type\":\"Organization\",\"@id\":\"https:\/\/ursa.marketing\/fr\/#organization\",\"name\":\"Ursa Marketing\",\"url\":\"https:\/\/ursa.marketing\/fr\/\",\"logo\":{\"@type\":\"ImageObject\",\"inLanguage\":\"fr-FR\",\"@id\":\"https:\/\/ursa.marketing\/fr\/#\/schema\/logo\/image\/\",\"url\":\"https:\/\/ursa.marketing\/app\/uploads\/2018\/08\/URSA_fb_img.jpg\",\"contentUrl\":\"https:\/\/ursa.marketing\/app\/uploads\/2018\/08\/URSA_fb_img.jpg\",\"width\":1200,\"height\":627,\"caption\":\"Ursa Marketing\"},\"image\":{\"@id\":\"https:\/\/ursa.marketing\/fr\/#\/schema\/logo\/image\/\"},\"sameAs\":[\"https:\/\/www.facebook.com\/UrsaNumerique\/\",\"https:\/\/www.linkedin.com\/company\/ursa-marketing\/\"]}]}<\/script>\n<!-- \/ Yoast SEO plugin. -->","yoast_head_json":{"title":"Agence marketing num\u00e9rique \u2013 Experts en strat\u00e9gie num\u00e9rique","description":"D\u00e9couvrez comment notre agence de marketing num\u00e9rique aide les entreprises \u00e0 maximiser leur visibilit\u00e9 en ligne et \u00e0 atteindre leurs objectifs commerciaux.","robots":{"index":"index","follow":"follow","max-snippet":"max-snippet:-1","max-image-preview":"max-image-preview:large","max-video-preview":"max-video-preview:-1"},"canonical":"https:\/\/ursa.marketing\/fr\/tactique\/","og_locale":"fr_FR","og_type":"article","og_title":"Agence marketing num\u00e9rique \u2013 Experts en strat\u00e9gie num\u00e9rique","og_description":"D\u00e9couvrez comment notre agence de marketing num\u00e9rique aide les entreprises \u00e0 maximiser leur visibilit\u00e9 en ligne et \u00e0 atteindre leurs objectifs commerciaux.","og_url":"https:\/\/ursa.marketing\/fr\/tactique\/","og_site_name":"Ursa Marketing","article_publisher":"https:\/\/www.facebook.com\/UrsaNumerique\/","article_modified_time":"2024-12-19T18:35:54+00:00","og_image":[{"width":1200,"height":627,"url":"https:\/\/ursa.marketing\/app\/uploads\/2018\/08\/URSA_fb_img.jpg","type":"image\/jpeg"}],"twitter_card":"summary_large_image","twitter_misc":{"Dur\u00e9e de lecture estim\u00e9e":"9 minutes"},"schema":{"@context":"https:\/\/schema.org","@graph":[{"@type":"WebPage","@id":"https:\/\/ursa.marketing\/fr\/tactique\/","url":"https:\/\/ursa.marketing\/fr\/tactique\/","name":"Agence marketing num\u00e9rique \u2013 Experts en strat\u00e9gie num\u00e9rique","isPartOf":{"@id":"https:\/\/ursa.marketing\/fr\/#website"},"datePublished":"2017-10-25T15:07:03+00:00","dateModified":"2024-12-19T18:35:54+00:00","description":"D\u00e9couvrez comment notre agence de marketing num\u00e9rique aide les entreprises \u00e0 maximiser leur visibilit\u00e9 en ligne et \u00e0 atteindre leurs objectifs commerciaux.","breadcrumb":{"@id":"https:\/\/ursa.marketing\/fr\/tactique\/#breadcrumb"},"inLanguage":"fr-FR","potentialAction":[{"@type":"ReadAction","target":["https:\/\/ursa.marketing\/fr\/tactique\/"]}]},{"@type":"BreadcrumbList","@id":"https:\/\/ursa.marketing\/fr\/tactique\/#breadcrumb","itemListElement":[{"@type":"ListItem","position":1,"name":"Home","item":"https:\/\/ursa.marketing\/fr\/"},{"@type":"ListItem","position":2,"name":"Marketing num\u00e9rique"}]},{"@type":"WebSite","@id":"https:\/\/ursa.marketing\/fr\/#website","url":"https:\/\/ursa.marketing\/fr\/","name":"Ursa Marketing","description":"Votre Guide vers la r\u00e9ussite num\u00e9rique","publisher":{"@id":"https:\/\/ursa.marketing\/fr\/#organization"},"potentialAction":[{"@type":"SearchAction","target":{"@type":"EntryPoint","urlTemplate":"https:\/\/ursa.marketing\/fr\/?s={search_term_string}"},"query-input":{"@type":"PropertyValueSpecification","valueRequired":true,"valueName":"search_term_string"}}],"inLanguage":"fr-FR"},{"@type":"Organization","@id":"https:\/\/ursa.marketing\/fr\/#organization","name":"Ursa Marketing","url":"https:\/\/ursa.marketing\/fr\/","logo":{"@type":"ImageObject","inLanguage":"fr-FR","@id":"https:\/\/ursa.marketing\/fr\/#\/schema\/logo\/image\/","url":"https:\/\/ursa.marketing\/app\/uploads\/2018\/08\/URSA_fb_img.jpg","contentUrl":"https:\/\/ursa.marketing\/app\/uploads\/2018\/08\/URSA_fb_img.jpg","width":1200,"height":627,"caption":"Ursa Marketing"},"image":{"@id":"https:\/\/ursa.marketing\/fr\/#\/schema\/logo\/image\/"},"sameAs":["https:\/\/www.facebook.com\/UrsaNumerique\/","https:\/\/www.linkedin.com\/company\/ursa-marketing\/"]}]}},"_links":{"self":[{"href":"https:\/\/ursa.marketing\/fr\/wp-json\/wp\/v2\/pages\/9","targetHints":{"allow":["GET"]}}],"collection":[{"href":"https:\/\/ursa.marketing\/fr\/wp-json\/wp\/v2\/pages"}],"about":[{"href":"https:\/\/ursa.marketing\/fr\/wp-json\/wp\/v2\/types\/page"}],"author":[{"embeddable":true,"href":"https:\/\/ursa.marketing\/fr\/wp-json\/wp\/v2\/users\/1"}],"replies":[{"embeddable":true,"href":"https:\/\/ursa.marketing\/fr\/wp-json\/wp\/v2\/comments?post=9"}],"version-history":[{"count":32,"href":"https:\/\/ursa.marketing\/fr\/wp-json\/wp\/v2\/pages\/9\/revisions"}],"predecessor-version":[{"id":2924,"href":"https:\/\/ursa.marketing\/fr\/wp-json\/wp\/v2\/pages\/9\/revisions\/2924"}],"wp:attachment":[{"href":"https:\/\/ursa.marketing\/fr\/wp-json\/wp\/v2\/media?parent=9"}],"curies":[{"name":"wp","href":"https:\/\/api.w.org\/{rel}","templated":true}]}}