{"id":888,"date":"2018-08-03T15:31:04","date_gmt":"2018-08-03T15:31:04","guid":{"rendered":"https:\/\/ursa.marketing\/?page_id=888"},"modified":"2024-07-18T16:28:58","modified_gmt":"2024-07-18T16:28:58","slug":"stratege-marketing-numerique","status":"publish","type":"page","link":"https:\/\/ursa.marketing\/fr\/carriere-marketing-numerique\/stratege-marketing-numerique\/","title":{"rendered":"Strat\u00e8ge marketing num\u00e9rique"},"content":{"rendered":"<h2>Description du poste<\/h2>\n<p><strong>Poste temps plein en t\u00e9l\u00e9travail et \u00e0 Saint-Jean-sur-Richelieu (Qc).<\/strong><\/p>\n<p>Tu carbures aux d\u00e9fis et tu as le marketing num\u00e9rique dans le sang? Chez Ursa Marketing, on recherche quelqu\u2019un comme toi!<\/p>\n<p>Ursa Marketing, c\u2019est une agence num\u00e9rique en pleine expansion : clients d\u2019envergure, mandats stimulants et solide performance. En plus, bye bye le trafic de Montr\u00e9al! Que demander de plus? Un salaire int\u00e9ressant et un horaire flexible?<br \/>\nOK, on te les donne!<\/p>\n<p>En tant que strat\u00e8ge marketing num\u00e9rique, ton r\u00f4le sera de concevoir, d\u2019implanter et de mesurer des strat\u00e9gies de marketing num\u00e9rique profitables pour tes clients. Bref, tu seras l\u00e0 pour les conseiller et g\u00e9n\u00e9rer des r\u00e9sultats quantifiables \u00e0 l\u2019aide d\u2019indicateurs de performance \u00e9tablis.<\/p>\n<p><strong>Tes principales responsabilit\u00e9s seront les suivantes :<\/strong><\/p>\n<ul>\n<li>D\u00e9ployer des campagnes num\u00e9riques selon les besoins de tes clients, et ce, sur plusieurs plateformes<\/li>\n<li>Mettre en place la mesure de performance des campagnes num\u00e9riques<\/li>\n<li>Analyser et optimiser des campagnes num\u00e9riques pour faire briller tes clients<\/li>\n<li>Assurer un suivi rigoureux aupr\u00e8s de chacun de tes clients et les conseiller avec justesse \u2013 c\u2019est notre marque de commerce!<\/li>\n<\/ul>\n<p><strong>On s\u2019attend aussi \u00e0 ce que tu r\u00e9pondes \u00e0 ces exigences :<\/strong><\/p>\n<ul>\n<li>Minimum de 3 ans d\u2019exp\u00e9rience dans un poste similaire<\/li>\n<li>Baccalaur\u00e9at en marketing, communication ou domaine connexe<\/li>\n<li>Certification Google Ads (un atout)<\/li>\n<li>Certification Google Analytics (un atout)<\/li>\n<li>Certification Facebook Blueprint (un atout)<\/li>\n<li>Bonne connaissance du SEO<\/li>\n<li>Compr\u00e9hension des diff\u00e9rents indicateurs de performance et du retour sur investissement<\/li>\n<li>Ma\u00eetrise du fran\u00e7ais, tant \u00e0 l\u2019oral qu\u2019\u00e0 l\u2019\u00e9crit \u2013 bilinguisme essentiel<\/li>\n<\/ul>\n<p>Et c\u2019est important d&rsquo;\u00eatre en mesure de d\u00e9chiffrer ces acronymes : CRM, CMS, CTR, CPM et CPC.<\/p>\n<p><strong>On cherche aussi une personne sympathique qui partage nos valeurs :<\/strong><\/p>\n<ul>\n<li>Esprit d\u2019\u00e9quipe<\/li>\n<li>Facilit\u00e9 de communication et courtoisie<\/li>\n<li>\u00c9thique et transparence<\/li>\n<li>Minutie et rigueur \u2013 on aime le travail bien fait!<\/li>\n<\/ul>\n<p><strong>Aper\u00e7u des conditions de travail<\/strong><\/p>\n<ul>\n<li>\u00c9quipe humaine et ambiance familiale<\/li>\n<li>Ton propre poste de travail ergonomique avec bureau ajustable<\/li>\n<li>Espresso et popcorn \u00e0 volont\u00e9<\/li>\n<li>T\u00e9l\u00e9travail possible (tu dois pouvoir te rendre au bureau \u00e0 St-Jean-sur-Richelieu au moins une fois par mois)<\/li>\n<li>Horaire flexible de 35h \/ semaine (pour de vrai!)<\/li>\n<li>Salaire comp\u00e9titif<\/li>\n<\/ul>\n<p>Alors, si tu penses avoir ce qu\u2019il faut pour devenir strat\u00e8ge marketing num\u00e9rique chez nous, envoie tout de suite ton CV! On a h\u00e2te de te lire!<\/p>\n<p>&nbsp;<\/p>\n<h2>Candidature en ligne<\/h2>\n\n<div class=\"wpcf7 no-js\" id=\"wpcf7-f884-o1\" lang=\"fr-FR\" dir=\"ltr\" data-wpcf7-id=\"884\">\n<div class=\"screen-reader-response\"><p role=\"status\" aria-live=\"polite\" aria-atomic=\"true\"><\/p> <ul><\/ul><\/div>\n<form action=\"\/fr\/wp-json\/wp\/v2\/pages\/888#wpcf7-f884-o1\" method=\"post\" class=\"wpcf7-form init\" aria-label=\"Formulaire de contact\" enctype=\"multipart\/form-data\" novalidate=\"novalidate\" data-status=\"init\">\n<fieldset class=\"hidden-fields-container\"><input type=\"hidden\" name=\"_wpcf7\" value=\"884\" \/><input type=\"hidden\" name=\"_wpcf7_version\" value=\"6.1.1\" \/><input type=\"hidden\" name=\"_wpcf7_locale\" value=\"fr_FR\" \/><input type=\"hidden\" name=\"_wpcf7_unit_tag\" value=\"wpcf7-f884-o1\" \/><input type=\"hidden\" name=\"_wpcf7_container_post\" value=\"0\" \/><input type=\"hidden\" name=\"_wpcf7_posted_data_hash\" value=\"\" \/><input type=\"hidden\" name=\"_wpcf7_recaptcha_response\" value=\"\" \/>\n<\/fieldset>\n<p><label> Votre nom<br \/>\n<span class=\"wpcf7-form-control-wrap\" data-name=\"your-name\"><input size=\"40\" maxlength=\"400\" class=\"wpcf7-form-control wpcf7-text wpcf7-validates-as-required\" aria-required=\"true\" aria-invalid=\"false\" value=\"\" type=\"text\" name=\"your-name\" \/><\/span> <\/label>\n<\/p>\n<p><label> Votre adresse courriel<br \/>\n<span class=\"wpcf7-form-control-wrap\" data-name=\"your-email\"><input size=\"40\" maxlength=\"400\" class=\"wpcf7-form-control wpcf7-email wpcf7-validates-as-required wpcf7-text wpcf7-validates-as-email\" aria-required=\"true\" aria-invalid=\"false\" value=\"\" type=\"email\" name=\"your-email\" \/><\/span> <\/label>\n<\/p>\n<p><label> Votre t\u00e9l\u00e9phone<br \/>\n<span class=\"wpcf7-form-control-wrap\" data-name=\"phone\"><input size=\"40\" maxlength=\"400\" class=\"wpcf7-form-control wpcf7-tel wpcf7-validates-as-required wpcf7-text wpcf7-validates-as-tel\" aria-required=\"true\" aria-invalid=\"false\" value=\"\" type=\"tel\" name=\"phone\" \/><\/span> <\/label>\n<\/p>\n<p><label> Votre message<br \/>\n<span class=\"wpcf7-form-control-wrap\" data-name=\"your-message\"><textarea cols=\"40\" rows=\"10\" maxlength=\"2000\" class=\"wpcf7-form-control wpcf7-textarea wpcf7-validates-as-required\" aria-required=\"true\" aria-invalid=\"false\" name=\"your-message\"><\/textarea><\/span> <\/label>\n<\/p>\n<p><label> Votre CV<br \/>\n<span class=\"wpcf7-form-control-wrap\" data-name=\"cv\"><input size=\"40\" class=\"wpcf7-form-control wpcf7-file wpcf7-validates-as-required\" accept=\".pdf,.txt,.doc\" aria-required=\"true\" aria-invalid=\"false\" type=\"file\" name=\"cv\" \/><\/span><br \/>\n<input class=\"wpcf7-form-control wpcf7-submit has-spinner\" type=\"submit\" value=\"Envoyer\" \/><\/label>\n<\/p><p style=\"display: none !important;\" class=\"akismet-fields-container\" data-prefix=\"_wpcf7_ak_\"><label>&#916;<textarea name=\"_wpcf7_ak_hp_textarea\" cols=\"45\" rows=\"8\" maxlength=\"100\"><\/textarea><\/label><input type=\"hidden\" id=\"ak_js_1\" name=\"_wpcf7_ak_js\" value=\"7\"\/><script>document.getElementById( \"ak_js_1\" ).setAttribute( \"value\", ( new Date() ).getTime() );<\/script><\/p><div class=\"wpcf7-response-output\" aria-hidden=\"true\"><\/div>\n<\/form>\n<\/div>\n\n","protected":false},"excerpt":{"rendered":"<p>Description du poste Poste temps plein en t\u00e9l\u00e9travail et \u00e0 Saint-Jean-sur-Richelieu (Qc). Tu carbures aux d\u00e9fis et tu as le &hellip;<\/p>\n","protected":false},"author":1,"featured_media":0,"parent":877,"menu_order":0,"comment_status":"closed","ping_status":"closed","template":"","meta":{"_acf_changed":false,"footnotes":""},"class_list":["post-888","page","type-page","status-publish","hentry"],"acf":[],"yoast_head":"<!-- This site is optimized with the Yoast SEO plugin v25.9 - https:\/\/yoast.com\/wordpress\/plugins\/seo\/ -->\n<title>Strat\u00e8ge marketing num\u00e9rique | Offre d&#039;emploi<\/title>\n<meta name=\"description\" content=\"Tu carbures aux d\u00e9fis et tu as le marketing num\u00e9rique dans le sang? Chez Ursa Marketing, on recherche quelqu\u2019un comme toi! Envoie-nous ton curriculum vitae.\" \/>\n<meta name=\"robots\" content=\"index, follow, max-snippet:-1, max-image-preview:large, max-video-preview:-1\" \/>\n<link rel=\"canonical\" href=\"https:\/\/ursa.marketing\/fr\/carriere-marketing-numerique\/stratege-marketing-numerique\/\" \/>\n<meta property=\"og:locale\" content=\"fr_FR\" \/>\n<meta property=\"og:type\" content=\"article\" \/>\n<meta property=\"og:title\" content=\"Strat\u00e8ge marketing num\u00e9rique | Offre d&#039;emploi\" \/>\n<meta property=\"og:description\" content=\"Tu carbures aux d\u00e9fis et tu as le marketing num\u00e9rique dans le sang? Chez Ursa Marketing, on recherche quelqu\u2019un comme toi! Envoie-nous ton curriculum vitae.\" \/>\n<meta property=\"og:url\" content=\"https:\/\/ursa.marketing\/fr\/carriere-marketing-numerique\/stratege-marketing-numerique\/\" \/>\n<meta property=\"og:site_name\" content=\"Ursa Marketing\" \/>\n<meta property=\"article:publisher\" content=\"https:\/\/www.facebook.com\/UrsaNumerique\/\" \/>\n<meta property=\"article:modified_time\" content=\"2024-07-18T16:28:58+00:00\" \/>\n<meta property=\"og:image\" content=\"https:\/\/ursa.marketing\/app\/uploads\/2019\/04\/ursa-271-2.jpg\" \/>\n\t<meta property=\"og:image:width\" content=\"3589\" \/>\n\t<meta property=\"og:image:height\" content=\"5383\" \/>\n\t<meta property=\"og:image:type\" content=\"image\/jpeg\" \/>\n<meta name=\"twitter:card\" content=\"summary_large_image\" \/>\n<meta name=\"twitter:label1\" content=\"Dur\u00e9e de lecture estim\u00e9e\" \/>\n\t<meta name=\"twitter:data1\" content=\"2 minutes\" \/>\n<script type=\"application\/ld+json\" class=\"yoast-schema-graph\">{\"@context\":\"https:\/\/schema.org\",\"@graph\":[{\"@type\":\"WebPage\",\"@id\":\"https:\/\/ursa.marketing\/fr\/carriere-marketing-numerique\/stratege-marketing-numerique\/\",\"url\":\"https:\/\/ursa.marketing\/fr\/carriere-marketing-numerique\/stratege-marketing-numerique\/\",\"name\":\"Strat\u00e8ge marketing num\u00e9rique | Offre d'emploi\",\"isPartOf\":{\"@id\":\"https:\/\/ursa.marketing\/fr\/#website\"},\"datePublished\":\"2018-08-03T15:31:04+00:00\",\"dateModified\":\"2024-07-18T16:28:58+00:00\",\"description\":\"Tu carbures aux d\u00e9fis et tu as le marketing num\u00e9rique dans le sang? Chez Ursa Marketing, on recherche quelqu\u2019un comme toi! Envoie-nous ton curriculum vitae.\",\"breadcrumb\":{\"@id\":\"https:\/\/ursa.marketing\/fr\/carriere-marketing-numerique\/stratege-marketing-numerique\/#breadcrumb\"},\"inLanguage\":\"fr-FR\",\"potentialAction\":[{\"@type\":\"ReadAction\",\"target\":[\"https:\/\/ursa.marketing\/fr\/carriere-marketing-numerique\/stratege-marketing-numerique\/\"]}]},{\"@type\":\"BreadcrumbList\",\"@id\":\"https:\/\/ursa.marketing\/fr\/carriere-marketing-numerique\/stratege-marketing-numerique\/#breadcrumb\",\"itemListElement\":[{\"@type\":\"ListItem\",\"position\":1,\"name\":\"Home\",\"item\":\"https:\/\/ursa.marketing\/fr\/\"},{\"@type\":\"ListItem\",\"position\":2,\"name\":\"Carri\u00e8re en marketing num\u00e9rique\",\"item\":\"https:\/\/ursa.marketing\/fr\/carriere-marketing-numerique\/\"},{\"@type\":\"ListItem\",\"position\":3,\"name\":\"Strat\u00e8ge marketing num\u00e9rique\"}]},{\"@type\":\"WebSite\",\"@id\":\"https:\/\/ursa.marketing\/fr\/#website\",\"url\":\"https:\/\/ursa.marketing\/fr\/\",\"name\":\"Ursa Marketing\",\"description\":\"Votre Guide vers la r\u00e9ussite num\u00e9rique\",\"publisher\":{\"@id\":\"https:\/\/ursa.marketing\/fr\/#organization\"},\"potentialAction\":[{\"@type\":\"SearchAction\",\"target\":{\"@type\":\"EntryPoint\",\"urlTemplate\":\"https:\/\/ursa.marketing\/fr\/?s={search_term_string}\"},\"query-input\":{\"@type\":\"PropertyValueSpecification\",\"valueRequired\":true,\"valueName\":\"search_term_string\"}}],\"inLanguage\":\"fr-FR\"},{\"@type\":\"Organization\",\"@id\":\"https:\/\/ursa.marketing\/fr\/#organization\",\"name\":\"Ursa Marketing\",\"url\":\"https:\/\/ursa.marketing\/fr\/\",\"logo\":{\"@type\":\"ImageObject\",\"inLanguage\":\"fr-FR\",\"@id\":\"https:\/\/ursa.marketing\/fr\/#\/schema\/logo\/image\/\",\"url\":\"https:\/\/ursa.marketing\/app\/uploads\/2018\/08\/URSA_fb_img.jpg\",\"contentUrl\":\"https:\/\/ursa.marketing\/app\/uploads\/2018\/08\/URSA_fb_img.jpg\",\"width\":1200,\"height\":627,\"caption\":\"Ursa Marketing\"},\"image\":{\"@id\":\"https:\/\/ursa.marketing\/fr\/#\/schema\/logo\/image\/\"},\"sameAs\":[\"https:\/\/www.facebook.com\/UrsaNumerique\/\",\"https:\/\/www.linkedin.com\/company\/ursa-marketing\/\"]}]}<\/script>\n<!-- \/ Yoast SEO plugin. -->","yoast_head_json":{"title":"Strat\u00e8ge marketing num\u00e9rique | Offre d'emploi","description":"Tu carbures aux d\u00e9fis et tu as le marketing num\u00e9rique dans le sang? Chez Ursa Marketing, on recherche quelqu\u2019un comme toi! Envoie-nous ton curriculum vitae.","robots":{"index":"index","follow":"follow","max-snippet":"max-snippet:-1","max-image-preview":"max-image-preview:large","max-video-preview":"max-video-preview:-1"},"canonical":"https:\/\/ursa.marketing\/fr\/carriere-marketing-numerique\/stratege-marketing-numerique\/","og_locale":"fr_FR","og_type":"article","og_title":"Strat\u00e8ge marketing num\u00e9rique | Offre d'emploi","og_description":"Tu carbures aux d\u00e9fis et tu as le marketing num\u00e9rique dans le sang? Chez Ursa Marketing, on recherche quelqu\u2019un comme toi! Envoie-nous ton curriculum vitae.","og_url":"https:\/\/ursa.marketing\/fr\/carriere-marketing-numerique\/stratege-marketing-numerique\/","og_site_name":"Ursa Marketing","article_publisher":"https:\/\/www.facebook.com\/UrsaNumerique\/","article_modified_time":"2024-07-18T16:28:58+00:00","og_image":[{"width":3589,"height":5383,"url":"https:\/\/ursa.marketing\/app\/uploads\/2019\/04\/ursa-271-2.jpg","type":"image\/jpeg"}],"twitter_card":"summary_large_image","twitter_misc":{"Dur\u00e9e de lecture estim\u00e9e":"2 minutes"},"schema":{"@context":"https:\/\/schema.org","@graph":[{"@type":"WebPage","@id":"https:\/\/ursa.marketing\/fr\/carriere-marketing-numerique\/stratege-marketing-numerique\/","url":"https:\/\/ursa.marketing\/fr\/carriere-marketing-numerique\/stratege-marketing-numerique\/","name":"Strat\u00e8ge marketing num\u00e9rique | Offre d'emploi","isPartOf":{"@id":"https:\/\/ursa.marketing\/fr\/#website"},"datePublished":"2018-08-03T15:31:04+00:00","dateModified":"2024-07-18T16:28:58+00:00","description":"Tu carbures aux d\u00e9fis et tu as le marketing num\u00e9rique dans le sang? Chez Ursa Marketing, on recherche quelqu\u2019un comme toi! Envoie-nous ton curriculum vitae.","breadcrumb":{"@id":"https:\/\/ursa.marketing\/fr\/carriere-marketing-numerique\/stratege-marketing-numerique\/#breadcrumb"},"inLanguage":"fr-FR","potentialAction":[{"@type":"ReadAction","target":["https:\/\/ursa.marketing\/fr\/carriere-marketing-numerique\/stratege-marketing-numerique\/"]}]},{"@type":"BreadcrumbList","@id":"https:\/\/ursa.marketing\/fr\/carriere-marketing-numerique\/stratege-marketing-numerique\/#breadcrumb","itemListElement":[{"@type":"ListItem","position":1,"name":"Home","item":"https:\/\/ursa.marketing\/fr\/"},{"@type":"ListItem","position":2,"name":"Carri\u00e8re en marketing num\u00e9rique","item":"https:\/\/ursa.marketing\/fr\/carriere-marketing-numerique\/"},{"@type":"ListItem","position":3,"name":"Strat\u00e8ge marketing num\u00e9rique"}]},{"@type":"WebSite","@id":"https:\/\/ursa.marketing\/fr\/#website","url":"https:\/\/ursa.marketing\/fr\/","name":"Ursa Marketing","description":"Votre Guide vers la r\u00e9ussite num\u00e9rique","publisher":{"@id":"https:\/\/ursa.marketing\/fr\/#organization"},"potentialAction":[{"@type":"SearchAction","target":{"@type":"EntryPoint","urlTemplate":"https:\/\/ursa.marketing\/fr\/?s={search_term_string}"},"query-input":{"@type":"PropertyValueSpecification","valueRequired":true,"valueName":"search_term_string"}}],"inLanguage":"fr-FR"},{"@type":"Organization","@id":"https:\/\/ursa.marketing\/fr\/#organization","name":"Ursa Marketing","url":"https:\/\/ursa.marketing\/fr\/","logo":{"@type":"ImageObject","inLanguage":"fr-FR","@id":"https:\/\/ursa.marketing\/fr\/#\/schema\/logo\/image\/","url":"https:\/\/ursa.marketing\/app\/uploads\/2018\/08\/URSA_fb_img.jpg","contentUrl":"https:\/\/ursa.marketing\/app\/uploads\/2018\/08\/URSA_fb_img.jpg","width":1200,"height":627,"caption":"Ursa Marketing"},"image":{"@id":"https:\/\/ursa.marketing\/fr\/#\/schema\/logo\/image\/"},"sameAs":["https:\/\/www.facebook.com\/UrsaNumerique\/","https:\/\/www.linkedin.com\/company\/ursa-marketing\/"]}]}},"_links":{"self":[{"href":"https:\/\/ursa.marketing\/fr\/wp-json\/wp\/v2\/pages\/888","targetHints":{"allow":["GET"]}}],"collection":[{"href":"https:\/\/ursa.marketing\/fr\/wp-json\/wp\/v2\/pages"}],"about":[{"href":"https:\/\/ursa.marketing\/fr\/wp-json\/wp\/v2\/types\/page"}],"author":[{"embeddable":true,"href":"https:\/\/ursa.marketing\/fr\/wp-json\/wp\/v2\/users\/1"}],"replies":[{"embeddable":true,"href":"https:\/\/ursa.marketing\/fr\/wp-json\/wp\/v2\/comments?post=888"}],"version-history":[{"count":8,"href":"https:\/\/ursa.marketing\/fr\/wp-json\/wp\/v2\/pages\/888\/revisions"}],"predecessor-version":[{"id":1749,"href":"https:\/\/ursa.marketing\/fr\/wp-json\/wp\/v2\/pages\/888\/revisions\/1749"}],"up":[{"embeddable":true,"href":"https:\/\/ursa.marketing\/fr\/wp-json\/wp\/v2\/pages\/877"}],"wp:attachment":[{"href":"https:\/\/ursa.marketing\/fr\/wp-json\/wp\/v2\/media?parent=888"}],"curies":[{"name":"wp","href":"https:\/\/api.w.org\/{rel}","templated":true}]}}