{"id":871,"date":"2018-08-03T03:05:17","date_gmt":"2018-08-03T03:05:17","guid":{"rendered":"https:\/\/ursa.marketing\/?page_id=871"},"modified":"2026-03-02T20:22:02","modified_gmt":"2026-03-02T20:22:02","slug":"contact","status":"publish","type":"page","link":"https:\/\/ursa.marketing\/fr\/contact\/","title":{"rendered":"Contact"},"content":{"rendered":"<h2>URSA MARKETING<\/h2>\n<p>Nos bureaux sont situ\u00e9s \u00e0 St-Jean-sur-Richelieu, sur la Rive-Sud de Montr\u00e9al.<\/p>\n<p><strong>Adresse<\/strong><br \/>\n409 Boulevard Saint-Luc suite 110<br \/>\nSaint-Jean-sur-Richelieu, Qu\u00e9bec<br \/>\nJ2W 2A3<\/p>\n<p>Tel. :<a href=\"tel:\/\/+14388002212\"> 438-800-2212<\/a><\/p>\n","protected":false},"excerpt":{"rendered":"<p>URSA MARKETING Nos bureaux sont situ\u00e9s \u00e0 St-Jean-sur-Richelieu, sur la Rive-Sud de Montr\u00e9al. Adresse 409 Boulevard Saint-Luc suite 110 Saint-Jean-sur-Richelieu, &hellip;<\/p>\n","protected":false},"author":1,"featured_media":0,"parent":0,"menu_order":0,"comment_status":"closed","ping_status":"closed","template":"template-contact.php","meta":{"_acf_changed":false,"footnotes":""},"class_list":["post-871","page","type-page","status-publish","hentry"],"acf":[],"yoast_head":"<!-- This site is optimized with the Yoast SEO plugin v25.9 - https:\/\/yoast.com\/wordpress\/plugins\/seo\/ -->\n<title>\u00c9crivez-nous ou appelez-nous | Ursa Marketing<\/title>\n<meta name=\"description\" content=\"Nous sommes toujours disponibles pour discuter avec vous de vos enjeux. Toute l\u2019\u00e9quipe est \u00e0 votre disposition pour trouver des solutions \u00e0 vos d\u00e9fis num\u00e9riques\" \/>\n<meta name=\"robots\" content=\"index, follow, max-snippet:-1, max-image-preview:large, max-video-preview:-1\" \/>\n<link rel=\"canonical\" href=\"https:\/\/ursa.marketing\/fr\/contact\/\" \/>\n<meta property=\"og:locale\" content=\"fr_FR\" \/>\n<meta property=\"og:type\" content=\"article\" \/>\n<meta property=\"og:title\" content=\"\u00c9crivez-nous ou appelez-nous | Ursa Marketing\" \/>\n<meta property=\"og:description\" content=\"Nous sommes toujours disponibles pour discuter avec vous de vos enjeux. Toute l\u2019\u00e9quipe est \u00e0 votre disposition pour trouver des solutions \u00e0 vos d\u00e9fis num\u00e9riques\" \/>\n<meta property=\"og:url\" content=\"https:\/\/ursa.marketing\/fr\/contact\/\" \/>\n<meta property=\"og:site_name\" content=\"Ursa Marketing\" \/>\n<meta property=\"article:publisher\" content=\"https:\/\/www.facebook.com\/UrsaNumerique\/\" \/>\n<meta property=\"article:modified_time\" content=\"2026-03-02T20:22:02+00:00\" \/>\n<meta property=\"og:image\" content=\"https:\/\/ursa.marketing\/app\/uploads\/2018\/08\/URSA_fb_img.jpg\" \/>\n\t<meta property=\"og:image:width\" content=\"1200\" \/>\n\t<meta property=\"og:image:height\" content=\"627\" \/>\n\t<meta property=\"og:image:type\" content=\"image\/jpeg\" \/>\n<meta name=\"twitter:card\" content=\"summary_large_image\" \/>\n<meta name=\"twitter:label1\" content=\"Dur\u00e9e de lecture estim\u00e9e\" \/>\n\t<meta name=\"twitter:data1\" content=\"1 minute\" \/>\n<script type=\"application\/ld+json\" class=\"yoast-schema-graph\">{\"@context\":\"https:\/\/schema.org\",\"@graph\":[{\"@type\":\"WebPage\",\"@id\":\"https:\/\/ursa.marketing\/fr\/contact\/\",\"url\":\"https:\/\/ursa.marketing\/fr\/contact\/\",\"name\":\"\u00c9crivez-nous ou appelez-nous | Ursa Marketing\",\"isPartOf\":{\"@id\":\"https:\/\/ursa.marketing\/fr\/#website\"},\"datePublished\":\"2018-08-03T03:05:17+00:00\",\"dateModified\":\"2026-03-02T20:22:02+00:00\",\"description\":\"Nous sommes toujours disponibles pour discuter avec vous de vos enjeux. Toute l\u2019\u00e9quipe est \u00e0 votre disposition pour trouver des solutions \u00e0 vos d\u00e9fis num\u00e9riques\",\"breadcrumb\":{\"@id\":\"https:\/\/ursa.marketing\/fr\/contact\/#breadcrumb\"},\"inLanguage\":\"fr-FR\",\"potentialAction\":[{\"@type\":\"ReadAction\",\"target\":[\"https:\/\/ursa.marketing\/fr\/contact\/\"]}]},{\"@type\":\"BreadcrumbList\",\"@id\":\"https:\/\/ursa.marketing\/fr\/contact\/#breadcrumb\",\"itemListElement\":[{\"@type\":\"ListItem\",\"position\":1,\"name\":\"Home\",\"item\":\"https:\/\/ursa.marketing\/fr\/\"},{\"@type\":\"ListItem\",\"position\":2,\"name\":\"Contact\"}]},{\"@type\":\"WebSite\",\"@id\":\"https:\/\/ursa.marketing\/fr\/#website\",\"url\":\"https:\/\/ursa.marketing\/fr\/\",\"name\":\"Ursa Marketing\",\"description\":\"Votre Guide vers la r\u00e9ussite num\u00e9rique\",\"publisher\":{\"@id\":\"https:\/\/ursa.marketing\/fr\/#organization\"},\"potentialAction\":[{\"@type\":\"SearchAction\",\"target\":{\"@type\":\"EntryPoint\",\"urlTemplate\":\"https:\/\/ursa.marketing\/fr\/?s={search_term_string}\"},\"query-input\":{\"@type\":\"PropertyValueSpecification\",\"valueRequired\":true,\"valueName\":\"search_term_string\"}}],\"inLanguage\":\"fr-FR\"},{\"@type\":\"Organization\",\"@id\":\"https:\/\/ursa.marketing\/fr\/#organization\",\"name\":\"Ursa Marketing\",\"url\":\"https:\/\/ursa.marketing\/fr\/\",\"logo\":{\"@type\":\"ImageObject\",\"inLanguage\":\"fr-FR\",\"@id\":\"https:\/\/ursa.marketing\/fr\/#\/schema\/logo\/image\/\",\"url\":\"https:\/\/ursa.marketing\/app\/uploads\/2018\/08\/URSA_fb_img.jpg\",\"contentUrl\":\"https:\/\/ursa.marketing\/app\/uploads\/2018\/08\/URSA_fb_img.jpg\",\"width\":1200,\"height\":627,\"caption\":\"Ursa Marketing\"},\"image\":{\"@id\":\"https:\/\/ursa.marketing\/fr\/#\/schema\/logo\/image\/\"},\"sameAs\":[\"https:\/\/www.facebook.com\/UrsaNumerique\/\",\"https:\/\/www.linkedin.com\/company\/ursa-marketing\/\"]}]}<\/script>\n<!-- \/ Yoast SEO plugin. -->","yoast_head_json":{"title":"\u00c9crivez-nous ou appelez-nous | Ursa Marketing","description":"Nous sommes toujours disponibles pour discuter avec vous de vos enjeux. Toute l\u2019\u00e9quipe est \u00e0 votre disposition pour trouver des solutions \u00e0 vos d\u00e9fis num\u00e9riques","robots":{"index":"index","follow":"follow","max-snippet":"max-snippet:-1","max-image-preview":"max-image-preview:large","max-video-preview":"max-video-preview:-1"},"canonical":"https:\/\/ursa.marketing\/fr\/contact\/","og_locale":"fr_FR","og_type":"article","og_title":"\u00c9crivez-nous ou appelez-nous | Ursa Marketing","og_description":"Nous sommes toujours disponibles pour discuter avec vous de vos enjeux. Toute l\u2019\u00e9quipe est \u00e0 votre disposition pour trouver des solutions \u00e0 vos d\u00e9fis num\u00e9riques","og_url":"https:\/\/ursa.marketing\/fr\/contact\/","og_site_name":"Ursa Marketing","article_publisher":"https:\/\/www.facebook.com\/UrsaNumerique\/","article_modified_time":"2026-03-02T20:22:02+00:00","og_image":[{"width":1200,"height":627,"url":"https:\/\/ursa.marketing\/app\/uploads\/2018\/08\/URSA_fb_img.jpg","type":"image\/jpeg"}],"twitter_card":"summary_large_image","twitter_misc":{"Dur\u00e9e de lecture estim\u00e9e":"1 minute"},"schema":{"@context":"https:\/\/schema.org","@graph":[{"@type":"WebPage","@id":"https:\/\/ursa.marketing\/fr\/contact\/","url":"https:\/\/ursa.marketing\/fr\/contact\/","name":"\u00c9crivez-nous ou appelez-nous | Ursa Marketing","isPartOf":{"@id":"https:\/\/ursa.marketing\/fr\/#website"},"datePublished":"2018-08-03T03:05:17+00:00","dateModified":"2026-03-02T20:22:02+00:00","description":"Nous sommes toujours disponibles pour discuter avec vous de vos enjeux. Toute l\u2019\u00e9quipe est \u00e0 votre disposition pour trouver des solutions \u00e0 vos d\u00e9fis num\u00e9riques","breadcrumb":{"@id":"https:\/\/ursa.marketing\/fr\/contact\/#breadcrumb"},"inLanguage":"fr-FR","potentialAction":[{"@type":"ReadAction","target":["https:\/\/ursa.marketing\/fr\/contact\/"]}]},{"@type":"BreadcrumbList","@id":"https:\/\/ursa.marketing\/fr\/contact\/#breadcrumb","itemListElement":[{"@type":"ListItem","position":1,"name":"Home","item":"https:\/\/ursa.marketing\/fr\/"},{"@type":"ListItem","position":2,"name":"Contact"}]},{"@type":"WebSite","@id":"https:\/\/ursa.marketing\/fr\/#website","url":"https:\/\/ursa.marketing\/fr\/","name":"Ursa Marketing","description":"Votre Guide vers la r\u00e9ussite num\u00e9rique","publisher":{"@id":"https:\/\/ursa.marketing\/fr\/#organization"},"potentialAction":[{"@type":"SearchAction","target":{"@type":"EntryPoint","urlTemplate":"https:\/\/ursa.marketing\/fr\/?s={search_term_string}"},"query-input":{"@type":"PropertyValueSpecification","valueRequired":true,"valueName":"search_term_string"}}],"inLanguage":"fr-FR"},{"@type":"Organization","@id":"https:\/\/ursa.marketing\/fr\/#organization","name":"Ursa Marketing","url":"https:\/\/ursa.marketing\/fr\/","logo":{"@type":"ImageObject","inLanguage":"fr-FR","@id":"https:\/\/ursa.marketing\/fr\/#\/schema\/logo\/image\/","url":"https:\/\/ursa.marketing\/app\/uploads\/2018\/08\/URSA_fb_img.jpg","contentUrl":"https:\/\/ursa.marketing\/app\/uploads\/2018\/08\/URSA_fb_img.jpg","width":1200,"height":627,"caption":"Ursa Marketing"},"image":{"@id":"https:\/\/ursa.marketing\/fr\/#\/schema\/logo\/image\/"},"sameAs":["https:\/\/www.facebook.com\/UrsaNumerique\/","https:\/\/www.linkedin.com\/company\/ursa-marketing\/"]}]}},"_links":{"self":[{"href":"https:\/\/ursa.marketing\/fr\/wp-json\/wp\/v2\/pages\/871","targetHints":{"allow":["GET"]}}],"collection":[{"href":"https:\/\/ursa.marketing\/fr\/wp-json\/wp\/v2\/pages"}],"about":[{"href":"https:\/\/ursa.marketing\/fr\/wp-json\/wp\/v2\/types\/page"}],"author":[{"embeddable":true,"href":"https:\/\/ursa.marketing\/fr\/wp-json\/wp\/v2\/users\/1"}],"replies":[{"embeddable":true,"href":"https:\/\/ursa.marketing\/fr\/wp-json\/wp\/v2\/comments?post=871"}],"version-history":[{"count":5,"href":"https:\/\/ursa.marketing\/fr\/wp-json\/wp\/v2\/pages\/871\/revisions"}],"predecessor-version":[{"id":3630,"href":"https:\/\/ursa.marketing\/fr\/wp-json\/wp\/v2\/pages\/871\/revisions\/3630"}],"wp:attachment":[{"href":"https:\/\/ursa.marketing\/fr\/wp-json\/wp\/v2\/media?parent=871"}],"curies":[{"name":"wp","href":"https:\/\/api.w.org\/{rel}","templated":true}]}}