{"id":38,"date":"2017-10-25T15:19:48","date_gmt":"2017-10-25T15:19:48","guid":{"rendered":"http:\/\/epic.domingue.ca\/?page_id=38"},"modified":"2022-02-11T20:54:02","modified_gmt":"2022-02-11T20:54:02","slug":"augmenter-revenue-de-votre-entreprise","status":"publish","type":"page","link":"https:\/\/ursa.marketing\/fr\/strategie-numerique\/augmenter-revenue-de-votre-entreprise\/","title":{"rendered":"Augmenter le revenu de votre entreprise"},"content":{"rendered":"<h2>Acquisition d&rsquo;achalandage<\/h2>\n<p>Optimiser votre pr\u00e9sence en ligne c&rsquo;est donner plus de visibilit\u00e9 \u00e0 votre entreprise.\u00a0 Il y a plusieurs moyens d&rsquo;accro\u00eetre cette visibilit\u00e9 sur internet : le <a href=\"https:\/\/ursa.marketing\/fr\/tactique\/optimiser-votre-referencement-seo\/\">SEO<\/a> et les campagnes de <a href=\"https:\/\/ursa.marketing\/fr\/tactique\/publicite-numerique\/\">publicit\u00e9 num\u00e9rique<\/a> repr\u00e9sentent deux exemples pour y parvenir.<br \/><br \/><\/p>\n<h3>Publicit\u00e9 Num\u00e9rique<\/h3>\n<p>Gr\u00e2ce aux r\u00e9seaux de publicit\u00e9 comme ceux de Facebook et Google, vous pouvez obtenir une tr\u00e8s grande visibilit\u00e9 aupr\u00e8s de votre client\u00e8le cible. En misant sur des mots cl\u00e9s avec\u00a0<a href=\"https:\/\/ursa.marketing\/fr\/tactique\/publicite-numerique\/google-adwords\/\">Google Ads<\/a>, votre offre devient visible \u00e0 l&rsquo;endroit o\u00f9 votre client effectue une recherche. \u00c0 l&rsquo;instant pr\u00e9cis o\u00f9 votre client cible magasine ses achats, vous devez \u00eatre visible \u00e0 ses yeux, vous d\u00e9marquez du lot et devenir son choix final.<\/p>\n<p>La <a href=\"https:\/\/ursa.marketing\/fr\/tactique\/publicite-numerique\/publicite-facebook\/\">publicit\u00e9 Facebook<\/a> comporte plusieurs avantages. Vous pouvez communiquer votre offre directement \u00e0 un public cible, gr\u00e2ce \u00e0 des crit\u00e8res tr\u00e8s pr\u00e9cis. Vous pouvez aussi rappeler votre pr\u00e9sence gr\u00e2ce \u00e0 des publicit\u00e9s apparaissant aux utilisateurs Facebook ayant d\u00e9j\u00e0 visit\u00e9s le site de votre entreprise.<br \/><br \/><\/p>\n<h3>SEO (Search Engine Optimization)<\/h3>\n<p>Au Canada, dans une grande mesure, nous r\u00e9alisons nos recherches d&rsquo;information en utilisant Google. Votre entreprise existe vraiment <strong>si et seulement si<\/strong> sa pr\u00e9sence s&rsquo;affiche sur la <strong>premi\u00e8re page<\/strong>.\u00a0 La premi\u00e8re page vous assure d&rsquo;un achalandage important de visiteurs et, possiblement d&rsquo;acheteurs. Avec ces acheteurs, votre site web devient un investissement judicieux\u00a0 et rentable assurant la visibilit\u00e9 de votre entreprise.<\/p>\n<p>En consid\u00e9rant d&rsquo;<a href=\"https:\/\/ursa.marketing\/fr\/tactique\/optimiser-votre-referencement-seo\/\">optimiser le r\u00e9f\u00e9rencement SEO<\/a> de votre site d&rsquo;entreprise, vous augmentez votre pr\u00e9sence aupr\u00e8s de votre client\u00e8le cible et l&rsquo;achalandage sur votre site web.<br \/>\n<br \/><\/p>\n<hr \/>\n<br \/>\n<h2>Conversion<\/h2>\n<p>La conversion se d\u00e9finit comme \u00e9tant la transformation d&rsquo;un visiteur (client anonyme) en client ou en prospect identifi\u00e9 (lead).\u00a0 Pour que cette conversion se r\u00e9alise, le visiteur doit se sentir en confiance et trouver rapidement l&rsquo;information recherch\u00e9e.\u00a0 Tout doit \u00eatre mis en oeuvre pour l&rsquo;amener \u00e0 convertir.<\/p>\n<p>Dans le contexte d&rsquo;un site de commerce \u00e9lectronique, un achat est consid\u00e9r\u00e9 comme une conversion. Dans certains cas, la conversion se passe hors-ligne. Par exemple, on peut vouloir diriger le visiteur vers une adresse civique ou l&rsquo;amener \u00e0 r\u00e9aliser un appel t\u00e9l\u00e9phonique.<\/p>\n<p>Votre site doit d\u00e9gager assez de confiance pour amener un visiteur \u00e0 vous contacter. La cr\u00e9dibilit\u00e9 de votre site web est un facteur cl\u00e9 qui contribue \u00e0 convertir un visiteur en client.\u00a0 La qualit\u00e9 de votre pr\u00e9sence en ligne est proportionnelle au nombre de clients que vous obtiendrez.<br \/>\n<br \/><\/p>\n<hr \/>\n<br \/>\n<h2>Mesure de performance ou KPI<\/h2>\n<p>Il est essentiel de mesurer la performance de votre pr\u00e9sence en ligne pour en assurer son optimisation. Pour \u00eatre efficace, la mesure de performance devrait \u00eatre effectu\u00e9e avec <a href=\"https:\/\/ursa.marketing\/fr\/tactique\/mesure-de-performance-et-tableaux-de-bords\/\">un tableau de bord<\/a>\u00a0affichant des indicateurs de performance (KPI ou <strong>K<\/strong>ey <strong>P<\/strong>erformance <strong>I<\/strong>ndicator). Chaque indicateur de performance sert \u00e0 mesurer un aspect critique et significatif de votre entreprise (exemple: taux de conversion). En suivant l&rsquo;\u00e9volution des indicateurs de performance vous pourrez mesurer le succ\u00e8s de vos tactiques de marketing num\u00e9rique et apporter les correctifs qui s&rsquo;imposent.<\/p>\n<p>Une strat\u00e9gie de marketing num\u00e9rique bien orchestr\u00e9e, combin\u00e9e \u00e0 un tableau de bord personnalis\u00e9 \u00e0 votre domaine d&rsquo;affaires, tracent la voie au succ\u00e8s de votre entreprise.<\/p>\n","protected":false},"excerpt":{"rendered":"<p>Acquisition d&rsquo;achalandage Optimiser votre pr\u00e9sence en ligne c&rsquo;est donner plus de visibilit\u00e9 \u00e0 votre entreprise.\u00a0 Il y a plusieurs moyens &hellip;<\/p>\n","protected":false},"author":1,"featured_media":0,"parent":36,"menu_order":0,"comment_status":"closed","ping_status":"closed","template":"template-service-first.php","meta":{"_acf_changed":false,"footnotes":""},"class_list":["post-38","page","type-page","status-publish","hentry"],"acf":[],"yoast_head":"<!-- This site is optimized with the Yoast SEO plugin v25.9 - https:\/\/yoast.com\/wordpress\/plugins\/seo\/ -->\n<title>Augmenter le revenu de votre entreprise | Ursa Marketing<\/title>\n<meta name=\"description\" content=\"Voici quelques moyens faciles et rapides d&#039;accro\u00eetre votre visibilit\u00e9 en ligne, d&#039;augmenter vos revenus et de mesurer le succ\u00e8s de votre strat\u00e9gie num\u00e9rique.\" \/>\n<meta name=\"robots\" content=\"index, follow, max-snippet:-1, max-image-preview:large, max-video-preview:-1\" \/>\n<link rel=\"canonical\" href=\"https:\/\/ursa.marketing\/fr\/strategie-numerique\/augmenter-revenue-de-votre-entreprise\/\" \/>\n<meta property=\"og:locale\" content=\"fr_FR\" \/>\n<meta property=\"og:type\" content=\"article\" \/>\n<meta property=\"og:title\" content=\"Augmenter le revenu de votre entreprise | Ursa Marketing\" \/>\n<meta property=\"og:description\" content=\"Voici quelques moyens faciles et rapides d&#039;accro\u00eetre votre visibilit\u00e9 en ligne, d&#039;augmenter vos revenus et de mesurer le succ\u00e8s de votre strat\u00e9gie num\u00e9rique.\" \/>\n<meta property=\"og:url\" content=\"https:\/\/ursa.marketing\/fr\/strategie-numerique\/augmenter-revenue-de-votre-entreprise\/\" \/>\n<meta property=\"og:site_name\" content=\"Ursa Marketing\" \/>\n<meta property=\"article:publisher\" content=\"https:\/\/www.facebook.com\/UrsaNumerique\/\" \/>\n<meta property=\"article:modified_time\" content=\"2022-02-11T20:54:02+00:00\" \/>\n<meta property=\"og:image\" content=\"https:\/\/ursa.marketing\/app\/uploads\/2018\/08\/URSA_fb_img.jpg\" \/>\n\t<meta property=\"og:image:width\" content=\"1200\" \/>\n\t<meta property=\"og:image:height\" content=\"627\" \/>\n\t<meta property=\"og:image:type\" content=\"image\/jpeg\" \/>\n<meta name=\"twitter:card\" content=\"summary_large_image\" \/>\n<meta name=\"twitter:label1\" content=\"Dur\u00e9e de lecture estim\u00e9e\" \/>\n\t<meta name=\"twitter:data1\" content=\"3 minutes\" \/>\n<script type=\"application\/ld+json\" class=\"yoast-schema-graph\">{\"@context\":\"https:\/\/schema.org\",\"@graph\":[{\"@type\":\"WebPage\",\"@id\":\"https:\/\/ursa.marketing\/fr\/strategie-numerique\/augmenter-revenue-de-votre-entreprise\/\",\"url\":\"https:\/\/ursa.marketing\/fr\/strategie-numerique\/augmenter-revenue-de-votre-entreprise\/\",\"name\":\"Augmenter le revenu de votre entreprise | Ursa Marketing\",\"isPartOf\":{\"@id\":\"https:\/\/ursa.marketing\/fr\/#website\"},\"datePublished\":\"2017-10-25T15:19:48+00:00\",\"dateModified\":\"2022-02-11T20:54:02+00:00\",\"description\":\"Voici quelques moyens faciles et rapides d'accro\u00eetre votre visibilit\u00e9 en ligne, d'augmenter vos revenus et de mesurer le succ\u00e8s de votre strat\u00e9gie num\u00e9rique.\",\"breadcrumb\":{\"@id\":\"https:\/\/ursa.marketing\/fr\/strategie-numerique\/augmenter-revenue-de-votre-entreprise\/#breadcrumb\"},\"inLanguage\":\"fr-FR\",\"potentialAction\":[{\"@type\":\"ReadAction\",\"target\":[\"https:\/\/ursa.marketing\/fr\/strategie-numerique\/augmenter-revenue-de-votre-entreprise\/\"]}]},{\"@type\":\"BreadcrumbList\",\"@id\":\"https:\/\/ursa.marketing\/fr\/strategie-numerique\/augmenter-revenue-de-votre-entreprise\/#breadcrumb\",\"itemListElement\":[{\"@type\":\"ListItem\",\"position\":1,\"name\":\"Home\",\"item\":\"https:\/\/ursa.marketing\/fr\/\"},{\"@type\":\"ListItem\",\"position\":2,\"name\":\"Strat\u00e9gie marketing num\u00e9rique\",\"item\":\"https:\/\/ursa.marketing\/fr\/strategie-numerique\/\"},{\"@type\":\"ListItem\",\"position\":3,\"name\":\"Augmenter le revenu de votre entreprise\"}]},{\"@type\":\"WebSite\",\"@id\":\"https:\/\/ursa.marketing\/fr\/#website\",\"url\":\"https:\/\/ursa.marketing\/fr\/\",\"name\":\"Ursa Marketing\",\"description\":\"Votre Guide vers la r\u00e9ussite num\u00e9rique\",\"publisher\":{\"@id\":\"https:\/\/ursa.marketing\/fr\/#organization\"},\"potentialAction\":[{\"@type\":\"SearchAction\",\"target\":{\"@type\":\"EntryPoint\",\"urlTemplate\":\"https:\/\/ursa.marketing\/fr\/?s={search_term_string}\"},\"query-input\":{\"@type\":\"PropertyValueSpecification\",\"valueRequired\":true,\"valueName\":\"search_term_string\"}}],\"inLanguage\":\"fr-FR\"},{\"@type\":\"Organization\",\"@id\":\"https:\/\/ursa.marketing\/fr\/#organization\",\"name\":\"Ursa Marketing\",\"url\":\"https:\/\/ursa.marketing\/fr\/\",\"logo\":{\"@type\":\"ImageObject\",\"inLanguage\":\"fr-FR\",\"@id\":\"https:\/\/ursa.marketing\/fr\/#\/schema\/logo\/image\/\",\"url\":\"https:\/\/ursa.marketing\/app\/uploads\/2018\/08\/URSA_fb_img.jpg\",\"contentUrl\":\"https:\/\/ursa.marketing\/app\/uploads\/2018\/08\/URSA_fb_img.jpg\",\"width\":1200,\"height\":627,\"caption\":\"Ursa Marketing\"},\"image\":{\"@id\":\"https:\/\/ursa.marketing\/fr\/#\/schema\/logo\/image\/\"},\"sameAs\":[\"https:\/\/www.facebook.com\/UrsaNumerique\/\",\"https:\/\/www.linkedin.com\/company\/ursa-marketing\/\"]}]}<\/script>\n<!-- \/ Yoast SEO plugin. -->","yoast_head_json":{"title":"Augmenter le revenu de votre entreprise | Ursa Marketing","description":"Voici quelques moyens faciles et rapides d'accro\u00eetre votre visibilit\u00e9 en ligne, d'augmenter vos revenus et de mesurer le succ\u00e8s de votre strat\u00e9gie num\u00e9rique.","robots":{"index":"index","follow":"follow","max-snippet":"max-snippet:-1","max-image-preview":"max-image-preview:large","max-video-preview":"max-video-preview:-1"},"canonical":"https:\/\/ursa.marketing\/fr\/strategie-numerique\/augmenter-revenue-de-votre-entreprise\/","og_locale":"fr_FR","og_type":"article","og_title":"Augmenter le revenu de votre entreprise | Ursa Marketing","og_description":"Voici quelques moyens faciles et rapides d'accro\u00eetre votre visibilit\u00e9 en ligne, d'augmenter vos revenus et de mesurer le succ\u00e8s de votre strat\u00e9gie num\u00e9rique.","og_url":"https:\/\/ursa.marketing\/fr\/strategie-numerique\/augmenter-revenue-de-votre-entreprise\/","og_site_name":"Ursa Marketing","article_publisher":"https:\/\/www.facebook.com\/UrsaNumerique\/","article_modified_time":"2022-02-11T20:54:02+00:00","og_image":[{"width":1200,"height":627,"url":"https:\/\/ursa.marketing\/app\/uploads\/2018\/08\/URSA_fb_img.jpg","type":"image\/jpeg"}],"twitter_card":"summary_large_image","twitter_misc":{"Dur\u00e9e de lecture estim\u00e9e":"3 minutes"},"schema":{"@context":"https:\/\/schema.org","@graph":[{"@type":"WebPage","@id":"https:\/\/ursa.marketing\/fr\/strategie-numerique\/augmenter-revenue-de-votre-entreprise\/","url":"https:\/\/ursa.marketing\/fr\/strategie-numerique\/augmenter-revenue-de-votre-entreprise\/","name":"Augmenter le revenu de votre entreprise | Ursa Marketing","isPartOf":{"@id":"https:\/\/ursa.marketing\/fr\/#website"},"datePublished":"2017-10-25T15:19:48+00:00","dateModified":"2022-02-11T20:54:02+00:00","description":"Voici quelques moyens faciles et rapides d'accro\u00eetre votre visibilit\u00e9 en ligne, d'augmenter vos revenus et de mesurer le succ\u00e8s de votre strat\u00e9gie num\u00e9rique.","breadcrumb":{"@id":"https:\/\/ursa.marketing\/fr\/strategie-numerique\/augmenter-revenue-de-votre-entreprise\/#breadcrumb"},"inLanguage":"fr-FR","potentialAction":[{"@type":"ReadAction","target":["https:\/\/ursa.marketing\/fr\/strategie-numerique\/augmenter-revenue-de-votre-entreprise\/"]}]},{"@type":"BreadcrumbList","@id":"https:\/\/ursa.marketing\/fr\/strategie-numerique\/augmenter-revenue-de-votre-entreprise\/#breadcrumb","itemListElement":[{"@type":"ListItem","position":1,"name":"Home","item":"https:\/\/ursa.marketing\/fr\/"},{"@type":"ListItem","position":2,"name":"Strat\u00e9gie marketing num\u00e9rique","item":"https:\/\/ursa.marketing\/fr\/strategie-numerique\/"},{"@type":"ListItem","position":3,"name":"Augmenter le revenu de votre entreprise"}]},{"@type":"WebSite","@id":"https:\/\/ursa.marketing\/fr\/#website","url":"https:\/\/ursa.marketing\/fr\/","name":"Ursa Marketing","description":"Votre Guide vers la r\u00e9ussite num\u00e9rique","publisher":{"@id":"https:\/\/ursa.marketing\/fr\/#organization"},"potentialAction":[{"@type":"SearchAction","target":{"@type":"EntryPoint","urlTemplate":"https:\/\/ursa.marketing\/fr\/?s={search_term_string}"},"query-input":{"@type":"PropertyValueSpecification","valueRequired":true,"valueName":"search_term_string"}}],"inLanguage":"fr-FR"},{"@type":"Organization","@id":"https:\/\/ursa.marketing\/fr\/#organization","name":"Ursa Marketing","url":"https:\/\/ursa.marketing\/fr\/","logo":{"@type":"ImageObject","inLanguage":"fr-FR","@id":"https:\/\/ursa.marketing\/fr\/#\/schema\/logo\/image\/","url":"https:\/\/ursa.marketing\/app\/uploads\/2018\/08\/URSA_fb_img.jpg","contentUrl":"https:\/\/ursa.marketing\/app\/uploads\/2018\/08\/URSA_fb_img.jpg","width":1200,"height":627,"caption":"Ursa Marketing"},"image":{"@id":"https:\/\/ursa.marketing\/fr\/#\/schema\/logo\/image\/"},"sameAs":["https:\/\/www.facebook.com\/UrsaNumerique\/","https:\/\/www.linkedin.com\/company\/ursa-marketing\/"]}]}},"_links":{"self":[{"href":"https:\/\/ursa.marketing\/fr\/wp-json\/wp\/v2\/pages\/38","targetHints":{"allow":["GET"]}}],"collection":[{"href":"https:\/\/ursa.marketing\/fr\/wp-json\/wp\/v2\/pages"}],"about":[{"href":"https:\/\/ursa.marketing\/fr\/wp-json\/wp\/v2\/types\/page"}],"author":[{"embeddable":true,"href":"https:\/\/ursa.marketing\/fr\/wp-json\/wp\/v2\/users\/1"}],"replies":[{"embeddable":true,"href":"https:\/\/ursa.marketing\/fr\/wp-json\/wp\/v2\/comments?post=38"}],"version-history":[{"count":37,"href":"https:\/\/ursa.marketing\/fr\/wp-json\/wp\/v2\/pages\/38\/revisions"}],"predecessor-version":[{"id":958,"href":"https:\/\/ursa.marketing\/fr\/wp-json\/wp\/v2\/pages\/38\/revisions\/958"}],"up":[{"embeddable":true,"href":"https:\/\/ursa.marketing\/fr\/wp-json\/wp\/v2\/pages\/36"}],"wp:attachment":[{"href":"https:\/\/ursa.marketing\/fr\/wp-json\/wp\/v2\/media?parent=38"}],"curies":[{"name":"wp","href":"https:\/\/api.w.org\/{rel}","templated":true}]}}