{"id":32,"date":"2017-10-25T15:13:49","date_gmt":"2017-10-25T15:13:49","guid":{"rendered":"http:\/\/epic.domingue.ca\/?page_id=32"},"modified":"2022-02-11T21:01:59","modified_gmt":"2022-02-11T21:01:59","slug":"formation-google-analytics","status":"publish","type":"page","link":"https:\/\/ursa.marketing\/fr\/tactique\/formation\/formation-google-analytics\/","title":{"rendered":"Formation Google Analytics &#8211; D\u00e9butant"},"content":{"rendered":"<p><strong>Objectif de la formation:<\/strong><br \/>\nComprendre le fonctionnement de Google Analytics afin d\u2019\u00eatre capable d\u2019interpr\u00e9ter ses r\u00e9sultats.<\/p>\n<p><strong>Public cible:<\/strong><br \/>\nCette formation s\u2019adresse aux personnes qui aimeraient mesurer les performances de son site web pour l&rsquo;optimiser son efficacit\u00e9. Bienvenue au d\u00e9butant!<\/p>\n<p><strong>Description:<br \/>\n<\/strong>Pour \u00eatre en mesure d&rsquo;am\u00e9liorer ses r\u00e9sultats, il faut tout d&rsquo;abord pouvoir les mesurer. Google Analytics est un outil tr\u00e8s efficace pour bien mesurer la performance de votre site web. En effet, cet outil offert par Google permet de mieux comprendre l&rsquo;utilisation de votre site web. Vous pouvez vous servir de cette information pour ensuite <strong>optimiser votre pr\u00e9sence en ligne<\/strong>.<\/p>\n<p>Cette formation couvre deux parties.<\/p>\n<br \/>\n<ol>\n<li>\n<h2>Fonctionnement de Google Analytics :<\/h2>\n<ul>\n<li><em>Snippet javascript<\/em> Google Analytics<\/li>\n<li>Collecte des donn\u00e9es<\/li>\n<li>Fonctionnement des cookies<\/li>\n<\/ul>\n<\/li>\n<li>\n<h2>Utilisation de Google Analytics<\/h2>\n<ul>\n<li>Comprendre comment naviguer \u00e0 travers l&rsquo;interface utilisateur<\/li>\n<li>Conna\u00eetre les indicateurs de performance les plus importants<\/li>\n<li>Comparer les r\u00e9sultats<\/li>\n<li>Segmenter les r\u00e9sultats<\/li>\n<li>Conversion et Cr\u00e9ation d&rsquo;objectif<\/li>\n<li>D\u00e9monstration<\/li>\n<\/ul>\n<\/li>\n<\/ol>\n<p>Cette formation s&rsquo;adresse \u00e0 toute personne qui aimerait <strong>comprendre et interpr\u00e9ter un rapport Google Analytics<\/strong><\/p>\n","protected":false},"excerpt":{"rendered":"<p>Objectif de la formation: Comprendre le fonctionnement de Google Analytics afin d\u2019\u00eatre capable d\u2019interpr\u00e9ter ses r\u00e9sultats. Public cible: Cette formation &hellip;<\/p>\n","protected":false},"author":1,"featured_media":0,"parent":13,"menu_order":0,"comment_status":"closed","ping_status":"closed","template":"template-service-first.php","meta":{"_acf_changed":false,"footnotes":""},"class_list":["post-32","page","type-page","status-publish","hentry"],"acf":[],"yoast_head":"<!-- This site is optimized with the Yoast SEO plugin v25.9 - https:\/\/yoast.com\/wordpress\/plugins\/seo\/ -->\n<title>Formation Google Analytics | D\u00e9butant | Ursa Marketing<\/title>\n<meta name=\"description\" content=\"Nous offrons une formation sur Google Analytics pour d\u00e9butant. Vous conna\u00eetrez les indicateurs de performance et vous pourrez comparer \/ segmenter les r\u00e9sultats\" \/>\n<meta name=\"robots\" content=\"index, follow, max-snippet:-1, max-image-preview:large, max-video-preview:-1\" \/>\n<link rel=\"canonical\" href=\"https:\/\/ursa.marketing\/fr\/tactique\/formation\/formation-google-analytics\/\" \/>\n<meta property=\"og:locale\" content=\"fr_FR\" \/>\n<meta property=\"og:type\" content=\"article\" \/>\n<meta property=\"og:title\" content=\"Formation Google Analytics | D\u00e9butant | Ursa Marketing\" \/>\n<meta property=\"og:description\" content=\"Nous offrons une formation sur Google Analytics pour d\u00e9butant. Vous conna\u00eetrez les indicateurs de performance et vous pourrez comparer \/ segmenter les r\u00e9sultats\" \/>\n<meta property=\"og:url\" content=\"https:\/\/ursa.marketing\/fr\/tactique\/formation\/formation-google-analytics\/\" \/>\n<meta property=\"og:site_name\" content=\"Ursa Marketing\" \/>\n<meta property=\"article:publisher\" content=\"https:\/\/www.facebook.com\/UrsaNumerique\/\" \/>\n<meta property=\"article:modified_time\" content=\"2022-02-11T21:01:59+00:00\" \/>\n<meta property=\"og:image\" content=\"https:\/\/ursa.marketing\/app\/uploads\/2018\/08\/URSA_fb_img.jpg\" \/>\n\t<meta property=\"og:image:width\" content=\"1200\" \/>\n\t<meta property=\"og:image:height\" content=\"627\" \/>\n\t<meta property=\"og:image:type\" content=\"image\/jpeg\" \/>\n<meta name=\"twitter:card\" content=\"summary_large_image\" \/>\n<meta name=\"twitter:label1\" content=\"Dur\u00e9e de lecture estim\u00e9e\" \/>\n\t<meta name=\"twitter:data1\" content=\"1 minute\" \/>\n<script type=\"application\/ld+json\" class=\"yoast-schema-graph\">{\"@context\":\"https:\/\/schema.org\",\"@graph\":[{\"@type\":\"WebPage\",\"@id\":\"https:\/\/ursa.marketing\/fr\/tactique\/formation\/formation-google-analytics\/\",\"url\":\"https:\/\/ursa.marketing\/fr\/tactique\/formation\/formation-google-analytics\/\",\"name\":\"Formation Google Analytics | D\u00e9butant | Ursa Marketing\",\"isPartOf\":{\"@id\":\"https:\/\/ursa.marketing\/fr\/#website\"},\"datePublished\":\"2017-10-25T15:13:49+00:00\",\"dateModified\":\"2022-02-11T21:01:59+00:00\",\"description\":\"Nous offrons une formation sur Google Analytics pour d\u00e9butant. Vous conna\u00eetrez les indicateurs de performance et vous pourrez comparer \/ segmenter les r\u00e9sultats\",\"breadcrumb\":{\"@id\":\"https:\/\/ursa.marketing\/fr\/tactique\/formation\/formation-google-analytics\/#breadcrumb\"},\"inLanguage\":\"fr-FR\",\"potentialAction\":[{\"@type\":\"ReadAction\",\"target\":[\"https:\/\/ursa.marketing\/fr\/tactique\/formation\/formation-google-analytics\/\"]}]},{\"@type\":\"BreadcrumbList\",\"@id\":\"https:\/\/ursa.marketing\/fr\/tactique\/formation\/formation-google-analytics\/#breadcrumb\",\"itemListElement\":[{\"@type\":\"ListItem\",\"position\":1,\"name\":\"Home\",\"item\":\"https:\/\/ursa.marketing\/fr\/\"},{\"@type\":\"ListItem\",\"position\":2,\"name\":\"Marketing num\u00e9rique\",\"item\":\"https:\/\/ursa.marketing\/fr\/tactique\/\"},{\"@type\":\"ListItem\",\"position\":3,\"name\":\"Formation en entreprise\",\"item\":\"https:\/\/ursa.marketing\/fr\/tactique\/formation\/\"},{\"@type\":\"ListItem\",\"position\":4,\"name\":\"Formation Google Analytics &#8211; D\u00e9butant\"}]},{\"@type\":\"WebSite\",\"@id\":\"https:\/\/ursa.marketing\/fr\/#website\",\"url\":\"https:\/\/ursa.marketing\/fr\/\",\"name\":\"Ursa Marketing\",\"description\":\"Votre Guide vers la r\u00e9ussite num\u00e9rique\",\"publisher\":{\"@id\":\"https:\/\/ursa.marketing\/fr\/#organization\"},\"potentialAction\":[{\"@type\":\"SearchAction\",\"target\":{\"@type\":\"EntryPoint\",\"urlTemplate\":\"https:\/\/ursa.marketing\/fr\/?s={search_term_string}\"},\"query-input\":{\"@type\":\"PropertyValueSpecification\",\"valueRequired\":true,\"valueName\":\"search_term_string\"}}],\"inLanguage\":\"fr-FR\"},{\"@type\":\"Organization\",\"@id\":\"https:\/\/ursa.marketing\/fr\/#organization\",\"name\":\"Ursa Marketing\",\"url\":\"https:\/\/ursa.marketing\/fr\/\",\"logo\":{\"@type\":\"ImageObject\",\"inLanguage\":\"fr-FR\",\"@id\":\"https:\/\/ursa.marketing\/fr\/#\/schema\/logo\/image\/\",\"url\":\"https:\/\/ursa.marketing\/app\/uploads\/2018\/08\/URSA_fb_img.jpg\",\"contentUrl\":\"https:\/\/ursa.marketing\/app\/uploads\/2018\/08\/URSA_fb_img.jpg\",\"width\":1200,\"height\":627,\"caption\":\"Ursa Marketing\"},\"image\":{\"@id\":\"https:\/\/ursa.marketing\/fr\/#\/schema\/logo\/image\/\"},\"sameAs\":[\"https:\/\/www.facebook.com\/UrsaNumerique\/\",\"https:\/\/www.linkedin.com\/company\/ursa-marketing\/\"]}]}<\/script>\n<!-- \/ Yoast SEO plugin. -->","yoast_head_json":{"title":"Formation Google Analytics | D\u00e9butant | Ursa Marketing","description":"Nous offrons une formation sur Google Analytics pour d\u00e9butant. Vous conna\u00eetrez les indicateurs de performance et vous pourrez comparer \/ segmenter les r\u00e9sultats","robots":{"index":"index","follow":"follow","max-snippet":"max-snippet:-1","max-image-preview":"max-image-preview:large","max-video-preview":"max-video-preview:-1"},"canonical":"https:\/\/ursa.marketing\/fr\/tactique\/formation\/formation-google-analytics\/","og_locale":"fr_FR","og_type":"article","og_title":"Formation Google Analytics | D\u00e9butant | Ursa Marketing","og_description":"Nous offrons une formation sur Google Analytics pour d\u00e9butant. Vous conna\u00eetrez les indicateurs de performance et vous pourrez comparer \/ segmenter les r\u00e9sultats","og_url":"https:\/\/ursa.marketing\/fr\/tactique\/formation\/formation-google-analytics\/","og_site_name":"Ursa Marketing","article_publisher":"https:\/\/www.facebook.com\/UrsaNumerique\/","article_modified_time":"2022-02-11T21:01:59+00:00","og_image":[{"width":1200,"height":627,"url":"https:\/\/ursa.marketing\/app\/uploads\/2018\/08\/URSA_fb_img.jpg","type":"image\/jpeg"}],"twitter_card":"summary_large_image","twitter_misc":{"Dur\u00e9e de lecture estim\u00e9e":"1 minute"},"schema":{"@context":"https:\/\/schema.org","@graph":[{"@type":"WebPage","@id":"https:\/\/ursa.marketing\/fr\/tactique\/formation\/formation-google-analytics\/","url":"https:\/\/ursa.marketing\/fr\/tactique\/formation\/formation-google-analytics\/","name":"Formation Google Analytics | D\u00e9butant | Ursa Marketing","isPartOf":{"@id":"https:\/\/ursa.marketing\/fr\/#website"},"datePublished":"2017-10-25T15:13:49+00:00","dateModified":"2022-02-11T21:01:59+00:00","description":"Nous offrons une formation sur Google Analytics pour d\u00e9butant. Vous conna\u00eetrez les indicateurs de performance et vous pourrez comparer \/ segmenter les r\u00e9sultats","breadcrumb":{"@id":"https:\/\/ursa.marketing\/fr\/tactique\/formation\/formation-google-analytics\/#breadcrumb"},"inLanguage":"fr-FR","potentialAction":[{"@type":"ReadAction","target":["https:\/\/ursa.marketing\/fr\/tactique\/formation\/formation-google-analytics\/"]}]},{"@type":"BreadcrumbList","@id":"https:\/\/ursa.marketing\/fr\/tactique\/formation\/formation-google-analytics\/#breadcrumb","itemListElement":[{"@type":"ListItem","position":1,"name":"Home","item":"https:\/\/ursa.marketing\/fr\/"},{"@type":"ListItem","position":2,"name":"Marketing num\u00e9rique","item":"https:\/\/ursa.marketing\/fr\/tactique\/"},{"@type":"ListItem","position":3,"name":"Formation en entreprise","item":"https:\/\/ursa.marketing\/fr\/tactique\/formation\/"},{"@type":"ListItem","position":4,"name":"Formation Google Analytics &#8211; D\u00e9butant"}]},{"@type":"WebSite","@id":"https:\/\/ursa.marketing\/fr\/#website","url":"https:\/\/ursa.marketing\/fr\/","name":"Ursa Marketing","description":"Votre Guide vers la r\u00e9ussite num\u00e9rique","publisher":{"@id":"https:\/\/ursa.marketing\/fr\/#organization"},"potentialAction":[{"@type":"SearchAction","target":{"@type":"EntryPoint","urlTemplate":"https:\/\/ursa.marketing\/fr\/?s={search_term_string}"},"query-input":{"@type":"PropertyValueSpecification","valueRequired":true,"valueName":"search_term_string"}}],"inLanguage":"fr-FR"},{"@type":"Organization","@id":"https:\/\/ursa.marketing\/fr\/#organization","name":"Ursa Marketing","url":"https:\/\/ursa.marketing\/fr\/","logo":{"@type":"ImageObject","inLanguage":"fr-FR","@id":"https:\/\/ursa.marketing\/fr\/#\/schema\/logo\/image\/","url":"https:\/\/ursa.marketing\/app\/uploads\/2018\/08\/URSA_fb_img.jpg","contentUrl":"https:\/\/ursa.marketing\/app\/uploads\/2018\/08\/URSA_fb_img.jpg","width":1200,"height":627,"caption":"Ursa Marketing"},"image":{"@id":"https:\/\/ursa.marketing\/fr\/#\/schema\/logo\/image\/"},"sameAs":["https:\/\/www.facebook.com\/UrsaNumerique\/","https:\/\/www.linkedin.com\/company\/ursa-marketing\/"]}]}},"_links":{"self":[{"href":"https:\/\/ursa.marketing\/fr\/wp-json\/wp\/v2\/pages\/32","targetHints":{"allow":["GET"]}}],"collection":[{"href":"https:\/\/ursa.marketing\/fr\/wp-json\/wp\/v2\/pages"}],"about":[{"href":"https:\/\/ursa.marketing\/fr\/wp-json\/wp\/v2\/types\/page"}],"author":[{"embeddable":true,"href":"https:\/\/ursa.marketing\/fr\/wp-json\/wp\/v2\/users\/1"}],"replies":[{"embeddable":true,"href":"https:\/\/ursa.marketing\/fr\/wp-json\/wp\/v2\/comments?post=32"}],"version-history":[{"count":18,"href":"https:\/\/ursa.marketing\/fr\/wp-json\/wp\/v2\/pages\/32\/revisions"}],"predecessor-version":[{"id":513,"href":"https:\/\/ursa.marketing\/fr\/wp-json\/wp\/v2\/pages\/32\/revisions\/513"}],"up":[{"embeddable":true,"href":"https:\/\/ursa.marketing\/fr\/wp-json\/wp\/v2\/pages\/13"}],"wp:attachment":[{"href":"https:\/\/ursa.marketing\/fr\/wp-json\/wp\/v2\/media?parent=32"}],"curies":[{"name":"wp","href":"https:\/\/api.w.org\/{rel}","templated":true}]}}