{"id":26,"date":"2017-10-25T15:11:03","date_gmt":"2017-10-25T15:11:03","guid":{"rendered":"http:\/\/epic.domingue.ca\/?page_id=26"},"modified":"2022-02-11T21:10:38","modified_gmt":"2022-02-11T21:10:38","slug":"publicite-remarketing","status":"publish","type":"page","link":"https:\/\/ursa.marketing\/fr\/tactique\/publicite-numerique\/publicite-remarketing\/","title":{"rendered":"Publicit\u00e9 remarketing"},"content":{"rendered":"<h2>Qu&rsquo;est-ce que le remarketing<\/h2>\n<p>Le <em>remarketing<\/em> c&rsquo;est lorsqu&rsquo;un annonceur affiche une publicit\u00e9 \u00e0 un visiteur ayant d\u00e9montr\u00e9 de l&rsquo;int\u00e9r\u00eat sur un contenu et qui revient sur son site web. Tr\u00e8s populaire dans les sites de commerce \u00e9lectronique, cette pratique est maintenant r\u00e9pandue dans plusieurs industries.<\/p>\n<p>Vous pouvez maintenant faire du <em>remarketing<\/em> sur plusieurs plateformes et sur diff\u00e9rents canaux de publicit\u00e9. Par exemple, vous pouvez cibler les profils Facebook des gens qui aurait d\u00e9j\u00e0 visit\u00e9 votre site web.<br \/>\n<br \/><\/p>\n<hr \/>\n<br \/>\n<h2>Campagne publicit\u00e9 <em>Remarketing<\/em><\/h2>\n<p>Les possibilit\u00e9s de campagne offertes par le remarketing sont immenses. Ce concept gagne en popularit\u00e9 parce qu&rsquo;il donne g\u00e9n\u00e9ralement de tr\u00e8s bons r\u00e9sultats.<\/p>\n<p>Sur Facebook, le <em>remarketing<\/em> peut devenir un crit\u00e8re additionnel pour votre ciblage publicitaire. Vous pouvez ainsi combiner les crit\u00e8res de ciblage pour joindre une audience pr\u00e9cise parmi les visiteurs de votre site web.<\/p>\n<p>Dans le r\u00e9seau d&rsquo;affichage de Google (<em>display network<\/em>), le <em>remarketing<\/em> permet d\u2019afficher votre message dans les espaces publicitaires disponibles. La publicit\u00e9 Google permet de joindre 90% des internautes gr\u00e2ce \u00e0 son r\u00e9seau de plus de 2 millions de sites web.<\/p>\n<p><a href=\"https:\/\/ursa.marketing\/fr\/contact\/\">Contactez-nous<\/a> pour que notre \u00e9quipe puisse d\u00e9ployer du <em>remarketing<\/em> pour votre prochaine campagne.<\/p>\n","protected":false},"excerpt":{"rendered":"<p>Qu&rsquo;est-ce que le remarketing Le remarketing c&rsquo;est lorsqu&rsquo;un annonceur affiche une publicit\u00e9 \u00e0 un visiteur ayant d\u00e9montr\u00e9 de l&rsquo;int\u00e9r\u00eat sur &hellip;<\/p>\n","protected":false},"author":1,"featured_media":0,"parent":11,"menu_order":0,"comment_status":"closed","ping_status":"closed","template":"template-service-first.php","meta":{"_acf_changed":false,"footnotes":""},"class_list":["post-26","page","type-page","status-publish","hentry"],"acf":[],"yoast_head":"<!-- This site is optimized with the Yoast SEO plugin v25.9 - https:\/\/yoast.com\/wordpress\/plugins\/seo\/ -->\n<title>Faire de la publicit\u00e9 de remarketing | Ursa Marketing<\/title>\n<meta name=\"description\" content=\"Le remarketing est une tactique de marketing qui permet d&#039;afficher une publicit\u00e9 \u00e0 une audience qui a d\u00e9j\u00e0 visit\u00e9 votre site web. Laissez-nous vous aider.\" \/>\n<meta name=\"robots\" content=\"index, follow, max-snippet:-1, max-image-preview:large, max-video-preview:-1\" \/>\n<link rel=\"canonical\" href=\"https:\/\/ursa.marketing\/fr\/tactique\/publicite-numerique\/publicite-remarketing\/\" \/>\n<meta property=\"og:locale\" content=\"fr_FR\" \/>\n<meta property=\"og:type\" content=\"article\" \/>\n<meta property=\"og:title\" content=\"Faire de la publicit\u00e9 de remarketing | Ursa Marketing\" \/>\n<meta property=\"og:description\" content=\"Le remarketing est une tactique de marketing qui permet d&#039;afficher une publicit\u00e9 \u00e0 une audience qui a d\u00e9j\u00e0 visit\u00e9 votre site web. Laissez-nous vous aider.\" \/>\n<meta property=\"og:url\" content=\"https:\/\/ursa.marketing\/fr\/tactique\/publicite-numerique\/publicite-remarketing\/\" \/>\n<meta property=\"og:site_name\" content=\"Ursa Marketing\" \/>\n<meta property=\"article:publisher\" content=\"https:\/\/www.facebook.com\/UrsaNumerique\/\" \/>\n<meta property=\"article:modified_time\" content=\"2022-02-11T21:10:38+00:00\" \/>\n<meta property=\"og:image\" content=\"https:\/\/ursa.marketing\/app\/uploads\/2018\/08\/URSA_fb_img.jpg\" \/>\n\t<meta property=\"og:image:width\" content=\"1200\" \/>\n\t<meta property=\"og:image:height\" content=\"627\" \/>\n\t<meta property=\"og:image:type\" content=\"image\/jpeg\" \/>\n<meta name=\"twitter:card\" content=\"summary_large_image\" \/>\n<meta name=\"twitter:label1\" content=\"Dur\u00e9e de lecture estim\u00e9e\" \/>\n\t<meta name=\"twitter:data1\" content=\"1 minute\" \/>\n<script type=\"application\/ld+json\" class=\"yoast-schema-graph\">{\"@context\":\"https:\/\/schema.org\",\"@graph\":[{\"@type\":\"WebPage\",\"@id\":\"https:\/\/ursa.marketing\/fr\/tactique\/publicite-numerique\/publicite-remarketing\/\",\"url\":\"https:\/\/ursa.marketing\/fr\/tactique\/publicite-numerique\/publicite-remarketing\/\",\"name\":\"Faire de la publicit\u00e9 de remarketing | Ursa Marketing\",\"isPartOf\":{\"@id\":\"https:\/\/ursa.marketing\/fr\/#website\"},\"datePublished\":\"2017-10-25T15:11:03+00:00\",\"dateModified\":\"2022-02-11T21:10:38+00:00\",\"description\":\"Le remarketing est une tactique de marketing qui permet d'afficher une publicit\u00e9 \u00e0 une audience qui a d\u00e9j\u00e0 visit\u00e9 votre site web. Laissez-nous vous aider.\",\"breadcrumb\":{\"@id\":\"https:\/\/ursa.marketing\/fr\/tactique\/publicite-numerique\/publicite-remarketing\/#breadcrumb\"},\"inLanguage\":\"fr-FR\",\"potentialAction\":[{\"@type\":\"ReadAction\",\"target\":[\"https:\/\/ursa.marketing\/fr\/tactique\/publicite-numerique\/publicite-remarketing\/\"]}]},{\"@type\":\"BreadcrumbList\",\"@id\":\"https:\/\/ursa.marketing\/fr\/tactique\/publicite-numerique\/publicite-remarketing\/#breadcrumb\",\"itemListElement\":[{\"@type\":\"ListItem\",\"position\":1,\"name\":\"Home\",\"item\":\"https:\/\/ursa.marketing\/fr\/\"},{\"@type\":\"ListItem\",\"position\":2,\"name\":\"Marketing num\u00e9rique\",\"item\":\"https:\/\/ursa.marketing\/fr\/tactique\/\"},{\"@type\":\"ListItem\",\"position\":3,\"name\":\"Publicit\u00e9 num\u00e9rique\",\"item\":\"https:\/\/ursa.marketing\/fr\/tactique\/publicite-numerique\/\"},{\"@type\":\"ListItem\",\"position\":4,\"name\":\"Publicit\u00e9 remarketing\"}]},{\"@type\":\"WebSite\",\"@id\":\"https:\/\/ursa.marketing\/fr\/#website\",\"url\":\"https:\/\/ursa.marketing\/fr\/\",\"name\":\"Ursa Marketing\",\"description\":\"Votre Guide vers la r\u00e9ussite num\u00e9rique\",\"publisher\":{\"@id\":\"https:\/\/ursa.marketing\/fr\/#organization\"},\"potentialAction\":[{\"@type\":\"SearchAction\",\"target\":{\"@type\":\"EntryPoint\",\"urlTemplate\":\"https:\/\/ursa.marketing\/fr\/?s={search_term_string}\"},\"query-input\":{\"@type\":\"PropertyValueSpecification\",\"valueRequired\":true,\"valueName\":\"search_term_string\"}}],\"inLanguage\":\"fr-FR\"},{\"@type\":\"Organization\",\"@id\":\"https:\/\/ursa.marketing\/fr\/#organization\",\"name\":\"Ursa Marketing\",\"url\":\"https:\/\/ursa.marketing\/fr\/\",\"logo\":{\"@type\":\"ImageObject\",\"inLanguage\":\"fr-FR\",\"@id\":\"https:\/\/ursa.marketing\/fr\/#\/schema\/logo\/image\/\",\"url\":\"https:\/\/ursa.marketing\/app\/uploads\/2018\/08\/URSA_fb_img.jpg\",\"contentUrl\":\"https:\/\/ursa.marketing\/app\/uploads\/2018\/08\/URSA_fb_img.jpg\",\"width\":1200,\"height\":627,\"caption\":\"Ursa Marketing\"},\"image\":{\"@id\":\"https:\/\/ursa.marketing\/fr\/#\/schema\/logo\/image\/\"},\"sameAs\":[\"https:\/\/www.facebook.com\/UrsaNumerique\/\",\"https:\/\/www.linkedin.com\/company\/ursa-marketing\/\"]}]}<\/script>\n<!-- \/ Yoast SEO plugin. -->","yoast_head_json":{"title":"Faire de la publicit\u00e9 de remarketing | Ursa Marketing","description":"Le remarketing est une tactique de marketing qui permet d'afficher une publicit\u00e9 \u00e0 une audience qui a d\u00e9j\u00e0 visit\u00e9 votre site web. Laissez-nous vous aider.","robots":{"index":"index","follow":"follow","max-snippet":"max-snippet:-1","max-image-preview":"max-image-preview:large","max-video-preview":"max-video-preview:-1"},"canonical":"https:\/\/ursa.marketing\/fr\/tactique\/publicite-numerique\/publicite-remarketing\/","og_locale":"fr_FR","og_type":"article","og_title":"Faire de la publicit\u00e9 de remarketing | Ursa Marketing","og_description":"Le remarketing est une tactique de marketing qui permet d'afficher une publicit\u00e9 \u00e0 une audience qui a d\u00e9j\u00e0 visit\u00e9 votre site web. Laissez-nous vous aider.","og_url":"https:\/\/ursa.marketing\/fr\/tactique\/publicite-numerique\/publicite-remarketing\/","og_site_name":"Ursa Marketing","article_publisher":"https:\/\/www.facebook.com\/UrsaNumerique\/","article_modified_time":"2022-02-11T21:10:38+00:00","og_image":[{"width":1200,"height":627,"url":"https:\/\/ursa.marketing\/app\/uploads\/2018\/08\/URSA_fb_img.jpg","type":"image\/jpeg"}],"twitter_card":"summary_large_image","twitter_misc":{"Dur\u00e9e de lecture estim\u00e9e":"1 minute"},"schema":{"@context":"https:\/\/schema.org","@graph":[{"@type":"WebPage","@id":"https:\/\/ursa.marketing\/fr\/tactique\/publicite-numerique\/publicite-remarketing\/","url":"https:\/\/ursa.marketing\/fr\/tactique\/publicite-numerique\/publicite-remarketing\/","name":"Faire de la publicit\u00e9 de remarketing | Ursa Marketing","isPartOf":{"@id":"https:\/\/ursa.marketing\/fr\/#website"},"datePublished":"2017-10-25T15:11:03+00:00","dateModified":"2022-02-11T21:10:38+00:00","description":"Le remarketing est une tactique de marketing qui permet d'afficher une publicit\u00e9 \u00e0 une audience qui a d\u00e9j\u00e0 visit\u00e9 votre site web. Laissez-nous vous aider.","breadcrumb":{"@id":"https:\/\/ursa.marketing\/fr\/tactique\/publicite-numerique\/publicite-remarketing\/#breadcrumb"},"inLanguage":"fr-FR","potentialAction":[{"@type":"ReadAction","target":["https:\/\/ursa.marketing\/fr\/tactique\/publicite-numerique\/publicite-remarketing\/"]}]},{"@type":"BreadcrumbList","@id":"https:\/\/ursa.marketing\/fr\/tactique\/publicite-numerique\/publicite-remarketing\/#breadcrumb","itemListElement":[{"@type":"ListItem","position":1,"name":"Home","item":"https:\/\/ursa.marketing\/fr\/"},{"@type":"ListItem","position":2,"name":"Marketing num\u00e9rique","item":"https:\/\/ursa.marketing\/fr\/tactique\/"},{"@type":"ListItem","position":3,"name":"Publicit\u00e9 num\u00e9rique","item":"https:\/\/ursa.marketing\/fr\/tactique\/publicite-numerique\/"},{"@type":"ListItem","position":4,"name":"Publicit\u00e9 remarketing"}]},{"@type":"WebSite","@id":"https:\/\/ursa.marketing\/fr\/#website","url":"https:\/\/ursa.marketing\/fr\/","name":"Ursa Marketing","description":"Votre Guide vers la r\u00e9ussite num\u00e9rique","publisher":{"@id":"https:\/\/ursa.marketing\/fr\/#organization"},"potentialAction":[{"@type":"SearchAction","target":{"@type":"EntryPoint","urlTemplate":"https:\/\/ursa.marketing\/fr\/?s={search_term_string}"},"query-input":{"@type":"PropertyValueSpecification","valueRequired":true,"valueName":"search_term_string"}}],"inLanguage":"fr-FR"},{"@type":"Organization","@id":"https:\/\/ursa.marketing\/fr\/#organization","name":"Ursa Marketing","url":"https:\/\/ursa.marketing\/fr\/","logo":{"@type":"ImageObject","inLanguage":"fr-FR","@id":"https:\/\/ursa.marketing\/fr\/#\/schema\/logo\/image\/","url":"https:\/\/ursa.marketing\/app\/uploads\/2018\/08\/URSA_fb_img.jpg","contentUrl":"https:\/\/ursa.marketing\/app\/uploads\/2018\/08\/URSA_fb_img.jpg","width":1200,"height":627,"caption":"Ursa Marketing"},"image":{"@id":"https:\/\/ursa.marketing\/fr\/#\/schema\/logo\/image\/"},"sameAs":["https:\/\/www.facebook.com\/UrsaNumerique\/","https:\/\/www.linkedin.com\/company\/ursa-marketing\/"]}]}},"_links":{"self":[{"href":"https:\/\/ursa.marketing\/fr\/wp-json\/wp\/v2\/pages\/26","targetHints":{"allow":["GET"]}}],"collection":[{"href":"https:\/\/ursa.marketing\/fr\/wp-json\/wp\/v2\/pages"}],"about":[{"href":"https:\/\/ursa.marketing\/fr\/wp-json\/wp\/v2\/types\/page"}],"author":[{"embeddable":true,"href":"https:\/\/ursa.marketing\/fr\/wp-json\/wp\/v2\/users\/1"}],"replies":[{"embeddable":true,"href":"https:\/\/ursa.marketing\/fr\/wp-json\/wp\/v2\/comments?post=26"}],"version-history":[{"count":11,"href":"https:\/\/ursa.marketing\/fr\/wp-json\/wp\/v2\/pages\/26\/revisions"}],"predecessor-version":[{"id":603,"href":"https:\/\/ursa.marketing\/fr\/wp-json\/wp\/v2\/pages\/26\/revisions\/603"}],"up":[{"embeddable":true,"href":"https:\/\/ursa.marketing\/fr\/wp-json\/wp\/v2\/pages\/11"}],"wp:attachment":[{"href":"https:\/\/ursa.marketing\/fr\/wp-json\/wp\/v2\/media?parent=26"}],"curies":[{"name":"wp","href":"https:\/\/api.w.org\/{rel}","templated":true}]}}