{"id":2539,"date":"2024-09-04T18:51:42","date_gmt":"2024-09-04T18:51:42","guid":{"rendered":"https:\/\/ursa.marketing\/?page_id=2539"},"modified":"2024-09-16T18:51:56","modified_gmt":"2024-09-16T18:51:56","slug":"representant-developpement-affaires","status":"publish","type":"page","link":"https:\/\/ursa.marketing\/fr\/carriere-marketing-numerique\/representant-developpement-affaires\/","title":{"rendered":"Repr\u00e9sentant d\u00e9veloppement des affaires chez Ursa Marketing"},"content":{"rendered":"<h2>Description du poste<\/h2>\n<p><b>Lieu :<\/b><span style=\"font-weight: 400;\"> T\u00e9l\u00e9travail avec r\u00e9unions en pr\u00e9sentiel \u00e0 Saint-Jean-sur-Richelieu (QC)<\/span><span style=\"font-weight: 400;\"><br \/>\n<\/span><b>Type de poste :<\/b><span style=\"font-weight: 400;\"> Temps plein, horaire flexible<\/span><span style=\"font-weight: 400;\"><br \/>\n<\/span><span style=\"font-weight: 400;\"><br \/>\n<\/span><b>TL;DR :<\/b><\/p>\n<p><b>Responsabilit\u00e9s :<\/b><span style=\"font-weight: 400;\"> Prospecter des clients, cr\u00e9er des offres de services, g\u00e9rer des relations clients.<\/span><span style=\"font-weight: 400;\"><br \/>\n<\/span><b>Exigences :<\/b><span style=\"font-weight: 400;\"> 2+ ans en vente B2B, connaissance en marketing num\u00e9rique et CRM, comp\u00e9tences en communication et n\u00e9gociation.<\/span><span style=\"font-weight: 400;\"><br \/>\n<\/span><b>Avantages :<\/b><span style=\"font-weight: 400;\"> Salaire comp\u00e9titif, t\u00e9l\u00e9travail, assurances collectives, \u00e9quipe de feu, mat\u00e9riel Apple, 3 semaines de vacances.<\/span><\/p>\n<p>&nbsp;<\/p>\n<p><b>\u00c0 propos de nous<\/b><b><br \/>\n<\/b><span style=\"font-weight: 400;\">Depuis 2017, c&rsquo;est gr\u00e2ce \u00e0 notre formidable \u00e9quipe que nous sommes en mesure d&rsquo;offrir le meilleur service de marketing num\u00e9rique \u00e0 nos clients. Gr\u00e2ce \u00e0 la famille Ursa, nous avons pu faire une diff\u00e9rence pour plus d&rsquo;une centaine de clients satisfaits.<\/span><\/p>\n<p><span style=\"font-weight: 400;\">Notre \u00e9quipe est bienveillante et nous sommes vraiment \u00e0 jour au niveau du marketing num\u00e9rique et de la mesure de performance.\u00a0<\/span><\/p>\n<p><span style=\"font-weight: 400;\">Dans notre vision, nous voulons garder l&rsquo;entreprise \u00e0 \u00e9chelle humaine. Nous ne cherchons pas \u00e0 \u00eatre les plus nombreux, nous voulons \u00eatre les meilleurs! Nous sommes cette \u00e9quipe sp\u00e9cialis\u00e9e \u00e0 qui on fait appel lorsqu\u2019on veut \u00eatre certain d\u2019obtenir les meilleures strat\u00e9gies et tactiques de marketing num\u00e9rique.<\/span><\/p>\n<p><b>Pourquoi nous choisir ?<\/b><\/p>\n<p><span style=\"font-weight: 400;\">Le t\u00e9l\u00e9travail \u00e0 volont\u00e9 te permet de g\u00e9rer ton emploi du temps selon tes besoins, tout en ayant acc\u00e8s \u00e0 notre bureau \u00e0 Saint-Jean-sur-Richelieu, o\u00f9 tu trouveras des postes de travail ergonomiques et une vue inspirante sur la rivi\u00e8re. Bien que nous encourageons le travail \u00e0 distance, des rencontres en personne sont organis\u00e9es environ une fois par mois pour renforcer la coh\u00e9sion d&rsquo;\u00e9quipe. Plusieurs membres de notre \u00e9quipe fr\u00e9quentent le bureau quelques fois par semaine pour jaser entre coll\u00e8gues, manger du popcorn et boire des cappuccinos!<\/span><\/p>\n<p><span style=\"font-weight: 400;\">En tant que repr\u00e9sentant, tu seras \u00e9galement amen\u00e9 \u00e0 rencontrer des clients en personne, ce qui te permettra de d\u00e9velopper des relations durables et de mieux comprendre leurs besoins. Ursa Marketing offre un environnement o\u00f9 tes id\u00e9es sont valoris\u00e9es et o\u00f9 tu as la libert\u00e9 d&rsquo;explorer de nouvelles approches. Ce poste est une excellente opportunit\u00e9 d&rsquo;apprendre, de prendre des responsabilit\u00e9s, et d&rsquo;\u00e9voluer au sein d&rsquo;une entreprise o\u00f9 r\u00e8gne une ambiance familiale.<\/span><\/p>\n<p><b>Ton r\u00f4le<\/b><\/p>\n<p><span style=\"font-weight: 400;\">En tant que Repr\u00e9sentant d\u00e9veloppement des affaires, tu seras charg\u00e9 de d\u00e9finir des strat\u00e9gies de vente efficaces, de tisser des relations solides avec les clients, et de proposer des solutions de marketing num\u00e9rique innovantes. Tu assureras \u00e9galement un service apr\u00e8s-vente irr\u00e9prochable et contribueras activement \u00e0 l&rsquo;atteinte des objectifs de l&rsquo;entreprise.<\/span><\/p>\n<p><b>Responsabilit\u00e9s<\/b><\/p>\n<ul>\n<li><b>Prospection et acquisition de nouveaux clients :<\/b><b><br \/>\n<\/b><span style=\"font-weight: 400;\">Identifier, cibler et approcher de mani\u00e8re proactive de nouveaux prospects. Pr\u00e9senter nos produits et services de mani\u00e8re convaincante pour g\u00e9n\u00e9rer de nouvelles ventes et \u00e9largir notre portefeuille client. Mettre en place des strat\u00e9gies de prospection efficaces pour atteindre et d\u00e9passer les objectifs de vente.<\/span><span style=\"font-weight: 400;\"><br \/>\n<\/span><b><\/b><\/li>\n<li><b>Cr\u00e9ation et pr\u00e9sentation d&rsquo;offres de services :<\/b><span style=\"font-weight: 400;\"><br \/>\n<\/span><span style=\"font-weight: 400;\">Concevoir et personnaliser des offres de services adapt\u00e9es aux besoins sp\u00e9cifiques de chaque client. Pr\u00e9parer des propositions claires, structur\u00e9es et convaincantes, mettant en avant les caract\u00e9ristiques distinctives, les avantages comp\u00e9titifs et les b\u00e9n\u00e9fices des solutions d&rsquo;Ursa Marketing. Pr\u00e9senter ces offres avec assurance pour convertir les prospects en clients.<\/span><\/li>\n<li><b>Gestion proactive des relations clients :<\/b><b><br \/>\n<\/b><span style=\"font-weight: 400;\">Entretenir des relations durables et de confiance avec les clients en les \u00e9coutant attentivement et en r\u00e9pondant \u00e0 leurs besoins. G\u00e9rer les attentes des clients de mani\u00e8re proactive en anticipant les d\u00e9fis et en offrant des solutions. Assurer une communication r\u00e9guli\u00e8re et transparente pour renforcer la satisfaction et la fid\u00e9lisation des clients<\/span><\/li>\n<\/ul>\n<p><b>Exigences\u00a0<\/b><\/p>\n<ul>\n<li><b>Exp\u00e9rience en vente : <\/b><b><br \/>\n<\/b><span style=\"font-weight: 400;\">Minimum 2 ans d&rsquo;exp\u00e9rience en vente B2B, id\u00e9alement dans le marketing num\u00e9rique ou un domaine connexe.<\/span><\/li>\n<li><b>Connaissance en marketing num\u00e9rique:<\/b> <span style=\"font-weight: 400;\"><br \/>\n<\/span><span style=\"font-weight: 400;\">Compr\u00e9hension des besoins des clients en mati\u00e8re de SEO, publicit\u00e9 num\u00e9rique, r\u00e9seaux sociaux et mesure de performance.<\/span><\/li>\n<li><b>Connaissance des outils CRM : <\/b><b><br \/>\n<\/b><span style=\"font-weight: 400;\">Exp\u00e9rience avec les outils de gestion de la relation client (CRM), avec la capacit\u00e9 d&rsquo;utiliser ces plateformes pour suivre les prospects, g\u00e9rer les opportunit\u00e9s et am\u00e9liorer l&rsquo;efficacit\u00e9 des vente<\/span><\/li>\n<li><b>Comp\u00e9tences en communication<\/b><span style=\"font-weight: 400;\"> : <\/span><span style=\"font-weight: 400;\"><br \/>\n<\/span><span style=\"font-weight: 400;\">Excellentes comp\u00e9tences en communication verbale et \u00e9crite, avec une capacit\u00e9 \u00e0 pr\u00e9senter des informations de mani\u00e8re claire et persuasive.<\/span><\/li>\n<li><b>Comp\u00e9tences en n\u00e9gociation<\/b><span style=\"font-weight: 400;\"> :<\/span><span style=\"font-weight: 400;\"><br \/>\n<\/span><span style=\"font-weight: 400;\">Exp\u00e9rience av\u00e9r\u00e9e en n\u00e9gociation et en cl\u00f4ture de ventes, avec la capacit\u00e9 de g\u00e9rer les objections des clients et de conclure des transactions.<\/span><\/li>\n<li><b>Orientation vers les r\u00e9sultats<\/b><span style=\"font-weight: 400;\"> : <\/span><span style=\"font-weight: 400;\"><br \/>\n<\/span><span style=\"font-weight: 400;\">Capacit\u00e9 d\u00e9montr\u00e9e \u00e0 atteindre ou d\u00e9passer les objectifs de vente, avec une forte motivation pour atteindre les objectifs de performance.<\/span><\/li>\n<li><b>Comp\u00e9tences relationnelles<\/b><span style=\"font-weight: 400;\"> :<\/span><span style=\"font-weight: 400;\"><br \/>\n<\/span><span style=\"font-weight: 400;\">Excellentes comp\u00e9tences en service \u00e0 la client\u00e8le, avec une aptitude \u00e0 \u00e9tablir et \u00e0 maintenir des relations solides avec les clients et les partenaires.<\/span><\/li>\n<li><b>Disponibilit\u00e9 pour les d\u00e9placements<\/b><span style=\"font-weight: 400;\"> :<\/span><span style=\"font-weight: 400;\"><br \/>\n<\/span><span style=\"font-weight: 400;\">Volont\u00e9 de se d\u00e9placer fr\u00e9quemment pour rencontrer des clients, participer \u00e0 des salons professionnels, et assister \u00e0 des r\u00e9unions d&rsquo;affaires (si applicable).<\/span><\/li>\n<li><b>Attitude proactive<\/b><span style=\"font-weight: 400;\"> : <\/span><span style=\"font-weight: 400;\"><br \/>\n<\/span><span style=\"font-weight: 400;\">Capacit\u00e9 \u00e0 prendre des initiatives, \u00e0 identifier les opportunit\u00e9s de mani\u00e8re autonome et \u00e0 proposer des solutions cr\u00e9atives aux probl\u00e8mes de vente.<\/span><\/li>\n<\/ul>\n<p><b>Qualit\u00e9s recherch\u00e9es<\/b><\/p>\n<ul>\n<li style=\"font-weight: 400;\" aria-level=\"1\"><b>Esprit d&rsquo;\u00e9quipe et communication :<\/b><b><br \/>\n<\/b><span style=\"font-weight: 400;\">Capacit\u00e9 \u00e0 collaborer efficacement avec les coll\u00e8gues et les clients, avec une communication claire, constructive et respectueuse.<\/span><\/li>\n<li style=\"font-weight: 400;\" aria-level=\"1\"><b>Organisation et rigueur :<\/b><b><br \/>\n<\/b><span style=\"font-weight: 400;\">Excellente gestion du temps et des priorit\u00e9s, avec une attention aux d\u00e9tails et un engagement \u00e0 livrer un travail de qualit\u00e9.<\/span><\/li>\n<li style=\"font-weight: 400;\" aria-level=\"1\"><b>\u00c9thique professionnelle et transparence :<\/b><b><br \/>\n<\/b><span style=\"font-weight: 400;\">Maintenir des standards \u00e9lev\u00e9s de professionnalisme et d&rsquo;int\u00e9grit\u00e9, avec une ouverture et une honn\u00eatet\u00e9 dans toutes les interactions.<\/span><\/li>\n<\/ul>\n<p><b>Pourquoi rejoindre notre \u00e9quipe ?<\/b><\/p>\n<ul>\n<li style=\"font-weight: 400;\" aria-level=\"1\"><b>Horaire flexible :<\/b><span style=\"font-weight: 400;\"> Organise ton emploi du temps comme tu le souhaites et profite des vendredis apr\u00e8s-midi plus tranquilles pour d\u00e9buter ta fin de semaine avant les autres.<\/span><\/li>\n<li style=\"font-weight: 400;\" aria-level=\"1\"><b>T\u00e9l\u00e9travail :<\/b><span style=\"font-weight: 400;\"> Profite du t\u00e9l\u00e9travail avec la possibilit\u00e9 de venir au bureau am\u00e9nag\u00e9 avec des postes ergonomiques et une vue sur la rivi\u00e8re Richelieu.<\/span><\/li>\n<li style=\"font-weight: 400;\" aria-level=\"1\"><b>\u00c9quipe dynamique :<\/b><span style=\"font-weight: 400;\"> Int\u00e8gre une \u00e9quipe passionn\u00e9e et b\u00e9n\u00e9ficie d\u2019une formation dans une ambiance familiale.<\/span><\/li>\n<li style=\"font-weight: 400;\" aria-level=\"1\"><b>Assurance collective :<\/b><span style=\"font-weight: 400;\"> Profite d\u2019une assurance collective personnalis\u00e9e \u00e0 tes besoins.<\/span><\/li>\n<li style=\"font-weight: 400;\" aria-level=\"1\"><b>Mat\u00e9riel de travail :<\/b><span style=\"font-weight: 400;\"> R\u00e9alise ton travail en utilisant un environnement Apple professionnel fourni d\u00e8s ton arriv\u00e9e. Compl\u00e8te tout \u00e7a en nous communiquant tes exigences.\u00a0<\/span><\/li>\n<li style=\"font-weight: 400;\" aria-level=\"1\"><b>Avantages suppl\u00e9mentaires :<\/b><span style=\"font-weight: 400;\"> Cappuccino et popcorn \u00e0 volont\u00e9, 3 semaines de vacances, banque de 35 heures pour le temps personnel, travail \u00e0 l\u2019\u00e9tranger possible et cong\u00e9s sans solde au besoin. Toute autre avantage raisonnable peut \u00eatre discut\u00e9.<\/span><\/li>\n<\/ul>\n<p><b>Pr\u00eat \u00e0 relever le d\u00e9fi ?<\/b><b><br \/>\n<\/b><span style=\"font-weight: 400;\">Si tu veux \u00e9voluer dans un environnement stimulant et contribuer \u00e0 des projets concrets, on veut te rencontrer. Postule d\u00e8s maintenant et rejoins l&rsquo;\u00e9quipe Ursa Marketing !<\/span><\/p>\n<p>&nbsp;<\/p>\n<h2>Candidature en ligne<\/h2>\n\n<div class=\"wpcf7 no-js\" id=\"wpcf7-f2545-o1\" lang=\"fr-FR\" dir=\"ltr\" data-wpcf7-id=\"2545\">\n<div class=\"screen-reader-response\"><p role=\"status\" aria-live=\"polite\" aria-atomic=\"true\"><\/p> <ul><\/ul><\/div>\n<form action=\"\/fr\/wp-json\/wp\/v2\/pages\/2539#wpcf7-f2545-o1\" method=\"post\" class=\"wpcf7-form init\" aria-label=\"Formulaire de contact\" enctype=\"multipart\/form-data\" novalidate=\"novalidate\" data-status=\"init\">\n<fieldset class=\"hidden-fields-container\"><input type=\"hidden\" name=\"_wpcf7\" value=\"2545\" \/><input type=\"hidden\" name=\"_wpcf7_version\" value=\"6.1.1\" \/><input type=\"hidden\" name=\"_wpcf7_locale\" value=\"fr_FR\" \/><input type=\"hidden\" name=\"_wpcf7_unit_tag\" value=\"wpcf7-f2545-o1\" \/><input type=\"hidden\" name=\"_wpcf7_container_post\" value=\"0\" \/><input type=\"hidden\" name=\"_wpcf7_posted_data_hash\" value=\"\" \/><input type=\"hidden\" name=\"_wpcf7_recaptcha_response\" value=\"\" \/>\n<\/fieldset>\n<p><label> Votre nom<br \/>\n<span class=\"wpcf7-form-control-wrap\" data-name=\"your-name\"><input size=\"40\" maxlength=\"400\" class=\"wpcf7-form-control wpcf7-text wpcf7-validates-as-required\" aria-required=\"true\" aria-invalid=\"false\" value=\"\" type=\"text\" name=\"your-name\" \/><\/span> <\/label>\n<\/p>\n<p><label> Votre adresse courriel<br \/>\n<span class=\"wpcf7-form-control-wrap\" data-name=\"your-email\"><input size=\"40\" maxlength=\"400\" class=\"wpcf7-form-control wpcf7-email wpcf7-validates-as-required wpcf7-text wpcf7-validates-as-email\" aria-required=\"true\" aria-invalid=\"false\" value=\"\" type=\"email\" name=\"your-email\" \/><\/span> <\/label>\n<\/p>\n<p><label> Votre t\u00e9l\u00e9phone<br \/>\n<span class=\"wpcf7-form-control-wrap\" data-name=\"phone\"><input size=\"40\" maxlength=\"400\" class=\"wpcf7-form-control wpcf7-tel wpcf7-validates-as-required wpcf7-text wpcf7-validates-as-tel\" aria-required=\"true\" aria-invalid=\"false\" value=\"\" type=\"tel\" name=\"phone\" \/><\/span> <\/label>\n<\/p>\n<p><label> Votre message<br \/>\n<span class=\"wpcf7-form-control-wrap\" data-name=\"your-message\"><textarea cols=\"40\" rows=\"10\" maxlength=\"2000\" class=\"wpcf7-form-control wpcf7-textarea wpcf7-validates-as-required\" aria-required=\"true\" aria-invalid=\"false\" name=\"your-message\"><\/textarea><\/span> <\/label>\n<\/p>\n<p><label> Votre CV<br \/>\n<span class=\"wpcf7-form-control-wrap\" data-name=\"cv\"><input size=\"40\" class=\"wpcf7-form-control wpcf7-file wpcf7-validates-as-required\" accept=\".pdf,.txt,.doc\" aria-required=\"true\" aria-invalid=\"false\" type=\"file\" name=\"cv\" \/><\/span><br \/>\n<input class=\"wpcf7-form-control wpcf7-submit has-spinner\" type=\"submit\" value=\"Envoyer\" \/><\/label>\n<\/p><p style=\"display: none !important;\" class=\"akismet-fields-container\" data-prefix=\"_wpcf7_ak_\"><label>&#916;<textarea name=\"_wpcf7_ak_hp_textarea\" cols=\"45\" rows=\"8\" maxlength=\"100\"><\/textarea><\/label><input type=\"hidden\" id=\"ak_js_1\" name=\"_wpcf7_ak_js\" value=\"81\"\/><script>document.getElementById( \"ak_js_1\" ).setAttribute( \"value\", ( new Date() ).getTime() );<\/script><\/p><div class=\"wpcf7-response-output\" aria-hidden=\"true\"><\/div>\n<\/form>\n<\/div>\n\n","protected":false},"excerpt":{"rendered":"<p>Description du poste Lieu : T\u00e9l\u00e9travail avec r\u00e9unions en pr\u00e9sentiel \u00e0 Saint-Jean-sur-Richelieu (QC) Type de poste : Temps plein, horaire &hellip;<\/p>\n","protected":false},"author":17,"featured_media":0,"parent":877,"menu_order":0,"comment_status":"closed","ping_status":"closed","template":"","meta":{"_acf_changed":false,"footnotes":""},"class_list":["post-2539","page","type-page","status-publish","hentry"],"acf":[],"yoast_head":"<!-- This site is optimized with the Yoast SEO plugin v25.9 - https:\/\/yoast.com\/wordpress\/plugins\/seo\/ -->\n<title>Repr\u00e9sentant d\u00e9veloppement des affaires | Offre d&#039;emploi<\/title>\n<meta name=\"description\" content=\"Tu carbures aux d\u00e9fis et tu as le marketing num\u00e9rique dans le sang? Chez Ursa Marketing, on recherche quelqu\u2019un comme toi! Envoie-nous ton curriculum vitae.\" \/>\n<meta name=\"robots\" content=\"index, follow, max-snippet:-1, max-image-preview:large, max-video-preview:-1\" \/>\n<link rel=\"canonical\" href=\"https:\/\/ursa.marketing\/fr\/carriere-marketing-numerique\/representant-developpement-affaires\/\" \/>\n<meta property=\"og:locale\" content=\"fr_FR\" \/>\n<meta property=\"og:type\" content=\"article\" \/>\n<meta property=\"og:title\" content=\"Repr\u00e9sentant d\u00e9veloppement des affaires | Offre d&#039;emploi\" \/>\n<meta property=\"og:description\" content=\"Tu carbures aux d\u00e9fis et tu as le marketing num\u00e9rique dans le sang? Chez Ursa Marketing, on recherche quelqu\u2019un comme toi! Envoie-nous ton curriculum vitae.\" \/>\n<meta property=\"og:url\" content=\"https:\/\/ursa.marketing\/fr\/carriere-marketing-numerique\/representant-developpement-affaires\/\" \/>\n<meta property=\"og:site_name\" content=\"Ursa Marketing\" \/>\n<meta property=\"article:publisher\" content=\"https:\/\/www.facebook.com\/UrsaNumerique\/\" \/>\n<meta property=\"article:modified_time\" content=\"2024-09-16T18:51:56+00:00\" \/>\n<meta property=\"og:image\" content=\"https:\/\/ursa.marketing\/app\/uploads\/2019\/04\/ursa-271-2-683x1024.jpg\" \/>\n\t<meta property=\"og:image:width\" content=\"683\" \/>\n\t<meta property=\"og:image:height\" content=\"1024\" \/>\n\t<meta property=\"og:image:type\" content=\"image\/jpeg\" \/>\n<meta name=\"twitter:card\" content=\"summary_large_image\" \/>\n<meta name=\"twitter:label1\" content=\"Dur\u00e9e de lecture estim\u00e9e\" \/>\n\t<meta name=\"twitter:data1\" content=\"6 minutes\" \/>\n<script type=\"application\/ld+json\" class=\"yoast-schema-graph\">{\"@context\":\"https:\/\/schema.org\",\"@graph\":[{\"@type\":\"WebPage\",\"@id\":\"https:\/\/ursa.marketing\/fr\/carriere-marketing-numerique\/representant-developpement-affaires\/\",\"url\":\"https:\/\/ursa.marketing\/fr\/carriere-marketing-numerique\/representant-developpement-affaires\/\",\"name\":\"Repr\u00e9sentant d\u00e9veloppement des affaires | Offre d'emploi\",\"isPartOf\":{\"@id\":\"https:\/\/ursa.marketing\/fr\/#website\"},\"datePublished\":\"2024-09-04T18:51:42+00:00\",\"dateModified\":\"2024-09-16T18:51:56+00:00\",\"description\":\"Tu carbures aux d\u00e9fis et tu as le marketing num\u00e9rique dans le sang? Chez Ursa Marketing, on recherche quelqu\u2019un comme toi! Envoie-nous ton curriculum vitae.\",\"breadcrumb\":{\"@id\":\"https:\/\/ursa.marketing\/fr\/carriere-marketing-numerique\/representant-developpement-affaires\/#breadcrumb\"},\"inLanguage\":\"fr-FR\",\"potentialAction\":[{\"@type\":\"ReadAction\",\"target\":[\"https:\/\/ursa.marketing\/fr\/carriere-marketing-numerique\/representant-developpement-affaires\/\"]}]},{\"@type\":\"BreadcrumbList\",\"@id\":\"https:\/\/ursa.marketing\/fr\/carriere-marketing-numerique\/representant-developpement-affaires\/#breadcrumb\",\"itemListElement\":[{\"@type\":\"ListItem\",\"position\":1,\"name\":\"Home\",\"item\":\"https:\/\/ursa.marketing\/fr\/\"},{\"@type\":\"ListItem\",\"position\":2,\"name\":\"Carri\u00e8re en marketing num\u00e9rique\",\"item\":\"https:\/\/ursa.marketing\/fr\/carriere-marketing-numerique\/\"},{\"@type\":\"ListItem\",\"position\":3,\"name\":\"Repr\u00e9sentant d\u00e9veloppement des affaires chez Ursa Marketing\"}]},{\"@type\":\"WebSite\",\"@id\":\"https:\/\/ursa.marketing\/fr\/#website\",\"url\":\"https:\/\/ursa.marketing\/fr\/\",\"name\":\"Ursa Marketing\",\"description\":\"Votre Guide vers la r\u00e9ussite num\u00e9rique\",\"publisher\":{\"@id\":\"https:\/\/ursa.marketing\/fr\/#organization\"},\"potentialAction\":[{\"@type\":\"SearchAction\",\"target\":{\"@type\":\"EntryPoint\",\"urlTemplate\":\"https:\/\/ursa.marketing\/fr\/?s={search_term_string}\"},\"query-input\":{\"@type\":\"PropertyValueSpecification\",\"valueRequired\":true,\"valueName\":\"search_term_string\"}}],\"inLanguage\":\"fr-FR\"},{\"@type\":\"Organization\",\"@id\":\"https:\/\/ursa.marketing\/fr\/#organization\",\"name\":\"Ursa Marketing\",\"url\":\"https:\/\/ursa.marketing\/fr\/\",\"logo\":{\"@type\":\"ImageObject\",\"inLanguage\":\"fr-FR\",\"@id\":\"https:\/\/ursa.marketing\/fr\/#\/schema\/logo\/image\/\",\"url\":\"https:\/\/ursa.marketing\/app\/uploads\/2018\/08\/URSA_fb_img.jpg\",\"contentUrl\":\"https:\/\/ursa.marketing\/app\/uploads\/2018\/08\/URSA_fb_img.jpg\",\"width\":1200,\"height\":627,\"caption\":\"Ursa Marketing\"},\"image\":{\"@id\":\"https:\/\/ursa.marketing\/fr\/#\/schema\/logo\/image\/\"},\"sameAs\":[\"https:\/\/www.facebook.com\/UrsaNumerique\/\",\"https:\/\/www.linkedin.com\/company\/ursa-marketing\/\"]}]}<\/script>\n<!-- \/ Yoast SEO plugin. -->","yoast_head_json":{"title":"Repr\u00e9sentant d\u00e9veloppement des affaires | Offre d'emploi","description":"Tu carbures aux d\u00e9fis et tu as le marketing num\u00e9rique dans le sang? Chez Ursa Marketing, on recherche quelqu\u2019un comme toi! Envoie-nous ton curriculum vitae.","robots":{"index":"index","follow":"follow","max-snippet":"max-snippet:-1","max-image-preview":"max-image-preview:large","max-video-preview":"max-video-preview:-1"},"canonical":"https:\/\/ursa.marketing\/fr\/carriere-marketing-numerique\/representant-developpement-affaires\/","og_locale":"fr_FR","og_type":"article","og_title":"Repr\u00e9sentant d\u00e9veloppement des affaires | Offre d'emploi","og_description":"Tu carbures aux d\u00e9fis et tu as le marketing num\u00e9rique dans le sang? Chez Ursa Marketing, on recherche quelqu\u2019un comme toi! Envoie-nous ton curriculum vitae.","og_url":"https:\/\/ursa.marketing\/fr\/carriere-marketing-numerique\/representant-developpement-affaires\/","og_site_name":"Ursa Marketing","article_publisher":"https:\/\/www.facebook.com\/UrsaNumerique\/","article_modified_time":"2024-09-16T18:51:56+00:00","og_image":[{"width":683,"height":1024,"url":"https:\/\/ursa.marketing\/app\/uploads\/2019\/04\/ursa-271-2-683x1024.jpg","type":"image\/jpeg"}],"twitter_card":"summary_large_image","twitter_misc":{"Dur\u00e9e de lecture estim\u00e9e":"6 minutes"},"schema":{"@context":"https:\/\/schema.org","@graph":[{"@type":"WebPage","@id":"https:\/\/ursa.marketing\/fr\/carriere-marketing-numerique\/representant-developpement-affaires\/","url":"https:\/\/ursa.marketing\/fr\/carriere-marketing-numerique\/representant-developpement-affaires\/","name":"Repr\u00e9sentant d\u00e9veloppement des affaires | Offre d'emploi","isPartOf":{"@id":"https:\/\/ursa.marketing\/fr\/#website"},"datePublished":"2024-09-04T18:51:42+00:00","dateModified":"2024-09-16T18:51:56+00:00","description":"Tu carbures aux d\u00e9fis et tu as le marketing num\u00e9rique dans le sang? Chez Ursa Marketing, on recherche quelqu\u2019un comme toi! Envoie-nous ton curriculum vitae.","breadcrumb":{"@id":"https:\/\/ursa.marketing\/fr\/carriere-marketing-numerique\/representant-developpement-affaires\/#breadcrumb"},"inLanguage":"fr-FR","potentialAction":[{"@type":"ReadAction","target":["https:\/\/ursa.marketing\/fr\/carriere-marketing-numerique\/representant-developpement-affaires\/"]}]},{"@type":"BreadcrumbList","@id":"https:\/\/ursa.marketing\/fr\/carriere-marketing-numerique\/representant-developpement-affaires\/#breadcrumb","itemListElement":[{"@type":"ListItem","position":1,"name":"Home","item":"https:\/\/ursa.marketing\/fr\/"},{"@type":"ListItem","position":2,"name":"Carri\u00e8re en marketing num\u00e9rique","item":"https:\/\/ursa.marketing\/fr\/carriere-marketing-numerique\/"},{"@type":"ListItem","position":3,"name":"Repr\u00e9sentant d\u00e9veloppement des affaires chez Ursa Marketing"}]},{"@type":"WebSite","@id":"https:\/\/ursa.marketing\/fr\/#website","url":"https:\/\/ursa.marketing\/fr\/","name":"Ursa Marketing","description":"Votre Guide vers la r\u00e9ussite num\u00e9rique","publisher":{"@id":"https:\/\/ursa.marketing\/fr\/#organization"},"potentialAction":[{"@type":"SearchAction","target":{"@type":"EntryPoint","urlTemplate":"https:\/\/ursa.marketing\/fr\/?s={search_term_string}"},"query-input":{"@type":"PropertyValueSpecification","valueRequired":true,"valueName":"search_term_string"}}],"inLanguage":"fr-FR"},{"@type":"Organization","@id":"https:\/\/ursa.marketing\/fr\/#organization","name":"Ursa Marketing","url":"https:\/\/ursa.marketing\/fr\/","logo":{"@type":"ImageObject","inLanguage":"fr-FR","@id":"https:\/\/ursa.marketing\/fr\/#\/schema\/logo\/image\/","url":"https:\/\/ursa.marketing\/app\/uploads\/2018\/08\/URSA_fb_img.jpg","contentUrl":"https:\/\/ursa.marketing\/app\/uploads\/2018\/08\/URSA_fb_img.jpg","width":1200,"height":627,"caption":"Ursa Marketing"},"image":{"@id":"https:\/\/ursa.marketing\/fr\/#\/schema\/logo\/image\/"},"sameAs":["https:\/\/www.facebook.com\/UrsaNumerique\/","https:\/\/www.linkedin.com\/company\/ursa-marketing\/"]}]}},"_links":{"self":[{"href":"https:\/\/ursa.marketing\/fr\/wp-json\/wp\/v2\/pages\/2539","targetHints":{"allow":["GET"]}}],"collection":[{"href":"https:\/\/ursa.marketing\/fr\/wp-json\/wp\/v2\/pages"}],"about":[{"href":"https:\/\/ursa.marketing\/fr\/wp-json\/wp\/v2\/types\/page"}],"author":[{"embeddable":true,"href":"https:\/\/ursa.marketing\/fr\/wp-json\/wp\/v2\/users\/17"}],"replies":[{"embeddable":true,"href":"https:\/\/ursa.marketing\/fr\/wp-json\/wp\/v2\/comments?post=2539"}],"version-history":[{"count":5,"href":"https:\/\/ursa.marketing\/fr\/wp-json\/wp\/v2\/pages\/2539\/revisions"}],"predecessor-version":[{"id":2546,"href":"https:\/\/ursa.marketing\/fr\/wp-json\/wp\/v2\/pages\/2539\/revisions\/2546"}],"up":[{"embeddable":true,"href":"https:\/\/ursa.marketing\/fr\/wp-json\/wp\/v2\/pages\/877"}],"wp:attachment":[{"href":"https:\/\/ursa.marketing\/fr\/wp-json\/wp\/v2\/media?parent=2539"}],"curies":[{"name":"wp","href":"https:\/\/api.w.org\/{rel}","templated":true}]}}