{"id":1698,"date":"2023-07-27T18:32:44","date_gmt":"2023-07-27T18:32:44","guid":{"rendered":"https:\/\/ursa.marketing\/?page_id=1698"},"modified":"2024-11-11T20:53:55","modified_gmt":"2024-11-11T20:53:55","slug":"conformite-loi-25","status":"publish","type":"page","link":"https:\/\/ursa.marketing\/fr\/tactique\/conformite-loi-25\/","title":{"rendered":"Conformit\u00e9 \u00e0 la loi 25"},"content":{"rendered":"<h2><strong>Qu&rsquo;est-ce que la loi 25?<\/strong><\/h2>\n<p><span style=\"font-weight: 400;\">Adopt\u00e9e au Qu\u00e9bec, la loi 25 modernise le cadre juridique de la protection des renseignements personnels. Elle impose aux entreprises des exigences strictes concernant la gestion et la protection des donn\u00e9es personnelles des individus.<\/span><\/p>\n<br \/>\n<hr \/>\n<br \/>\n<h2><strong>Pourquoi \u00eatre en conformit\u00e9?<\/strong><\/h2>\n<p><b>Protection de la vie priv\u00e9e<\/b><b><br \/>\n<\/b><span style=\"font-weight: 400;\">La conformit\u00e9 garantit la protection des informations personnelles de vos clients, \u00e9vitant ainsi les fuites de donn\u00e9es et les atteintes \u00e0 la r\u00e9putation.<\/span><\/p>\n<p><b>Transparence et confiance<\/b><b><br \/>\n<\/b><span style=\"font-weight: 400;\">Informer vos clients sur l&rsquo;utilisation de leurs donn\u00e9es renforce la transparence et la confiance, ce qui est essentiel dans le paysage num\u00e9rique actuel.<\/span><\/p>\n<p><b>Innovation et efficacit\u00e9<\/b><b><br \/>\n<\/b><span style=\"font-weight: 400;\">Une gestion efficace des donn\u00e9es peut stimuler l&rsquo;innovation et am\u00e9liorer les processus d\u00e9cisionnels au sein de votre entreprise.<\/span><\/p>\n<p><b>Sanctions possibles<br \/>\n<\/b><b><\/b><span style=\"font-weight: 400;\">Le non-respect de la loi 25 peut entra\u00eener des amendes s\u00e9v\u00e8res, allant <\/span><b>jusqu&rsquo;\u00e0 10 millions de dollars ou 2% du chiffre d&rsquo;affaires mondial de l&rsquo;exercice pr\u00e9c\u00e9dent<\/b><span style=\"font-weight: 400;\">, selon le montant le plus \u00e9lev\u00e9.<\/span><\/p>\n<br \/>\n<hr \/>\n<br \/>\n<h2><strong>Nos services pour vous aider \u00e0 \u00eatre conforme<\/strong><\/h2>\n<p><b>Audit de conformit\u00e9<\/b><b><br \/>\n<\/b><span style=\"font-weight: 400;\">Nous r\u00e9alisons une analyse compl\u00e8te de vos pratiques actuelles de gestion des donn\u00e9es pour identifier les \u00e9carts et les risques potentiels.<\/span><\/p>\n<p><b>\u00c9laboration de politiques<\/b><b><br \/>\n<\/b><span style=\"font-weight: 400;\">Nous cr\u00e9ons et mettons en \u0153uvre des politiques de confidentialit\u00e9 conformes \u00e0 la loi 25, adapt\u00e9es \u00e0 votre entreprise.<\/span><\/p>\n<p><b>Impl\u00e9mentation d&rsquo;une plateforme de consentement<\/b><b><br \/>\n<\/b><span style=\"font-weight: 400;\">Nous analysons et s\u00e9lectionnons la meilleure plateforme de consentement selon vos besoins sp\u00e9cifiques, en plus de configurer la banni\u00e8re de consentement pour qu&rsquo;elle soit repr\u00e9sentative et efficace. Nous l&rsquo;int\u00e9grons ensuite avec Google Tag Manager pour assurer que la r\u00e9colte des donn\u00e9es personnelles respecte le choix de consentement de l&rsquo;internaute.<\/span><\/p>\n<p><b>Maintenance mensuelle<\/b><b><br \/>\n<\/b><span style=\"font-weight: 400;\">Nous offrons un service de maintenance continu pour garantir que votre plateforme de consentement reste \u00e0 jour et conforme aux nouvelles exigences l\u00e9gales.<\/span><\/p>\n<p>&nbsp;<\/p>\n<p><span style=\"font-weight: 400;\">Pour en savoir plus et s\u00e9curiser la conformit\u00e9 de votre entreprise, <a href=\"https:\/\/ursa.marketing\/fr\/contact\/\" target=\"_blank\" rel=\"noopener\">contactez l\u2019un de nos experts afin d\u2019\u00e9tablir vos besoins.\u00a0<\/a><\/span><\/p>\n<p>&nbsp;<\/p>\n","protected":false},"excerpt":{"rendered":"<p>Qu&rsquo;est-ce que la loi 25? Adopt\u00e9e au Qu\u00e9bec, la loi 25 modernise le cadre juridique de la protection des renseignements &hellip;<\/p>\n","protected":false},"author":10,"featured_media":0,"parent":9,"menu_order":0,"comment_status":"closed","ping_status":"closed","template":"template-service-first.php","meta":{"_acf_changed":false,"footnotes":""},"class_list":["post-1698","page","type-page","status-publish","hentry"],"acf":[],"yoast_head":"<!-- This site is optimized with the Yoast SEO plugin v25.9 - https:\/\/yoast.com\/wordpress\/plugins\/seo\/ -->\n<title>Loi 25 Qu\u00e9bec \u2013 Ursa Marketing vous aide \u00e0 rester conforme<\/title>\n<meta name=\"description\" content=\"Mettez votre entreprise en conformit\u00e9 avec la Loi 25. Ursa Marketing vous aide \u00e0 s\u00e9curiser les donn\u00e9es personnelles et \u00e0 \u00e9viter des p\u00e9nalit\u00e9s importantes.\" \/>\n<meta name=\"robots\" content=\"index, follow, max-snippet:-1, max-image-preview:large, max-video-preview:-1\" \/>\n<link rel=\"canonical\" href=\"https:\/\/ursa.marketing\/fr\/tactique\/conformite-loi-25\/\" \/>\n<meta property=\"og:locale\" content=\"fr_FR\" \/>\n<meta property=\"og:type\" content=\"article\" \/>\n<meta property=\"og:title\" content=\"Conformit\u00e9 \u00e0 la loi 25\" \/>\n<meta property=\"og:description\" content=\"Une plateforme de consentement est dor\u00e9navant un \u00e9l\u00e9ment crucial \u00e0 consid\u00e9rer dans votre strat\u00e9gie de marketing num\u00e9rique, que vous soyez une entreprise priv\u00e9e, un organisme ou une organisation publique qu\u00e9b\u00e9coise. Nous pouvons vous accompagner dans la mise en place d&#039;\u00e9l\u00e9ments visant \u00e0 ce que le processus de collection de donn\u00e9es personnelles de votre site web soit conforme \u00e0 la loi 25.\" \/>\n<meta property=\"og:url\" content=\"https:\/\/ursa.marketing\/fr\/tactique\/conformite-loi-25\/\" \/>\n<meta property=\"og:site_name\" content=\"Ursa Marketing\" \/>\n<meta property=\"article:publisher\" content=\"https:\/\/www.facebook.com\/UrsaNumerique\/\" \/>\n<meta property=\"article:modified_time\" content=\"2024-11-11T20:53:55+00:00\" \/>\n<meta property=\"og:image\" content=\"https:\/\/ursa.marketing\/app\/uploads\/2023\/07\/Loi-25-Conformite\u0301-de-la-gestion-des-donne\u0301es-personnelles-1.png\" \/>\n\t<meta property=\"og:image:width\" content=\"972\" \/>\n\t<meta property=\"og:image:height\" content=\"862\" \/>\n\t<meta property=\"og:image:type\" content=\"image\/png\" \/>\n<meta name=\"twitter:card\" content=\"summary_large_image\" \/>\n<meta name=\"twitter:label1\" content=\"Dur\u00e9e de lecture estim\u00e9e\" \/>\n\t<meta name=\"twitter:data1\" content=\"2 minutes\" \/>\n<script type=\"application\/ld+json\" class=\"yoast-schema-graph\">{\"@context\":\"https:\/\/schema.org\",\"@graph\":[{\"@type\":\"WebPage\",\"@id\":\"https:\/\/ursa.marketing\/fr\/tactique\/conformite-loi-25\/\",\"url\":\"https:\/\/ursa.marketing\/fr\/tactique\/conformite-loi-25\/\",\"name\":\"Loi 25 Qu\u00e9bec \u2013 Ursa Marketing vous aide \u00e0 rester conforme\",\"isPartOf\":{\"@id\":\"https:\/\/ursa.marketing\/fr\/#website\"},\"datePublished\":\"2023-07-27T18:32:44+00:00\",\"dateModified\":\"2024-11-11T20:53:55+00:00\",\"description\":\"Mettez votre entreprise en conformit\u00e9 avec la Loi 25. Ursa Marketing vous aide \u00e0 s\u00e9curiser les donn\u00e9es personnelles et \u00e0 \u00e9viter des p\u00e9nalit\u00e9s importantes.\",\"breadcrumb\":{\"@id\":\"https:\/\/ursa.marketing\/fr\/tactique\/conformite-loi-25\/#breadcrumb\"},\"inLanguage\":\"fr-FR\",\"potentialAction\":[{\"@type\":\"ReadAction\",\"target\":[\"https:\/\/ursa.marketing\/fr\/tactique\/conformite-loi-25\/\"]}]},{\"@type\":\"BreadcrumbList\",\"@id\":\"https:\/\/ursa.marketing\/fr\/tactique\/conformite-loi-25\/#breadcrumb\",\"itemListElement\":[{\"@type\":\"ListItem\",\"position\":1,\"name\":\"Home\",\"item\":\"https:\/\/ursa.marketing\/fr\/\"},{\"@type\":\"ListItem\",\"position\":2,\"name\":\"Marketing num\u00e9rique\",\"item\":\"https:\/\/ursa.marketing\/fr\/tactique\/\"},{\"@type\":\"ListItem\",\"position\":3,\"name\":\"Conformit\u00e9 \u00e0 la loi 25\"}]},{\"@type\":\"WebSite\",\"@id\":\"https:\/\/ursa.marketing\/fr\/#website\",\"url\":\"https:\/\/ursa.marketing\/fr\/\",\"name\":\"Ursa Marketing\",\"description\":\"Votre Guide vers la r\u00e9ussite num\u00e9rique\",\"publisher\":{\"@id\":\"https:\/\/ursa.marketing\/fr\/#organization\"},\"potentialAction\":[{\"@type\":\"SearchAction\",\"target\":{\"@type\":\"EntryPoint\",\"urlTemplate\":\"https:\/\/ursa.marketing\/fr\/?s={search_term_string}\"},\"query-input\":{\"@type\":\"PropertyValueSpecification\",\"valueRequired\":true,\"valueName\":\"search_term_string\"}}],\"inLanguage\":\"fr-FR\"},{\"@type\":\"Organization\",\"@id\":\"https:\/\/ursa.marketing\/fr\/#organization\",\"name\":\"Ursa Marketing\",\"url\":\"https:\/\/ursa.marketing\/fr\/\",\"logo\":{\"@type\":\"ImageObject\",\"inLanguage\":\"fr-FR\",\"@id\":\"https:\/\/ursa.marketing\/fr\/#\/schema\/logo\/image\/\",\"url\":\"https:\/\/ursa.marketing\/app\/uploads\/2018\/08\/URSA_fb_img.jpg\",\"contentUrl\":\"https:\/\/ursa.marketing\/app\/uploads\/2018\/08\/URSA_fb_img.jpg\",\"width\":1200,\"height\":627,\"caption\":\"Ursa Marketing\"},\"image\":{\"@id\":\"https:\/\/ursa.marketing\/fr\/#\/schema\/logo\/image\/\"},\"sameAs\":[\"https:\/\/www.facebook.com\/UrsaNumerique\/\",\"https:\/\/www.linkedin.com\/company\/ursa-marketing\/\"]}]}<\/script>\n<!-- \/ Yoast SEO plugin. -->","yoast_head_json":{"title":"Loi 25 Qu\u00e9bec \u2013 Ursa Marketing vous aide \u00e0 rester conforme","description":"Mettez votre entreprise en conformit\u00e9 avec la Loi 25. Ursa Marketing vous aide \u00e0 s\u00e9curiser les donn\u00e9es personnelles et \u00e0 \u00e9viter des p\u00e9nalit\u00e9s importantes.","robots":{"index":"index","follow":"follow","max-snippet":"max-snippet:-1","max-image-preview":"max-image-preview:large","max-video-preview":"max-video-preview:-1"},"canonical":"https:\/\/ursa.marketing\/fr\/tactique\/conformite-loi-25\/","og_locale":"fr_FR","og_type":"article","og_title":"Conformit\u00e9 \u00e0 la loi 25","og_description":"Une plateforme de consentement est dor\u00e9navant un \u00e9l\u00e9ment crucial \u00e0 consid\u00e9rer dans votre strat\u00e9gie de marketing num\u00e9rique, que vous soyez une entreprise priv\u00e9e, un organisme ou une organisation publique qu\u00e9b\u00e9coise. Nous pouvons vous accompagner dans la mise en place d'\u00e9l\u00e9ments visant \u00e0 ce que le processus de collection de donn\u00e9es personnelles de votre site web soit conforme \u00e0 la loi 25.","og_url":"https:\/\/ursa.marketing\/fr\/tactique\/conformite-loi-25\/","og_site_name":"Ursa Marketing","article_publisher":"https:\/\/www.facebook.com\/UrsaNumerique\/","article_modified_time":"2024-11-11T20:53:55+00:00","og_image":[{"width":972,"height":862,"url":"https:\/\/ursa.marketing\/app\/uploads\/2023\/07\/Loi-25-Conformite\u0301-de-la-gestion-des-donne\u0301es-personnelles-1.png","type":"image\/png"}],"twitter_card":"summary_large_image","twitter_misc":{"Dur\u00e9e de lecture estim\u00e9e":"2 minutes"},"schema":{"@context":"https:\/\/schema.org","@graph":[{"@type":"WebPage","@id":"https:\/\/ursa.marketing\/fr\/tactique\/conformite-loi-25\/","url":"https:\/\/ursa.marketing\/fr\/tactique\/conformite-loi-25\/","name":"Loi 25 Qu\u00e9bec \u2013 Ursa Marketing vous aide \u00e0 rester conforme","isPartOf":{"@id":"https:\/\/ursa.marketing\/fr\/#website"},"datePublished":"2023-07-27T18:32:44+00:00","dateModified":"2024-11-11T20:53:55+00:00","description":"Mettez votre entreprise en conformit\u00e9 avec la Loi 25. Ursa Marketing vous aide \u00e0 s\u00e9curiser les donn\u00e9es personnelles et \u00e0 \u00e9viter des p\u00e9nalit\u00e9s importantes.","breadcrumb":{"@id":"https:\/\/ursa.marketing\/fr\/tactique\/conformite-loi-25\/#breadcrumb"},"inLanguage":"fr-FR","potentialAction":[{"@type":"ReadAction","target":["https:\/\/ursa.marketing\/fr\/tactique\/conformite-loi-25\/"]}]},{"@type":"BreadcrumbList","@id":"https:\/\/ursa.marketing\/fr\/tactique\/conformite-loi-25\/#breadcrumb","itemListElement":[{"@type":"ListItem","position":1,"name":"Home","item":"https:\/\/ursa.marketing\/fr\/"},{"@type":"ListItem","position":2,"name":"Marketing num\u00e9rique","item":"https:\/\/ursa.marketing\/fr\/tactique\/"},{"@type":"ListItem","position":3,"name":"Conformit\u00e9 \u00e0 la loi 25"}]},{"@type":"WebSite","@id":"https:\/\/ursa.marketing\/fr\/#website","url":"https:\/\/ursa.marketing\/fr\/","name":"Ursa Marketing","description":"Votre Guide vers la r\u00e9ussite num\u00e9rique","publisher":{"@id":"https:\/\/ursa.marketing\/fr\/#organization"},"potentialAction":[{"@type":"SearchAction","target":{"@type":"EntryPoint","urlTemplate":"https:\/\/ursa.marketing\/fr\/?s={search_term_string}"},"query-input":{"@type":"PropertyValueSpecification","valueRequired":true,"valueName":"search_term_string"}}],"inLanguage":"fr-FR"},{"@type":"Organization","@id":"https:\/\/ursa.marketing\/fr\/#organization","name":"Ursa Marketing","url":"https:\/\/ursa.marketing\/fr\/","logo":{"@type":"ImageObject","inLanguage":"fr-FR","@id":"https:\/\/ursa.marketing\/fr\/#\/schema\/logo\/image\/","url":"https:\/\/ursa.marketing\/app\/uploads\/2018\/08\/URSA_fb_img.jpg","contentUrl":"https:\/\/ursa.marketing\/app\/uploads\/2018\/08\/URSA_fb_img.jpg","width":1200,"height":627,"caption":"Ursa Marketing"},"image":{"@id":"https:\/\/ursa.marketing\/fr\/#\/schema\/logo\/image\/"},"sameAs":["https:\/\/www.facebook.com\/UrsaNumerique\/","https:\/\/www.linkedin.com\/company\/ursa-marketing\/"]}]}},"_links":{"self":[{"href":"https:\/\/ursa.marketing\/fr\/wp-json\/wp\/v2\/pages\/1698","targetHints":{"allow":["GET"]}}],"collection":[{"href":"https:\/\/ursa.marketing\/fr\/wp-json\/wp\/v2\/pages"}],"about":[{"href":"https:\/\/ursa.marketing\/fr\/wp-json\/wp\/v2\/types\/page"}],"author":[{"embeddable":true,"href":"https:\/\/ursa.marketing\/fr\/wp-json\/wp\/v2\/users\/10"}],"replies":[{"embeddable":true,"href":"https:\/\/ursa.marketing\/fr\/wp-json\/wp\/v2\/comments?post=1698"}],"version-history":[{"count":8,"href":"https:\/\/ursa.marketing\/fr\/wp-json\/wp\/v2\/pages\/1698\/revisions"}],"predecessor-version":[{"id":2868,"href":"https:\/\/ursa.marketing\/fr\/wp-json\/wp\/v2\/pages\/1698\/revisions\/2868"}],"up":[{"embeddable":true,"href":"https:\/\/ursa.marketing\/fr\/wp-json\/wp\/v2\/pages\/9"}],"wp:attachment":[{"href":"https:\/\/ursa.marketing\/fr\/wp-json\/wp\/v2\/media?parent=1698"}],"curies":[{"name":"wp","href":"https:\/\/api.w.org\/{rel}","templated":true}]}}