{"id":141,"date":"2017-11-13T15:23:08","date_gmt":"2017-11-13T15:23:08","guid":{"rendered":"http:\/\/ursa.marketing\/?page_id=141"},"modified":"2024-11-11T20:50:53","modified_gmt":"2024-11-11T20:50:53","slug":"optimiser-votre-referencement-seo","status":"publish","type":"page","link":"https:\/\/ursa.marketing\/fr\/tactique\/optimiser-votre-referencement-seo\/","title":{"rendered":"Am\u00e9liorez votre R\u00e9f\u00e9rencement Naturel &#8211; Ursa Marketing"},"content":{"rendered":"<h3><\/h3>\n<h2 style=\"text-align: left;\"><b>Qu\u2019est-ce que le r\u00e9f\u00e9rencement SEO?<\/b><\/h2>\n<p style=\"text-align: left;\"><span style=\"font-weight: 400;\">Le r\u00e9f\u00e9rencement SEO (ou <\/span><i><span style=\"font-weight: 400;\">Search Engine Optimization<\/span><\/i><span style=\"font-weight: 400;\">) est l\u2019ensemble des techniques visant \u00e0 am\u00e9liorer la visibilit\u00e9 de votre site web sur les moteurs de recherche. Cela inclut l\u2019optimisation des contenus, de la structure du site et des liens pour appara\u00eetre en haut des r\u00e9sultats de recherche sans avoir \u00e0 payer un seul dollar. Chez Ursa Marketing, nous mettons notre expertise au service de nos clients depuis 2017 pour maximiser leur visibilit\u00e9 en ligne et attirer un trafic qualifi\u00e9.<\/span><\/p>\n<h3 style=\"text-align: left;\"><b>Pourquoi faire du SEO?<\/b><\/h3>\n<p style=\"text-align: left;\"><span style=\"font-weight: 400;\">Le SEO est essentiel pour toute entreprise cherchant \u00e0 accro\u00eetre sa visibilit\u00e9 en ligne. C\u2019est aujourd\u2019hui le moyen le plus fiable et le moins co\u00fbteux pour attirer des visiteurs qualifi\u00e9s vers vos produits ou vos services. En optimisant votre site pour les moteurs de recherche, vous augmentez donc vos chances d\u2019\u00eatre trouv\u00e9 par vos clients potentiels, ce qui peut conduire \u00e0 une augmentation des ventes.<\/span><\/p>\n<p style=\"text-align: left;\"><span style=\"font-weight: 400;\">De plus, un bon r\u00e9f\u00e9rencement am\u00e9liore la cr\u00e9dibilit\u00e9 et la notori\u00e9t\u00e9 de votre marque. Il est important de travailler sur plusieurs volets du r\u00e9f\u00e9rencement naturel comme l\u2019optimisation technique de votre site, la recherche de mots-cl\u00e9s, le contenu sur votre site web et votre pr\u00e9sence sur les diff\u00e9rentes fonctionnalit\u00e9s de Google ou d\u2019autres moteurs de recherche (Google My Business, Bing, etc.).<\/span><\/p>\n<h3 style=\"text-align: left;\"><b>Est-ce que le SEO est adapt\u00e9 \u00e0 votre entreprise?<\/b><\/h3>\n<p style=\"text-align: left;\"><span style=\"font-weight: 400;\">Vous vous demandez peut-\u00eatre si le SEO est vraiment n\u00e9cessaire pour vous. Pour vous aider \u00e0 y voir plus clair, nous avons cr\u00e9\u00e9 un quiz interactif. R\u00e9pondez \u00e0 ces quelques questions et d\u00e9couvrez si le SEO peut transformer votre entreprise :<\/span><\/p>\n<p>&nbsp;<\/p>\n<p><iframe title=\"Est-ce que le SEO est adapt\u00e9 \u00e0 votre entreprise?\" width=\"100%\" height=\"400\" frameborder=\"0\" marginwidth=\"0\" marginheight=\"0\" data-tally-src=\"https:\/\/tally.so\/embed\/nrEa55?transparentBackground=1\"><\/iframe><script>var d=document,w=\"https:\/\/tally.so\/widgets\/embed.js\",v=function(){\"undefined\"!=typeof Tally?Tally.loadEmbeds():d.querySelectorAll(\"iframe[data-tally-src]:not([src])\").forEach((function(e){e.src=e.dataset.tallySrc}))};if(\"undefined\"!=typeof Tally)v();else if(d.querySelector('script[src=\"'+w+'\"]')==null){var s=d.createElement(\"script\");s.src=w,s.onload=v,s.onerror=v,d.body.appendChild(s);}<\/script><\/p>\n<p>&nbsp;<\/p>\n<h2><b>D\u00e9couvrez nos services de r\u00e9f\u00e9rencement SEO chez Ursa Marketing<\/b><\/h2>\n<p>&nbsp;<\/p>\n<ul>\n<li>\n<h3><span class=\"h5\"><b>Audit SEO<\/b><\/span><\/h3>\n<\/li>\n<\/ul>\n<p><span style=\"font-weight: 400;\">Un audit SEO est la premi\u00e8re \u00e9tape pour identifier les points forts et les faiblesses de votre site. Nous analysons tous les aspects de votre site, y compris les performances techniques, le contenu et les <\/span><i><span style=\"font-weight: 400;\">backlinks<\/span><\/i><span style=\"font-weight: 400;\">, pour vous proposer des am\u00e9liorations concr\u00e8tes et efficaces. Par exemple, un audit approfondi peut r\u00e9v\u00e9ler des probl\u00e8mes de contenant, tels que la vitesse de certaines pages, qui, une fois r\u00e9solus, peuvent vous faire gagner des positions sur les moteurs de recherche sans toucher au contenu.<\/span><\/p>\n<ul>\n<li>\n<h3><span class=\"h5\"><b>Migration de site web<\/b><\/span><\/h3>\n<\/li>\n<\/ul>\n<p><span style=\"font-weight: 400;\">Lors d\u2019une migration de site web, il est crucial de ne pas perdre le b\u00e9n\u00e9fice de votre r\u00e9f\u00e9rencement existant. Nous r\u00e9alisons des audits de redirections et des audits du nouveau site. Avec ce service, nous optimisons votre migration de site web avec les meilleures pratiques pour garantir une transition en douceur vers une nouvelle plateforme et ainsi \u00e9viter de perdre des positions dans les r\u00e9sultats de recherche.<\/span><\/p>\n<ul>\n<li>\n<h3><span class=\"h5\"><b>\u00c9laboration de strat\u00e9gie de r\u00e9f\u00e9rencement naturel<\/b><\/span><\/h3>\n<\/li>\n<\/ul>\n<p><span style=\"font-weight: 400;\">Chaque entreprise est unique, c\u2019est pourquoi nous d\u00e9veloppons des strat\u00e9gies de SEO personnalis\u00e9es, adapt\u00e9es \u00e0 vos objectifs et \u00e0 votre march\u00e9 cible. Par exemple, nous cr\u00e9ons des strat\u00e9gies de contenu bien diff\u00e9rentes pour une entreprise dans le secteur de la mode et pour des professionnels de la construction, afin de r\u00e9pondre \u00e0 des intentions de recherche sp\u00e9cifiques \u00e0 l\u2019industrie.\u00a0<\/span><\/p>\n<ul>\n<li>\n<h3><span class=\"h5\"><b>\u00c9tude de mots-cl\u00e9s \u00e0 haut potentiel<\/b><\/span><\/h3>\n<\/li>\n<\/ul>\n<p><span style=\"font-weight: 400;\">Identifier les bons mots-cl\u00e9s est essentiel pour attirer un trafic qualifi\u00e9. Nous r\u00e9alisons une \u00e9tude approfondie pour cibler les termes qui apporteront le plus de valeur \u00e0 votre site. Nous \u00e9tudions les mots-cl\u00e9s sur lesquels vous apparaissez d\u00e9j\u00e0 pour vous faire monter dans les recherches, mais aussi des mots-cl\u00e9s sur lesquels vous n\u2019apparaissez pas encore et qui peuvent faire une grande diff\u00e9rence pour augmenter la d\u00e9couvrabilit\u00e9 de votre entreprise.\u00a0<\/span><\/p>\n<ul>\n<li>\n<h3><span class=\"h5\"><b>R\u00e9daction web optimis\u00e9e pour le r\u00e9f\u00e9rencement naturel<\/b><\/span><\/h3>\n<\/li>\n<\/ul>\n<p><span style=\"font-weight: 400;\">Un contenu de qualit\u00e9 est la cl\u00e9 du succ\u00e8s en SEO. Nous cr\u00e9ons des pages, des fiches produits et des articles de blogue optimis\u00e9s pour les moteurs de recherche. Le tout en restant pertinents et engageants pour vos visiteurs, afin que leur navigation sur votre site soit agr\u00e9able. Une bonne r\u00e9daction optimis\u00e9e pour le web demeure la base indispensable \u00e0 toute strat\u00e9gie de r\u00e9f\u00e9rencement SEO.<\/span><\/p>\n<ul>\n<li>\n<h3><span class=\"h5\"><b>Strat\u00e9gie de r\u00e9f\u00e9rencement local<\/b><\/span><\/h3>\n<\/li>\n<\/ul>\n<p><span style=\"font-weight: 400;\">En tant qu\u2019entreprise locale, il est crucial d\u2019\u00eatre visible pour les clients de votre r\u00e9gion. Nous \u00e9laborons des strat\u00e9gies de SEO local pour vous aider \u00e0 dominer les recherches g\u00e9olocalis\u00e9es et faire en sorte que votre entreprise apparaisse avant celles de vos concurrents directs.<\/span><\/p>\n<p>&nbsp;<\/p>\n<h2><b>Parlez-nous de votre projet<\/b><\/h2>\n<p><a href=\"https:\/\/ursa.marketing\/fr\/contact\/\">Discutez avec un expert en r\u00e9f\u00e9rencement naturel<\/a>\u00a0et d\u00e9couvrez comment Ursa Marketing peut aider votre entreprise \u00e0 d\u00e9passer ses objectifs.<\/p>\n<p>&nbsp;<\/p>\n<h2><b>Optimisez votre r\u00e9f\u00e9rencement SEO en choisissant la bonne agence SEO<\/b><\/h2>\n<p>&nbsp;<\/p>\n<h3><b>Pourquoi choisir notre agence pour d\u00e9velopper votre r\u00e9f\u00e9rencement naturel?<\/b><\/h3>\n<p><span style=\"font-weight: 400;\">Chez Ursa Marketing, nous nous engageons \u00e0 fournir des r\u00e9sultats concrets et mesurables. Voici pourquoi nous sommes le meilleur choix pour votre SEO :<\/span><\/p>\n<ul>\n<li>\n<h3><span class=\"h5\"><b>Une agence et des techniques SEO \u00e0 jour, fiables et transparentes<\/b><\/span><\/h3>\n<\/li>\n<\/ul>\n<p><span style=\"font-weight: 400;\">Nous offrons un acc\u00e8s aux r\u00e9sultats gr\u00e2ce \u00e0 des tableaux de bord disponibles 24\/7, afin que vous puissiez suivre l\u2019\u00e9volution de vos performances en temps r\u00e9el et vos positionnements sur les mots-cl\u00e9s strat\u00e9giques pour votre entreprise.<\/span><\/p>\n<ul>\n<li>\n<h3><span class=\"h5\"><b>Des strat\u00e9gies de r\u00e9f\u00e9rencement SEO orient\u00e9es sur les r\u00e9sultats<\/b><\/span><\/h3>\n<\/li>\n<\/ul>\n<p><span style=\"font-weight: 400;\">Nous mesurons constamment la performance de nos actions gr\u00e2ce \u00e0 des outils de <\/span><i><span style=\"font-weight: 400;\">tracking<\/span><\/i> <span style=\"font-weight: 400;\">avanc\u00e9s et \u00e0 une approche ax\u00e9e sur les r\u00e9sultats. Nos strat\u00e9gies sont bas\u00e9es sur des donn\u00e9es pr\u00e9cises et des analyses approfondies pour garantir des r\u00e9sultats optimaux.<\/span><\/p>\n<h3><b>Parlez-nous de votre projet de r\u00e9f\u00e9rencement SEO<\/b><\/h3>\n<p><a href=\"https:\/\/ursa.marketing\/fr\/contact\/\">Discutez avec un expert en r\u00e9f\u00e9rencement naturel<\/a>\u00a0et d\u00e9couvrez comment Ursa Marketing peut aider votre entreprise \u00e0 d\u00e9passer ses objectifs.<\/p>\n<h2><b>Foire aux questions<\/b><\/h2>\n<p><b>Qu\u2019est-ce que le r\u00e9f\u00e9rencement naturel (SEO)?<\/b><\/p>\n<p><b><br \/>\n<\/b><span style=\"font-weight: 400;\">Le r\u00e9f\u00e9rencement naturel (ou SEO) consiste \u00e0 optimiser un site web pour qu\u2019il apparaisse en haut des r\u00e9sultats des moteurs de recherche. Cela inclut l\u2019optimisation technique, la cr\u00e9ation de contenu de qualit\u00e9 et l\u2019obtention de liens entrants pertinents.<\/span><\/p>\n<p><b>Combien co\u00fbte un service d\u2019optimisation de r\u00e9f\u00e9rencement avec une agence SEO?<\/b><\/p>\n<p><b><br \/>\n<\/b><span style=\"font-weight: 400;\">Le co\u00fbt varie en fonction des besoins sp\u00e9cifiques de votre entreprise, des services demand\u00e9s et de la comp\u00e9titivit\u00e9 de votre secteur. Nous offrons des forfaits personnalis\u00e9s pour nous adapter \u00e0 votre budget.<\/span><\/p>\n<p><b>\u00c0 quel moment pr\u00e9voir la strat\u00e9gie de r\u00e9f\u00e9rencement SEO d\u2019un site internet?<\/b><\/p>\n<p><b><br \/>\n<\/b><span style=\"font-weight: 400;\">Il est id\u00e9al de commencer le r\u00e9f\u00e9rencement d\u00e8s la cr\u00e9ation du site. Cependant, il n\u2019est jamais trop tard pour optimiser un site existant et am\u00e9liorer sa visibilit\u00e9.<\/span><\/p>\n<p><b>Proposez-vous uniquement des forfaits mensuels?<\/b><\/p>\n<p><b><br \/>\n<\/b><span style=\"font-weight: 400;\">Non, nous proposons \u00e9galement des services \u00e0 la carte et un encadrement num\u00e9rique, selon les besoins et les objectifs de votre entreprise. Notre offre <\/span><b>d\u2019encadrement num\u00e9rique<\/b><span style=\"font-weight: 400;\"> vous permet d\u2019avoir acc\u00e8s \u00e0 l\u2019ensemble des services d\u2019Ursa Marketing \u00e0 un tarif pr\u00e9f\u00e9rentiel.<\/span><\/p>\n<p><b>En combien de temps votre agence SEO peut-elle m\u2019apporter des r\u00e9sultats concrets?<\/b><\/p>\n<p><b><br \/>\n<\/b><span style=\"font-weight: 400;\">La patience est l\u2019une des cl\u00e9s de la r\u00e9ussite en SEO.<\/span> <span style=\"font-weight: 400;\">Les premiers r\u00e9sultats sont g\u00e9n\u00e9ralement visibles dans un d\u00e9lai de 3 \u00e0 6 mois pour du r\u00e9f\u00e9rencement naturel, en fonction de la comp\u00e9titivit\u00e9 des mots-cl\u00e9s et de l\u2019\u00e9tat actuel de votre site.<\/span><\/p>\n<p><b>Pourquoi travailler avec une agence SEO plut\u00f4t que de le faire moi-m\u00eame?<\/b><\/p>\n<p><span style=\"font-weight: 400;\">Une agence SEO dispose des outils, de l\u2019expertise, de l\u2019exp\u00e9rience et du temps n\u00e9cessaires pour maximiser vos r\u00e9sultats, ce qui vous permet de vous concentrer sur votre c\u0153ur de m\u00e9tier et de faire tourner votre entreprise.<\/span><\/p>\n<p><b>Pourquoi passer par une agence SEO plut\u00f4t qu\u2019un pigiste?<\/b><\/p>\n<p><b><br \/>\n<\/b><span style=\"font-weight: 400;\">Une agence SEO offre une \u00e9quipe d\u2019experts aux comp\u00e9tences diversifi\u00e9es, garantissant une approche compl\u00e8te et une continuit\u00e9 de service. Cela permet aussi d\u2019avoir une relecture de chaque contenu pour atteindre le maximum de r\u00e9sultats.<\/span><\/p>\n<p><b>Votre agence peut-elle me garantir des r\u00e9sultats SEO?<\/b><\/p>\n<p><b><br \/>\n<\/b><span style=\"font-weight: 400;\">Bien que nous nous engagions \u00e0 tout mettre en \u0153uvre pour atteindre vos objectifs, le SEO d\u00e9pend de nombreux facteurs externes. Nous garantissons des efforts constants et une optimisation continue pour maximiser vos r\u00e9sultats, mais aucune agence de confiance ne peut vous garantir des r\u00e9sultats en r\u00e9f\u00e9rencement SEO.<\/span><\/p>\n<p><b>Est-ce que je peux travailler en collaboration avec votre agence SEO?<\/b><\/p>\n<p><b><br \/>\n<\/b><span style=\"font-weight: 400;\">Oui, nous croyons en une collaboration \u00e9troite avec nos clients. Vous aurez un strat\u00e8ge d\u00e9di\u00e9 \u00e0 votre entreprise, qui travaillera en partenariat avec vous pour atteindre vos objectifs.<\/span><\/p>\n<p><b>Comment votre agence mesure-t-elle les r\u00e9sultats?<\/b><\/p>\n<p><span style=\"font-weight: 400;\">Nous utilisons des outils de <\/span><i><span style=\"font-weight: 400;\">tracking<\/span><\/i><span style=\"font-weight: 400;\"> avanc\u00e9s et des tableaux de bord personnalis\u00e9s pour suivre et analyser les performances en temps r\u00e9el, ajustant les strat\u00e9gies, si n\u00e9cessaire, pour garantir les meilleurs r\u00e9sultats.<\/span><\/p>\n<p><b>Quels sont les principaux facteurs qui influencent le SEO?<\/b><\/p>\n<p><span style=\"font-weight: 400;\">Les principaux facteurs incluent la qualit\u00e9 du contenu, les <\/span><i><span style=\"font-weight: 400;\">backlinks<\/span><\/i><span style=\"font-weight: 400;\">, l\u2019optimisation technique du site, la vitesse de chargement des pages et l\u2019exp\u00e9rience utilisateur.<\/span><\/p>\n<p><b>Quelle est la diff\u00e9rence entre le SEO et le SEA?<\/b><\/p>\n<p><span style=\"font-weight: 400;\">Le SEO (r\u00e9f\u00e9rencement naturel) concerne les r\u00e9sultats organiques obtenus gr\u00e2ce \u00e0 l\u2019optimisation, tandis que le SEA (r\u00e9f\u00e9rencement payant) implique l\u2019achat de publicit\u00e9s sur les moteurs de recherche.<\/span><\/p>\n<p><b>Le SEO est-il un processus continu?<\/b><\/p>\n<p><span style=\"font-weight: 400;\">Oui, le SEO n\u00e9cessite des ajustements constants et une optimisation continue pour s\u2019adapter aux changements d\u2019algorithmes des moteurs de recherche ainsi qu\u2019\u00e0 l\u2019\u00e9volution de votre march\u00e9.<\/span><\/p>\n<p><b>Comment g\u00e9rez-vous les mises \u00e0 jour d\u2019algorithmes de Google?<\/b><\/p>\n<p><span style=\"font-weight: 400;\">Nous surveillons de pr\u00e8s les mises \u00e0 jour des algorithmes et ajustons nos strat\u00e9gies en cons\u00e9quence pour maintenir et am\u00e9liorer le classement de votre site.<\/span><\/p>\n<p><b>Pouvez-vous travailler sur des sites web de toutes tailles et de tous secteurs?<\/b><\/p>\n<p><span style=\"font-weight: 400;\">Oui, notre expertise nous permet de travailler avec des entreprises de toutes tailles issues de divers secteurs, en adaptant nos strat\u00e9gies aux besoins sp\u00e9cifiques de chaque client.<\/span><\/p>\n<p>&nbsp;<\/p>\n<h2><b>Parlez-nous de votre projet<\/b><\/h2>\n<p><a href=\"https:\/\/ursa.marketing\/fr\/contact\/\">Discutez avec un expert en r\u00e9f\u00e9rencement naturel<\/a>\u00a0et d\u00e9couvrez comment Ursa Marketing peut aider votre entreprise \u00e0 d\u00e9passer ses objectifs.<\/p>\n<p>&nbsp;<\/p>\n","protected":false},"excerpt":{"rendered":"<p>Qu\u2019est-ce que le r\u00e9f\u00e9rencement SEO? Le r\u00e9f\u00e9rencement SEO (ou Search Engine Optimization) est l\u2019ensemble des techniques visant \u00e0 am\u00e9liorer la &hellip;<\/p>\n","protected":false},"author":2,"featured_media":0,"parent":9,"menu_order":0,"comment_status":"closed","ping_status":"closed","template":"template-service-first.php","meta":{"_acf_changed":false,"footnotes":""},"class_list":["post-141","page","type-page","status-publish","hentry"],"acf":[],"yoast_head":"<!-- This site is optimized with the Yoast SEO plugin v25.9 - https:\/\/yoast.com\/wordpress\/plugins\/seo\/ -->\n<title>Am\u00e9liorez votre R\u00e9f\u00e9rencement Naturel - Ursa Marketing<\/title>\n<meta name=\"description\" content=\"Augmentez vos ventes avec un r\u00e9f\u00e9rencement SEO optimis\u00e9. Nos experts Ursa Marketing \u00e9laborent des strat\u00e9gies efficaces pour am\u00e9liorer votre visibilit\u00e9 en ligne.\" \/>\n<meta name=\"robots\" content=\"index, follow, max-snippet:-1, max-image-preview:large, max-video-preview:-1\" \/>\n<link rel=\"canonical\" href=\"https:\/\/ursa.marketing\/fr\/tactique\/optimiser-votre-referencement-seo\/\" \/>\n<meta property=\"og:locale\" content=\"fr_FR\" \/>\n<meta property=\"og:type\" content=\"article\" \/>\n<meta property=\"og:title\" content=\"Am\u00e9liorez votre R\u00e9f\u00e9rencement Naturel - Ursa Marketing\" \/>\n<meta property=\"og:description\" content=\"Augmentez vos ventes avec un r\u00e9f\u00e9rencement SEO optimis\u00e9. Nos experts Ursa Marketing \u00e9laborent des strat\u00e9gies efficaces pour am\u00e9liorer votre visibilit\u00e9 en ligne.\" \/>\n<meta property=\"og:url\" content=\"https:\/\/ursa.marketing\/fr\/tactique\/optimiser-votre-referencement-seo\/\" \/>\n<meta property=\"og:site_name\" content=\"Ursa Marketing\" \/>\n<meta property=\"article:publisher\" content=\"https:\/\/www.facebook.com\/UrsaNumerique\/\" \/>\n<meta property=\"article:modified_time\" content=\"2024-11-11T20:50:53+00:00\" \/>\n<meta property=\"og:image\" content=\"https:\/\/ursa.marketing\/app\/uploads\/2018\/08\/URSA_fb_img.jpg\" \/>\n\t<meta property=\"og:image:width\" content=\"1200\" \/>\n\t<meta property=\"og:image:height\" content=\"627\" \/>\n\t<meta property=\"og:image:type\" content=\"image\/jpeg\" \/>\n<meta name=\"twitter:card\" content=\"summary_large_image\" \/>\n<meta name=\"twitter:label1\" content=\"Dur\u00e9e de lecture estim\u00e9e\" \/>\n\t<meta name=\"twitter:data1\" content=\"8 minutes\" \/>\n<script type=\"application\/ld+json\" class=\"yoast-schema-graph\">{\"@context\":\"https:\/\/schema.org\",\"@graph\":[{\"@type\":\"WebPage\",\"@id\":\"https:\/\/ursa.marketing\/fr\/tactique\/optimiser-votre-referencement-seo\/\",\"url\":\"https:\/\/ursa.marketing\/fr\/tactique\/optimiser-votre-referencement-seo\/\",\"name\":\"Am\u00e9liorez votre R\u00e9f\u00e9rencement Naturel - Ursa Marketing\",\"isPartOf\":{\"@id\":\"https:\/\/ursa.marketing\/fr\/#website\"},\"datePublished\":\"2017-11-13T15:23:08+00:00\",\"dateModified\":\"2024-11-11T20:50:53+00:00\",\"description\":\"Augmentez vos ventes avec un r\u00e9f\u00e9rencement SEO optimis\u00e9. Nos experts Ursa Marketing \u00e9laborent des strat\u00e9gies efficaces pour am\u00e9liorer votre visibilit\u00e9 en ligne.\",\"breadcrumb\":{\"@id\":\"https:\/\/ursa.marketing\/fr\/tactique\/optimiser-votre-referencement-seo\/#breadcrumb\"},\"inLanguage\":\"fr-FR\",\"potentialAction\":[{\"@type\":\"ReadAction\",\"target\":[\"https:\/\/ursa.marketing\/fr\/tactique\/optimiser-votre-referencement-seo\/\"]}]},{\"@type\":\"BreadcrumbList\",\"@id\":\"https:\/\/ursa.marketing\/fr\/tactique\/optimiser-votre-referencement-seo\/#breadcrumb\",\"itemListElement\":[{\"@type\":\"ListItem\",\"position\":1,\"name\":\"Home\",\"item\":\"https:\/\/ursa.marketing\/fr\/\"},{\"@type\":\"ListItem\",\"position\":2,\"name\":\"Marketing num\u00e9rique\",\"item\":\"https:\/\/ursa.marketing\/fr\/tactique\/\"},{\"@type\":\"ListItem\",\"position\":3,\"name\":\"Am\u00e9liorez votre R\u00e9f\u00e9rencement Naturel &#8211; Ursa Marketing\"}]},{\"@type\":\"WebSite\",\"@id\":\"https:\/\/ursa.marketing\/fr\/#website\",\"url\":\"https:\/\/ursa.marketing\/fr\/\",\"name\":\"Ursa Marketing\",\"description\":\"Votre Guide vers la r\u00e9ussite num\u00e9rique\",\"publisher\":{\"@id\":\"https:\/\/ursa.marketing\/fr\/#organization\"},\"potentialAction\":[{\"@type\":\"SearchAction\",\"target\":{\"@type\":\"EntryPoint\",\"urlTemplate\":\"https:\/\/ursa.marketing\/fr\/?s={search_term_string}\"},\"query-input\":{\"@type\":\"PropertyValueSpecification\",\"valueRequired\":true,\"valueName\":\"search_term_string\"}}],\"inLanguage\":\"fr-FR\"},{\"@type\":\"Organization\",\"@id\":\"https:\/\/ursa.marketing\/fr\/#organization\",\"name\":\"Ursa Marketing\",\"url\":\"https:\/\/ursa.marketing\/fr\/\",\"logo\":{\"@type\":\"ImageObject\",\"inLanguage\":\"fr-FR\",\"@id\":\"https:\/\/ursa.marketing\/fr\/#\/schema\/logo\/image\/\",\"url\":\"https:\/\/ursa.marketing\/app\/uploads\/2018\/08\/URSA_fb_img.jpg\",\"contentUrl\":\"https:\/\/ursa.marketing\/app\/uploads\/2018\/08\/URSA_fb_img.jpg\",\"width\":1200,\"height\":627,\"caption\":\"Ursa Marketing\"},\"image\":{\"@id\":\"https:\/\/ursa.marketing\/fr\/#\/schema\/logo\/image\/\"},\"sameAs\":[\"https:\/\/www.facebook.com\/UrsaNumerique\/\",\"https:\/\/www.linkedin.com\/company\/ursa-marketing\/\"]}]}<\/script>\n<!-- \/ Yoast SEO plugin. -->","yoast_head_json":{"title":"Am\u00e9liorez votre R\u00e9f\u00e9rencement Naturel - Ursa Marketing","description":"Augmentez vos ventes avec un r\u00e9f\u00e9rencement SEO optimis\u00e9. Nos experts Ursa Marketing \u00e9laborent des strat\u00e9gies efficaces pour am\u00e9liorer votre visibilit\u00e9 en ligne.","robots":{"index":"index","follow":"follow","max-snippet":"max-snippet:-1","max-image-preview":"max-image-preview:large","max-video-preview":"max-video-preview:-1"},"canonical":"https:\/\/ursa.marketing\/fr\/tactique\/optimiser-votre-referencement-seo\/","og_locale":"fr_FR","og_type":"article","og_title":"Am\u00e9liorez votre R\u00e9f\u00e9rencement Naturel - Ursa Marketing","og_description":"Augmentez vos ventes avec un r\u00e9f\u00e9rencement SEO optimis\u00e9. Nos experts Ursa Marketing \u00e9laborent des strat\u00e9gies efficaces pour am\u00e9liorer votre visibilit\u00e9 en ligne.","og_url":"https:\/\/ursa.marketing\/fr\/tactique\/optimiser-votre-referencement-seo\/","og_site_name":"Ursa Marketing","article_publisher":"https:\/\/www.facebook.com\/UrsaNumerique\/","article_modified_time":"2024-11-11T20:50:53+00:00","og_image":[{"width":1200,"height":627,"url":"https:\/\/ursa.marketing\/app\/uploads\/2018\/08\/URSA_fb_img.jpg","type":"image\/jpeg"}],"twitter_card":"summary_large_image","twitter_misc":{"Dur\u00e9e de lecture estim\u00e9e":"8 minutes"},"schema":{"@context":"https:\/\/schema.org","@graph":[{"@type":"WebPage","@id":"https:\/\/ursa.marketing\/fr\/tactique\/optimiser-votre-referencement-seo\/","url":"https:\/\/ursa.marketing\/fr\/tactique\/optimiser-votre-referencement-seo\/","name":"Am\u00e9liorez votre R\u00e9f\u00e9rencement Naturel - Ursa Marketing","isPartOf":{"@id":"https:\/\/ursa.marketing\/fr\/#website"},"datePublished":"2017-11-13T15:23:08+00:00","dateModified":"2024-11-11T20:50:53+00:00","description":"Augmentez vos ventes avec un r\u00e9f\u00e9rencement SEO optimis\u00e9. Nos experts Ursa Marketing \u00e9laborent des strat\u00e9gies efficaces pour am\u00e9liorer votre visibilit\u00e9 en ligne.","breadcrumb":{"@id":"https:\/\/ursa.marketing\/fr\/tactique\/optimiser-votre-referencement-seo\/#breadcrumb"},"inLanguage":"fr-FR","potentialAction":[{"@type":"ReadAction","target":["https:\/\/ursa.marketing\/fr\/tactique\/optimiser-votre-referencement-seo\/"]}]},{"@type":"BreadcrumbList","@id":"https:\/\/ursa.marketing\/fr\/tactique\/optimiser-votre-referencement-seo\/#breadcrumb","itemListElement":[{"@type":"ListItem","position":1,"name":"Home","item":"https:\/\/ursa.marketing\/fr\/"},{"@type":"ListItem","position":2,"name":"Marketing num\u00e9rique","item":"https:\/\/ursa.marketing\/fr\/tactique\/"},{"@type":"ListItem","position":3,"name":"Am\u00e9liorez votre R\u00e9f\u00e9rencement Naturel &#8211; Ursa Marketing"}]},{"@type":"WebSite","@id":"https:\/\/ursa.marketing\/fr\/#website","url":"https:\/\/ursa.marketing\/fr\/","name":"Ursa Marketing","description":"Votre Guide vers la r\u00e9ussite num\u00e9rique","publisher":{"@id":"https:\/\/ursa.marketing\/fr\/#organization"},"potentialAction":[{"@type":"SearchAction","target":{"@type":"EntryPoint","urlTemplate":"https:\/\/ursa.marketing\/fr\/?s={search_term_string}"},"query-input":{"@type":"PropertyValueSpecification","valueRequired":true,"valueName":"search_term_string"}}],"inLanguage":"fr-FR"},{"@type":"Organization","@id":"https:\/\/ursa.marketing\/fr\/#organization","name":"Ursa Marketing","url":"https:\/\/ursa.marketing\/fr\/","logo":{"@type":"ImageObject","inLanguage":"fr-FR","@id":"https:\/\/ursa.marketing\/fr\/#\/schema\/logo\/image\/","url":"https:\/\/ursa.marketing\/app\/uploads\/2018\/08\/URSA_fb_img.jpg","contentUrl":"https:\/\/ursa.marketing\/app\/uploads\/2018\/08\/URSA_fb_img.jpg","width":1200,"height":627,"caption":"Ursa Marketing"},"image":{"@id":"https:\/\/ursa.marketing\/fr\/#\/schema\/logo\/image\/"},"sameAs":["https:\/\/www.facebook.com\/UrsaNumerique\/","https:\/\/www.linkedin.com\/company\/ursa-marketing\/"]}]}},"_links":{"self":[{"href":"https:\/\/ursa.marketing\/fr\/wp-json\/wp\/v2\/pages\/141","targetHints":{"allow":["GET"]}}],"collection":[{"href":"https:\/\/ursa.marketing\/fr\/wp-json\/wp\/v2\/pages"}],"about":[{"href":"https:\/\/ursa.marketing\/fr\/wp-json\/wp\/v2\/types\/page"}],"author":[{"embeddable":true,"href":"https:\/\/ursa.marketing\/fr\/wp-json\/wp\/v2\/users\/2"}],"replies":[{"embeddable":true,"href":"https:\/\/ursa.marketing\/fr\/wp-json\/wp\/v2\/comments?post=141"}],"version-history":[{"count":57,"href":"https:\/\/ursa.marketing\/fr\/wp-json\/wp\/v2\/pages\/141\/revisions"}],"predecessor-version":[{"id":2867,"href":"https:\/\/ursa.marketing\/fr\/wp-json\/wp\/v2\/pages\/141\/revisions\/2867"}],"up":[{"embeddable":true,"href":"https:\/\/ursa.marketing\/fr\/wp-json\/wp\/v2\/pages\/9"}],"wp:attachment":[{"href":"https:\/\/ursa.marketing\/fr\/wp-json\/wp\/v2\/media?parent=141"}],"curies":[{"name":"wp","href":"https:\/\/api.w.org\/{rel}","templated":true}]}}