{"id":1196,"date":"2021-06-18T20:53:54","date_gmt":"2021-06-18T20:53:54","guid":{"rendered":"http:\/\/ursa.marketing\/?page_id=1196"},"modified":"2024-07-18T16:28:53","modified_gmt":"2024-07-18T16:28:53","slug":"specialiste-analytique-numerique","status":"publish","type":"page","link":"https:\/\/ursa.marketing\/fr\/carriere-marketing-numerique\/specialiste-analytique-numerique\/","title":{"rendered":"Sp\u00e9cialiste Analytique Num\u00e9rique"},"content":{"rendered":"<h2>Description du poste<\/h2>\n<p>Poste temps plein \u00e0 Saint-Jean-sur-Richelieu.<\/p>\n<p>Tu carbures aux d\u00e9fis et tu as le num\u00e9rique dans le sang? Chez Ursa Marketing, on recherche quelqu\u2019un comme toi!<\/p>\n<p>Ursa Marketing, c\u2019est une agence num\u00e9rique en pleine expansion : clients d\u2019envergure, mandats stimulants et solide performance. En plus, bye bye le trafic de Montr\u00e9al!<\/p>\n<p>Que demander de plus? Un salaire int\u00e9ressant et un horaire flexible? OK, on te les donne!<\/p>\n<p>En tant que <strong>sp\u00e9cialiste analytique num\u00e9rique<\/strong>, ton r\u00f4le sera de faire l\u2019implantation des outils de mesure de performance ainsi que d\u2019analyser les r\u00e9sultats et les opportunit\u00e9s d\u2019affaires pour tes clients. De plus, tu concevras et mettras en place des campagnes num\u00e9riques. Bref, tu seras l\u00e0 pour <strong>g\u00e9n\u00e9rer et analyser<\/strong> les r\u00e9sultats \u00e0 l\u2019aide d\u2019indicateurs de performance \u00e9tablis.<\/p>\n<p>Tes principales <strong>responsabilit\u00e9s<\/strong> seront les suivantes :<\/p>\n<ul>\n<li>Implanter des outils de mesure de performance sur le site web de tes clients<\/li>\n<li>Identifier et exploiter des opportunit\u00e9s d\u2019affaires<\/li>\n<li>Analyser et optimiser des campagnes num\u00e9riques<\/li>\n<li>D\u00e9ployer des campagnes num\u00e9riques selon les besoins de tes clients, et ce, sur plusieurs plateformes<\/li>\n<li>Assurer un suivi rigoureux aupr\u00e8s de chacun de tes clients et les conseiller avec justesse \u2013 c\u2019est notre marque de commerce!<\/li>\n<\/ul>\n<p>On s\u2019attend aussi \u00e0 ce que tu r\u00e9pondes \u00e0 ces <strong>exigences<\/strong> :<\/p>\n<ul>\n<li>Minimum de 3 ans d\u2019exp\u00e9rience dans un poste similaire<\/li>\n<li>Baccalaur\u00e9at en informatique, marketing ou tout autre domaine connexe<\/li>\n<li>Habilet\u00e9 avec l\u2019outil Google Tag Manager<\/li>\n<li>Compr\u00e9hension des diff\u00e9rents indicateurs de performance et du retour sur investissement<\/li>\n<li>Bonne connaissance du SEO<\/li>\n<li>Certification Google Ads (un atout)<\/li>\n<li>Certification Google Analytics (un atout)<\/li>\n<li>Ma\u00eetrise du fran\u00e7ais, tant \u00e0 l\u2019oral qu\u2019\u00e0 l\u2019\u00e9crit \u2013 bilinguisme essentiel<\/li>\n<\/ul>\n<p>On cherche aussi une personne sympathique qui partage nos <strong>valeurs<\/strong> :<\/p>\n<ul>\n<li>Esprit d\u2019\u00e9quipe<\/li>\n<li>Facilit\u00e9 de communication et courtoisie<\/li>\n<li>\u00c9thique et transparence<\/li>\n<li>Minutie et rigueur \u2013 on aime le travail bien fait!<\/li>\n<\/ul>\n<p>Alors, si tu penses avoir ce qu\u2019il faut pour devenir sp\u00e9cialiste analytique num\u00e9rique chez nous, envoie tout de suite ton CV! On a h\u00e2te de te lire!<\/p>\n<h2>Candidature en ligne<\/h2>\n\n<div class=\"wpcf7 no-js\" id=\"wpcf7-f884-o1\" lang=\"fr-FR\" dir=\"ltr\" data-wpcf7-id=\"884\">\n<div class=\"screen-reader-response\"><p role=\"status\" aria-live=\"polite\" aria-atomic=\"true\"><\/p> <ul><\/ul><\/div>\n<form action=\"\/fr\/wp-json\/wp\/v2\/pages\/1196#wpcf7-f884-o1\" method=\"post\" class=\"wpcf7-form init\" aria-label=\"Formulaire de contact\" enctype=\"multipart\/form-data\" novalidate=\"novalidate\" data-status=\"init\">\n<fieldset class=\"hidden-fields-container\"><input type=\"hidden\" name=\"_wpcf7\" value=\"884\" \/><input type=\"hidden\" name=\"_wpcf7_version\" value=\"6.1.1\" \/><input type=\"hidden\" name=\"_wpcf7_locale\" value=\"fr_FR\" \/><input type=\"hidden\" name=\"_wpcf7_unit_tag\" value=\"wpcf7-f884-o1\" \/><input type=\"hidden\" name=\"_wpcf7_container_post\" value=\"0\" \/><input type=\"hidden\" name=\"_wpcf7_posted_data_hash\" value=\"\" \/><input type=\"hidden\" name=\"_wpcf7_recaptcha_response\" value=\"\" \/>\n<\/fieldset>\n<p><label> Votre nom<br \/>\n<span class=\"wpcf7-form-control-wrap\" data-name=\"your-name\"><input size=\"40\" maxlength=\"400\" class=\"wpcf7-form-control wpcf7-text wpcf7-validates-as-required\" aria-required=\"true\" aria-invalid=\"false\" value=\"\" type=\"text\" name=\"your-name\" \/><\/span> <\/label>\n<\/p>\n<p><label> Votre adresse courriel<br \/>\n<span class=\"wpcf7-form-control-wrap\" data-name=\"your-email\"><input size=\"40\" maxlength=\"400\" class=\"wpcf7-form-control wpcf7-email wpcf7-validates-as-required wpcf7-text wpcf7-validates-as-email\" aria-required=\"true\" aria-invalid=\"false\" value=\"\" type=\"email\" name=\"your-email\" \/><\/span> <\/label>\n<\/p>\n<p><label> Votre t\u00e9l\u00e9phone<br \/>\n<span class=\"wpcf7-form-control-wrap\" data-name=\"phone\"><input size=\"40\" maxlength=\"400\" class=\"wpcf7-form-control wpcf7-tel wpcf7-validates-as-required wpcf7-text wpcf7-validates-as-tel\" aria-required=\"true\" aria-invalid=\"false\" value=\"\" type=\"tel\" name=\"phone\" \/><\/span> <\/label>\n<\/p>\n<p><label> Votre message<br \/>\n<span class=\"wpcf7-form-control-wrap\" data-name=\"your-message\"><textarea cols=\"40\" rows=\"10\" maxlength=\"2000\" class=\"wpcf7-form-control wpcf7-textarea wpcf7-validates-as-required\" aria-required=\"true\" aria-invalid=\"false\" name=\"your-message\"><\/textarea><\/span> <\/label>\n<\/p>\n<p><label> Votre CV<br \/>\n<span class=\"wpcf7-form-control-wrap\" data-name=\"cv\"><input size=\"40\" class=\"wpcf7-form-control wpcf7-file wpcf7-validates-as-required\" accept=\".pdf,.txt,.doc\" aria-required=\"true\" aria-invalid=\"false\" type=\"file\" name=\"cv\" \/><\/span><br \/>\n<input class=\"wpcf7-form-control wpcf7-submit has-spinner\" type=\"submit\" value=\"Envoyer\" \/><\/label>\n<\/p><p style=\"display: none !important;\" class=\"akismet-fields-container\" data-prefix=\"_wpcf7_ak_\"><label>&#916;<textarea name=\"_wpcf7_ak_hp_textarea\" cols=\"45\" rows=\"8\" maxlength=\"100\"><\/textarea><\/label><input type=\"hidden\" id=\"ak_js_1\" name=\"_wpcf7_ak_js\" value=\"23\"\/><script>document.getElementById( \"ak_js_1\" ).setAttribute( \"value\", ( new Date() ).getTime() );<\/script><\/p><div class=\"wpcf7-response-output\" aria-hidden=\"true\"><\/div>\n<\/form>\n<\/div>\n\n","protected":false},"excerpt":{"rendered":"<p>Description du poste Poste temps plein \u00e0 Saint-Jean-sur-Richelieu. Tu carbures aux d\u00e9fis et tu as le num\u00e9rique dans le sang? &hellip;<\/p>\n","protected":false},"author":1,"featured_media":0,"parent":877,"menu_order":0,"comment_status":"closed","ping_status":"closed","template":"","meta":{"_acf_changed":false,"footnotes":""},"class_list":["post-1196","page","type-page","status-publish","hentry"],"acf":[],"yoast_head":"<!-- This site is optimized with the Yoast SEO plugin v25.9 - https:\/\/yoast.com\/wordpress\/plugins\/seo\/ -->\n<title>Sp\u00e9cialiste Analytique Num\u00e9rique | offre d&#039;emploi<\/title>\n<meta name=\"description\" content=\"\u00c0 la recherche de nouveaux d\u00e9fis? Nous recherchons un sp\u00e9cialiste analytique num\u00e9rique. Pr\u00e9pares ton CV et envoie-le nous, nous avons h\u00e2te de te rencontrer.\" \/>\n<meta name=\"robots\" content=\"index, follow, max-snippet:-1, max-image-preview:large, max-video-preview:-1\" \/>\n<link rel=\"canonical\" href=\"https:\/\/ursa.marketing\/fr\/carriere-marketing-numerique\/specialiste-analytique-numerique\/\" \/>\n<meta property=\"og:locale\" content=\"fr_FR\" \/>\n<meta property=\"og:type\" content=\"article\" \/>\n<meta property=\"og:title\" content=\"Sp\u00e9cialiste Analytique Num\u00e9rique | offre d&#039;emploi\" \/>\n<meta property=\"og:description\" content=\"\u00c0 la recherche de nouveaux d\u00e9fis? Nous recherchons un sp\u00e9cialiste analytique num\u00e9rique. Pr\u00e9pares ton CV et envoie-le nous, nous avons h\u00e2te de te rencontrer.\" \/>\n<meta property=\"og:url\" content=\"https:\/\/ursa.marketing\/fr\/carriere-marketing-numerique\/specialiste-analytique-numerique\/\" \/>\n<meta property=\"og:site_name\" content=\"Ursa Marketing\" \/>\n<meta property=\"article:publisher\" content=\"https:\/\/www.facebook.com\/UrsaNumerique\/\" \/>\n<meta property=\"article:modified_time\" content=\"2024-07-18T16:28:53+00:00\" \/>\n<meta property=\"og:image\" content=\"https:\/\/ursa.marketing\/app\/uploads\/2018\/08\/URSA_fb_img.jpg\" \/>\n\t<meta property=\"og:image:width\" content=\"1200\" \/>\n\t<meta property=\"og:image:height\" content=\"627\" \/>\n\t<meta property=\"og:image:type\" content=\"image\/jpeg\" \/>\n<meta name=\"twitter:card\" content=\"summary_large_image\" \/>\n<meta name=\"twitter:label1\" content=\"Dur\u00e9e de lecture estim\u00e9e\" \/>\n\t<meta name=\"twitter:data1\" content=\"2 minutes\" \/>\n<script type=\"application\/ld+json\" class=\"yoast-schema-graph\">{\"@context\":\"https:\/\/schema.org\",\"@graph\":[{\"@type\":\"WebPage\",\"@id\":\"https:\/\/ursa.marketing\/fr\/carriere-marketing-numerique\/specialiste-analytique-numerique\/\",\"url\":\"https:\/\/ursa.marketing\/fr\/carriere-marketing-numerique\/specialiste-analytique-numerique\/\",\"name\":\"Sp\u00e9cialiste Analytique Num\u00e9rique | offre d'emploi\",\"isPartOf\":{\"@id\":\"https:\/\/ursa.marketing\/fr\/#website\"},\"datePublished\":\"2021-06-18T20:53:54+00:00\",\"dateModified\":\"2024-07-18T16:28:53+00:00\",\"description\":\"\u00c0 la recherche de nouveaux d\u00e9fis? Nous recherchons un sp\u00e9cialiste analytique num\u00e9rique. Pr\u00e9pares ton CV et envoie-le nous, nous avons h\u00e2te de te rencontrer.\",\"breadcrumb\":{\"@id\":\"https:\/\/ursa.marketing\/fr\/carriere-marketing-numerique\/specialiste-analytique-numerique\/#breadcrumb\"},\"inLanguage\":\"fr-FR\",\"potentialAction\":[{\"@type\":\"ReadAction\",\"target\":[\"https:\/\/ursa.marketing\/fr\/carriere-marketing-numerique\/specialiste-analytique-numerique\/\"]}]},{\"@type\":\"BreadcrumbList\",\"@id\":\"https:\/\/ursa.marketing\/fr\/carriere-marketing-numerique\/specialiste-analytique-numerique\/#breadcrumb\",\"itemListElement\":[{\"@type\":\"ListItem\",\"position\":1,\"name\":\"Home\",\"item\":\"https:\/\/ursa.marketing\/fr\/\"},{\"@type\":\"ListItem\",\"position\":2,\"name\":\"Carri\u00e8re en marketing num\u00e9rique\",\"item\":\"https:\/\/ursa.marketing\/fr\/carriere-marketing-numerique\/\"},{\"@type\":\"ListItem\",\"position\":3,\"name\":\"Sp\u00e9cialiste Analytique Num\u00e9rique\"}]},{\"@type\":\"WebSite\",\"@id\":\"https:\/\/ursa.marketing\/fr\/#website\",\"url\":\"https:\/\/ursa.marketing\/fr\/\",\"name\":\"Ursa Marketing\",\"description\":\"Votre Guide vers la r\u00e9ussite num\u00e9rique\",\"publisher\":{\"@id\":\"https:\/\/ursa.marketing\/fr\/#organization\"},\"potentialAction\":[{\"@type\":\"SearchAction\",\"target\":{\"@type\":\"EntryPoint\",\"urlTemplate\":\"https:\/\/ursa.marketing\/fr\/?s={search_term_string}\"},\"query-input\":{\"@type\":\"PropertyValueSpecification\",\"valueRequired\":true,\"valueName\":\"search_term_string\"}}],\"inLanguage\":\"fr-FR\"},{\"@type\":\"Organization\",\"@id\":\"https:\/\/ursa.marketing\/fr\/#organization\",\"name\":\"Ursa Marketing\",\"url\":\"https:\/\/ursa.marketing\/fr\/\",\"logo\":{\"@type\":\"ImageObject\",\"inLanguage\":\"fr-FR\",\"@id\":\"https:\/\/ursa.marketing\/fr\/#\/schema\/logo\/image\/\",\"url\":\"https:\/\/ursa.marketing\/app\/uploads\/2018\/08\/URSA_fb_img.jpg\",\"contentUrl\":\"https:\/\/ursa.marketing\/app\/uploads\/2018\/08\/URSA_fb_img.jpg\",\"width\":1200,\"height\":627,\"caption\":\"Ursa Marketing\"},\"image\":{\"@id\":\"https:\/\/ursa.marketing\/fr\/#\/schema\/logo\/image\/\"},\"sameAs\":[\"https:\/\/www.facebook.com\/UrsaNumerique\/\",\"https:\/\/www.linkedin.com\/company\/ursa-marketing\/\"]}]}<\/script>\n<!-- \/ Yoast SEO plugin. -->","yoast_head_json":{"title":"Sp\u00e9cialiste Analytique Num\u00e9rique | offre d'emploi","description":"\u00c0 la recherche de nouveaux d\u00e9fis? Nous recherchons un sp\u00e9cialiste analytique num\u00e9rique. Pr\u00e9pares ton CV et envoie-le nous, nous avons h\u00e2te de te rencontrer.","robots":{"index":"index","follow":"follow","max-snippet":"max-snippet:-1","max-image-preview":"max-image-preview:large","max-video-preview":"max-video-preview:-1"},"canonical":"https:\/\/ursa.marketing\/fr\/carriere-marketing-numerique\/specialiste-analytique-numerique\/","og_locale":"fr_FR","og_type":"article","og_title":"Sp\u00e9cialiste Analytique Num\u00e9rique | offre d'emploi","og_description":"\u00c0 la recherche de nouveaux d\u00e9fis? Nous recherchons un sp\u00e9cialiste analytique num\u00e9rique. Pr\u00e9pares ton CV et envoie-le nous, nous avons h\u00e2te de te rencontrer.","og_url":"https:\/\/ursa.marketing\/fr\/carriere-marketing-numerique\/specialiste-analytique-numerique\/","og_site_name":"Ursa Marketing","article_publisher":"https:\/\/www.facebook.com\/UrsaNumerique\/","article_modified_time":"2024-07-18T16:28:53+00:00","og_image":[{"width":1200,"height":627,"url":"https:\/\/ursa.marketing\/app\/uploads\/2018\/08\/URSA_fb_img.jpg","type":"image\/jpeg"}],"twitter_card":"summary_large_image","twitter_misc":{"Dur\u00e9e de lecture estim\u00e9e":"2 minutes"},"schema":{"@context":"https:\/\/schema.org","@graph":[{"@type":"WebPage","@id":"https:\/\/ursa.marketing\/fr\/carriere-marketing-numerique\/specialiste-analytique-numerique\/","url":"https:\/\/ursa.marketing\/fr\/carriere-marketing-numerique\/specialiste-analytique-numerique\/","name":"Sp\u00e9cialiste Analytique Num\u00e9rique | offre d'emploi","isPartOf":{"@id":"https:\/\/ursa.marketing\/fr\/#website"},"datePublished":"2021-06-18T20:53:54+00:00","dateModified":"2024-07-18T16:28:53+00:00","description":"\u00c0 la recherche de nouveaux d\u00e9fis? Nous recherchons un sp\u00e9cialiste analytique num\u00e9rique. Pr\u00e9pares ton CV et envoie-le nous, nous avons h\u00e2te de te rencontrer.","breadcrumb":{"@id":"https:\/\/ursa.marketing\/fr\/carriere-marketing-numerique\/specialiste-analytique-numerique\/#breadcrumb"},"inLanguage":"fr-FR","potentialAction":[{"@type":"ReadAction","target":["https:\/\/ursa.marketing\/fr\/carriere-marketing-numerique\/specialiste-analytique-numerique\/"]}]},{"@type":"BreadcrumbList","@id":"https:\/\/ursa.marketing\/fr\/carriere-marketing-numerique\/specialiste-analytique-numerique\/#breadcrumb","itemListElement":[{"@type":"ListItem","position":1,"name":"Home","item":"https:\/\/ursa.marketing\/fr\/"},{"@type":"ListItem","position":2,"name":"Carri\u00e8re en marketing num\u00e9rique","item":"https:\/\/ursa.marketing\/fr\/carriere-marketing-numerique\/"},{"@type":"ListItem","position":3,"name":"Sp\u00e9cialiste Analytique Num\u00e9rique"}]},{"@type":"WebSite","@id":"https:\/\/ursa.marketing\/fr\/#website","url":"https:\/\/ursa.marketing\/fr\/","name":"Ursa Marketing","description":"Votre Guide vers la r\u00e9ussite num\u00e9rique","publisher":{"@id":"https:\/\/ursa.marketing\/fr\/#organization"},"potentialAction":[{"@type":"SearchAction","target":{"@type":"EntryPoint","urlTemplate":"https:\/\/ursa.marketing\/fr\/?s={search_term_string}"},"query-input":{"@type":"PropertyValueSpecification","valueRequired":true,"valueName":"search_term_string"}}],"inLanguage":"fr-FR"},{"@type":"Organization","@id":"https:\/\/ursa.marketing\/fr\/#organization","name":"Ursa Marketing","url":"https:\/\/ursa.marketing\/fr\/","logo":{"@type":"ImageObject","inLanguage":"fr-FR","@id":"https:\/\/ursa.marketing\/fr\/#\/schema\/logo\/image\/","url":"https:\/\/ursa.marketing\/app\/uploads\/2018\/08\/URSA_fb_img.jpg","contentUrl":"https:\/\/ursa.marketing\/app\/uploads\/2018\/08\/URSA_fb_img.jpg","width":1200,"height":627,"caption":"Ursa Marketing"},"image":{"@id":"https:\/\/ursa.marketing\/fr\/#\/schema\/logo\/image\/"},"sameAs":["https:\/\/www.facebook.com\/UrsaNumerique\/","https:\/\/www.linkedin.com\/company\/ursa-marketing\/"]}]}},"_links":{"self":[{"href":"https:\/\/ursa.marketing\/fr\/wp-json\/wp\/v2\/pages\/1196","targetHints":{"allow":["GET"]}}],"collection":[{"href":"https:\/\/ursa.marketing\/fr\/wp-json\/wp\/v2\/pages"}],"about":[{"href":"https:\/\/ursa.marketing\/fr\/wp-json\/wp\/v2\/types\/page"}],"author":[{"embeddable":true,"href":"https:\/\/ursa.marketing\/fr\/wp-json\/wp\/v2\/users\/1"}],"replies":[{"embeddable":true,"href":"https:\/\/ursa.marketing\/fr\/wp-json\/wp\/v2\/comments?post=1196"}],"version-history":[{"count":1,"href":"https:\/\/ursa.marketing\/fr\/wp-json\/wp\/v2\/pages\/1196\/revisions"}],"predecessor-version":[{"id":1197,"href":"https:\/\/ursa.marketing\/fr\/wp-json\/wp\/v2\/pages\/1196\/revisions\/1197"}],"up":[{"embeddable":true,"href":"https:\/\/ursa.marketing\/fr\/wp-json\/wp\/v2\/pages\/877"}],"wp:attachment":[{"href":"https:\/\/ursa.marketing\/fr\/wp-json\/wp\/v2\/media?parent=1196"}],"curies":[{"name":"wp","href":"https:\/\/api.w.org\/{rel}","templated":true}]}}