{"id":114,"date":"2017-11-07T16:47:44","date_gmt":"2017-11-07T16:47:44","guid":{"rendered":"http:\/\/ursa.marketing\/?page_id=114"},"modified":"2022-02-11T21:01:06","modified_gmt":"2022-02-11T21:01:06","slug":"formation-google-analytics-intermediaire","status":"publish","type":"page","link":"https:\/\/ursa.marketing\/fr\/tactique\/formation\/formation-google-analytics-intermediaire\/","title":{"rendered":"Formation Google Analytics &#8211; Interm\u00e9diaire"},"content":{"rendered":"<p><strong>Objectif de la formation:<\/strong><br \/>\nComprendre en d\u00e9tail le fonctionnement de Google Analytics afin de l&rsquo;implanter et de l&rsquo;utiliser. Cette formation peut servir de pr\u00e9paration en vue d&rsquo;obtenir une certification Google Analytics.<\/p>\n<p><strong>Public cible:<\/strong><br \/>\nCette formation s\u2019adresse aux personnes qui aimeraient perfectionner leurs connaissances dans Google Analytics. \u00c0 la fin de cette formation, vous aurez les connaissances n\u00e9cessaires pour r\u00e9ussir l&rsquo;examen de certification Google Analytics.<\/p>\n<p><strong>Description:<br \/>\n<\/strong>Pour \u00eatre en mesure d&rsquo;am\u00e9liorer ses r\u00e9sultats, il faut tout d&rsquo;abord pouvoir les mesurer. Google Analytics est un outil tr\u00e8s efficace pour bien mesurer la performance de votre site web. En effet, cet outil offert par Google permet de mieux comprendre l&rsquo;utilisation de votre site web. Vous pouvez vous servir de cette information pour ensuite <strong>optimiser votre pr\u00e9sence en ligne<\/strong>.<\/p>\n<p>Cette formation couvre deux parties.<\/p>\n<br \/>\n<ol>\n<li>\n<h2>Impl\u00e9mentation Google Analytics :<\/h2>\n<ul>\n<li>Rappel : Fonctionnement des cookies<\/li>\n<li>Dimensions personnalis\u00e9es<\/li>\n<li>M\u00e9triques personnalis\u00e9es<\/li>\n<li>Configuration des filtres<\/li>\n<li>Suivi d&rsquo;un visiteur sur plus d&rsquo;un domaine (cross domain tracking)<\/li>\n<li>Suivi du commerce \u00e9lectronique (<em>enhanced ecommerce<\/em>)<\/li>\n<li>Int\u00e9gration Google Ads et audience <em>remarketing<\/em><\/li>\n<\/ul>\n<\/li>\n<li>\n<h2>Utilisation avanc\u00e9e de Google Analytics<\/h2>\n<ul>\n<li>Utilisation avanc\u00e9e des segments<\/li>\n<li>API pour extraire les donn\u00e9es<\/li>\n<li>Tableaux de bord : Introduction \u00e0 Google Data Studio<\/li>\n<li>Attribution de la conversion<\/li>\n<\/ul>\n<\/li>\n<\/ol>\n<p>&nbsp;<\/p>\n","protected":false},"excerpt":{"rendered":"<p>Objectif de la formation: Comprendre en d\u00e9tail le fonctionnement de Google Analytics afin de l&rsquo;implanter et de l&rsquo;utiliser. Cette formation &hellip;<\/p>\n","protected":false},"author":1,"featured_media":0,"parent":13,"menu_order":0,"comment_status":"closed","ping_status":"closed","template":"template-service-first.php","meta":{"_acf_changed":false,"footnotes":""},"class_list":["post-114","page","type-page","status-publish","hentry"],"acf":[],"yoast_head":"<!-- This site is optimized with the Yoast SEO plugin v25.9 - https:\/\/yoast.com\/wordpress\/plugins\/seo\/ -->\n<title>Formation Google Analytics | Interm\u00e9diaire | Ursa Marketing<\/title>\n<meta name=\"description\" content=\"Cette formation pour interm\u00e9diaire, s&#039;adresse aux personnes d\u00e9sirant perfectionner leurs connaissances ou obtenir une certification Google Analytics.\" \/>\n<meta name=\"robots\" content=\"index, follow, max-snippet:-1, max-image-preview:large, max-video-preview:-1\" \/>\n<link rel=\"canonical\" href=\"https:\/\/ursa.marketing\/fr\/tactique\/formation\/formation-google-analytics-intermediaire\/\" \/>\n<meta property=\"og:locale\" content=\"fr_FR\" \/>\n<meta property=\"og:type\" content=\"article\" \/>\n<meta property=\"og:title\" content=\"Formation Google Analytics | Interm\u00e9diaire | Ursa Marketing\" \/>\n<meta property=\"og:description\" content=\"Cette formation pour interm\u00e9diaire, s&#039;adresse aux personnes d\u00e9sirant perfectionner leurs connaissances ou obtenir une certification Google Analytics.\" \/>\n<meta property=\"og:url\" content=\"https:\/\/ursa.marketing\/fr\/tactique\/formation\/formation-google-analytics-intermediaire\/\" \/>\n<meta property=\"og:site_name\" content=\"Ursa Marketing\" \/>\n<meta property=\"article:publisher\" content=\"https:\/\/www.facebook.com\/UrsaNumerique\/\" \/>\n<meta property=\"article:modified_time\" content=\"2022-02-11T21:01:06+00:00\" \/>\n<meta property=\"og:image\" content=\"https:\/\/ursa.marketing\/app\/uploads\/2018\/08\/URSA_fb_img.jpg\" \/>\n\t<meta property=\"og:image:width\" content=\"1200\" \/>\n\t<meta property=\"og:image:height\" content=\"627\" \/>\n\t<meta property=\"og:image:type\" content=\"image\/jpeg\" \/>\n<meta name=\"twitter:card\" content=\"summary_large_image\" \/>\n<meta name=\"twitter:label1\" content=\"Dur\u00e9e de lecture estim\u00e9e\" \/>\n\t<meta name=\"twitter:data1\" content=\"1 minute\" \/>\n<script type=\"application\/ld+json\" class=\"yoast-schema-graph\">{\"@context\":\"https:\/\/schema.org\",\"@graph\":[{\"@type\":\"WebPage\",\"@id\":\"https:\/\/ursa.marketing\/fr\/tactique\/formation\/formation-google-analytics-intermediaire\/\",\"url\":\"https:\/\/ursa.marketing\/fr\/tactique\/formation\/formation-google-analytics-intermediaire\/\",\"name\":\"Formation Google Analytics | Interm\u00e9diaire | Ursa Marketing\",\"isPartOf\":{\"@id\":\"https:\/\/ursa.marketing\/fr\/#website\"},\"datePublished\":\"2017-11-07T16:47:44+00:00\",\"dateModified\":\"2022-02-11T21:01:06+00:00\",\"description\":\"Cette formation pour interm\u00e9diaire, s'adresse aux personnes d\u00e9sirant perfectionner leurs connaissances ou obtenir une certification Google Analytics.\",\"breadcrumb\":{\"@id\":\"https:\/\/ursa.marketing\/fr\/tactique\/formation\/formation-google-analytics-intermediaire\/#breadcrumb\"},\"inLanguage\":\"fr-FR\",\"potentialAction\":[{\"@type\":\"ReadAction\",\"target\":[\"https:\/\/ursa.marketing\/fr\/tactique\/formation\/formation-google-analytics-intermediaire\/\"]}]},{\"@type\":\"BreadcrumbList\",\"@id\":\"https:\/\/ursa.marketing\/fr\/tactique\/formation\/formation-google-analytics-intermediaire\/#breadcrumb\",\"itemListElement\":[{\"@type\":\"ListItem\",\"position\":1,\"name\":\"Home\",\"item\":\"https:\/\/ursa.marketing\/fr\/\"},{\"@type\":\"ListItem\",\"position\":2,\"name\":\"Marketing num\u00e9rique\",\"item\":\"https:\/\/ursa.marketing\/fr\/tactique\/\"},{\"@type\":\"ListItem\",\"position\":3,\"name\":\"Formation en entreprise\",\"item\":\"https:\/\/ursa.marketing\/fr\/tactique\/formation\/\"},{\"@type\":\"ListItem\",\"position\":4,\"name\":\"Formation Google Analytics &#8211; Interm\u00e9diaire\"}]},{\"@type\":\"WebSite\",\"@id\":\"https:\/\/ursa.marketing\/fr\/#website\",\"url\":\"https:\/\/ursa.marketing\/fr\/\",\"name\":\"Ursa Marketing\",\"description\":\"Votre Guide vers la r\u00e9ussite num\u00e9rique\",\"publisher\":{\"@id\":\"https:\/\/ursa.marketing\/fr\/#organization\"},\"potentialAction\":[{\"@type\":\"SearchAction\",\"target\":{\"@type\":\"EntryPoint\",\"urlTemplate\":\"https:\/\/ursa.marketing\/fr\/?s={search_term_string}\"},\"query-input\":{\"@type\":\"PropertyValueSpecification\",\"valueRequired\":true,\"valueName\":\"search_term_string\"}}],\"inLanguage\":\"fr-FR\"},{\"@type\":\"Organization\",\"@id\":\"https:\/\/ursa.marketing\/fr\/#organization\",\"name\":\"Ursa Marketing\",\"url\":\"https:\/\/ursa.marketing\/fr\/\",\"logo\":{\"@type\":\"ImageObject\",\"inLanguage\":\"fr-FR\",\"@id\":\"https:\/\/ursa.marketing\/fr\/#\/schema\/logo\/image\/\",\"url\":\"https:\/\/ursa.marketing\/app\/uploads\/2018\/08\/URSA_fb_img.jpg\",\"contentUrl\":\"https:\/\/ursa.marketing\/app\/uploads\/2018\/08\/URSA_fb_img.jpg\",\"width\":1200,\"height\":627,\"caption\":\"Ursa Marketing\"},\"image\":{\"@id\":\"https:\/\/ursa.marketing\/fr\/#\/schema\/logo\/image\/\"},\"sameAs\":[\"https:\/\/www.facebook.com\/UrsaNumerique\/\",\"https:\/\/www.linkedin.com\/company\/ursa-marketing\/\"]}]}<\/script>\n<!-- \/ Yoast SEO plugin. -->","yoast_head_json":{"title":"Formation Google Analytics | Interm\u00e9diaire | Ursa Marketing","description":"Cette formation pour interm\u00e9diaire, s'adresse aux personnes d\u00e9sirant perfectionner leurs connaissances ou obtenir une certification Google Analytics.","robots":{"index":"index","follow":"follow","max-snippet":"max-snippet:-1","max-image-preview":"max-image-preview:large","max-video-preview":"max-video-preview:-1"},"canonical":"https:\/\/ursa.marketing\/fr\/tactique\/formation\/formation-google-analytics-intermediaire\/","og_locale":"fr_FR","og_type":"article","og_title":"Formation Google Analytics | Interm\u00e9diaire | Ursa Marketing","og_description":"Cette formation pour interm\u00e9diaire, s'adresse aux personnes d\u00e9sirant perfectionner leurs connaissances ou obtenir une certification Google Analytics.","og_url":"https:\/\/ursa.marketing\/fr\/tactique\/formation\/formation-google-analytics-intermediaire\/","og_site_name":"Ursa Marketing","article_publisher":"https:\/\/www.facebook.com\/UrsaNumerique\/","article_modified_time":"2022-02-11T21:01:06+00:00","og_image":[{"width":1200,"height":627,"url":"https:\/\/ursa.marketing\/app\/uploads\/2018\/08\/URSA_fb_img.jpg","type":"image\/jpeg"}],"twitter_card":"summary_large_image","twitter_misc":{"Dur\u00e9e de lecture estim\u00e9e":"1 minute"},"schema":{"@context":"https:\/\/schema.org","@graph":[{"@type":"WebPage","@id":"https:\/\/ursa.marketing\/fr\/tactique\/formation\/formation-google-analytics-intermediaire\/","url":"https:\/\/ursa.marketing\/fr\/tactique\/formation\/formation-google-analytics-intermediaire\/","name":"Formation Google Analytics | Interm\u00e9diaire | Ursa Marketing","isPartOf":{"@id":"https:\/\/ursa.marketing\/fr\/#website"},"datePublished":"2017-11-07T16:47:44+00:00","dateModified":"2022-02-11T21:01:06+00:00","description":"Cette formation pour interm\u00e9diaire, s'adresse aux personnes d\u00e9sirant perfectionner leurs connaissances ou obtenir une certification Google Analytics.","breadcrumb":{"@id":"https:\/\/ursa.marketing\/fr\/tactique\/formation\/formation-google-analytics-intermediaire\/#breadcrumb"},"inLanguage":"fr-FR","potentialAction":[{"@type":"ReadAction","target":["https:\/\/ursa.marketing\/fr\/tactique\/formation\/formation-google-analytics-intermediaire\/"]}]},{"@type":"BreadcrumbList","@id":"https:\/\/ursa.marketing\/fr\/tactique\/formation\/formation-google-analytics-intermediaire\/#breadcrumb","itemListElement":[{"@type":"ListItem","position":1,"name":"Home","item":"https:\/\/ursa.marketing\/fr\/"},{"@type":"ListItem","position":2,"name":"Marketing num\u00e9rique","item":"https:\/\/ursa.marketing\/fr\/tactique\/"},{"@type":"ListItem","position":3,"name":"Formation en entreprise","item":"https:\/\/ursa.marketing\/fr\/tactique\/formation\/"},{"@type":"ListItem","position":4,"name":"Formation Google Analytics &#8211; Interm\u00e9diaire"}]},{"@type":"WebSite","@id":"https:\/\/ursa.marketing\/fr\/#website","url":"https:\/\/ursa.marketing\/fr\/","name":"Ursa Marketing","description":"Votre Guide vers la r\u00e9ussite num\u00e9rique","publisher":{"@id":"https:\/\/ursa.marketing\/fr\/#organization"},"potentialAction":[{"@type":"SearchAction","target":{"@type":"EntryPoint","urlTemplate":"https:\/\/ursa.marketing\/fr\/?s={search_term_string}"},"query-input":{"@type":"PropertyValueSpecification","valueRequired":true,"valueName":"search_term_string"}}],"inLanguage":"fr-FR"},{"@type":"Organization","@id":"https:\/\/ursa.marketing\/fr\/#organization","name":"Ursa Marketing","url":"https:\/\/ursa.marketing\/fr\/","logo":{"@type":"ImageObject","inLanguage":"fr-FR","@id":"https:\/\/ursa.marketing\/fr\/#\/schema\/logo\/image\/","url":"https:\/\/ursa.marketing\/app\/uploads\/2018\/08\/URSA_fb_img.jpg","contentUrl":"https:\/\/ursa.marketing\/app\/uploads\/2018\/08\/URSA_fb_img.jpg","width":1200,"height":627,"caption":"Ursa Marketing"},"image":{"@id":"https:\/\/ursa.marketing\/fr\/#\/schema\/logo\/image\/"},"sameAs":["https:\/\/www.facebook.com\/UrsaNumerique\/","https:\/\/www.linkedin.com\/company\/ursa-marketing\/"]}]}},"_links":{"self":[{"href":"https:\/\/ursa.marketing\/fr\/wp-json\/wp\/v2\/pages\/114","targetHints":{"allow":["GET"]}}],"collection":[{"href":"https:\/\/ursa.marketing\/fr\/wp-json\/wp\/v2\/pages"}],"about":[{"href":"https:\/\/ursa.marketing\/fr\/wp-json\/wp\/v2\/types\/page"}],"author":[{"embeddable":true,"href":"https:\/\/ursa.marketing\/fr\/wp-json\/wp\/v2\/users\/1"}],"replies":[{"embeddable":true,"href":"https:\/\/ursa.marketing\/fr\/wp-json\/wp\/v2\/comments?post=114"}],"version-history":[{"count":13,"href":"https:\/\/ursa.marketing\/fr\/wp-json\/wp\/v2\/pages\/114\/revisions"}],"predecessor-version":[{"id":960,"href":"https:\/\/ursa.marketing\/fr\/wp-json\/wp\/v2\/pages\/114\/revisions\/960"}],"up":[{"embeddable":true,"href":"https:\/\/ursa.marketing\/fr\/wp-json\/wp\/v2\/pages\/13"}],"wp:attachment":[{"href":"https:\/\/ursa.marketing\/fr\/wp-json\/wp\/v2\/media?parent=114"}],"curies":[{"name":"wp","href":"https:\/\/api.w.org\/{rel}","templated":true}]}}